{"id":7779,"date":"2017-05-10T13:44:10","date_gmt":"2017-05-10T11:44:10","guid":{"rendered":"https:\/\/webstore4.com\/\/?product=dahua-asr1100b-mifare-kaartlezer-voor-binnen-en-buiten-wiegand-rs485"},"modified":"2024-04-19T15:03:52","modified_gmt":"2024-04-19T14:03:52","slug":"dahua-asr1100b-mifare-kaartlezer-voor-binnen-en-buiten-wiegand-rs485","status":"publish","type":"product","link":"https:\/\/webstore4.com\/de\/product\/dahua-asr1100b-mifare-kaartlezer-voor-binnen-en-buiten-wiegand-rs485\/","title":{"rendered":"Dahua ASR1100B Mifare-Kartenleser f\u00fcr den Innen- und Au\u00dfenbereich Wiegand RS485"},"content":{"rendered":"<p>Der Dahua ASR1100B ist ein Mifare-Kartenleser mit RS485-Protokollausgang, der f\u00fcr den Innen- und Au\u00dfenbereich geeignet ist. Die Zugangskontrolle erfolgt \u00fcber eine Mifare-Proximity-Karte oder einen Mifare-Tag. Der Dahua ASR1100B ist ideal f\u00fcr den Einsatz in H\u00e4usern, Mehrfamilienh\u00e4usern, Gesch\u00e4ftsr\u00e4umen und B\u00fcros.<\/p>\n<p><strong>M\u00f6glichkeiten<\/strong><\/p>\n<p>De Dahua ASR1100B beschikt over communicatie over het RS485 protocol en Wiegand 26\/34. Er is afzonderlijke controller nodig. De Dahua Mifare kaartlezer kan via een Dahua access controller worden beheerd via de gratis SmartPSS Dahua software op een Windows PC.<\/p>\n<p>De reader is eenvoudig zelf te installeren. De Dahua ASR1100B kan worden gevoed door de niet meegeleverde controller. Geschikte controllers zijn te vinden en te bestellen onder het tabblad &#8216;Opties&#8217;. Onder het tabblad &#8216;Documentatie&#8217; staat een link naar de website van de fabrikant met onder meer de datasheet en handleiding (tabblad &#8220;Download&#8221;).<\/p>\n<p><strong>Wichtigste Funktionen<\/strong><\/p>\n<ul>\n<li>Geeignet f\u00fcr den Au\u00dfenbereich IP67<\/li>\n<li>RS-485-Protokoll<\/li>\n<li>Wiegand 26\/34<\/li>\n<li>13,56 MHz Karten und Tags (Mifare)<\/li>\n<li>Watch-Dog-Funktion<\/li>\n<li>Oberfl\u00e4chen-Montage<\/li>\n<\/ul>\n<p><a href=\"https:\/\/webstore4.com\/Copyright\/\" target=\"_blank\" rel=\"noopener\"><span style=\"color: #ff6e03; font-size: 11px;\">\u00a9 Der Text ist urheberrechtlich gesch\u00fctzt<\/span><\/a><\/p>","protected":false},"excerpt":{"rendered":"<p>De Dahua ASR1100B is een Mifare kaartlezer met RS485 protocol uitgang geschikt voor binnen of buiten gebruik. De toegangscontrole vindt plaats door middel van een Mifare proximity kaart of tag. De Dahua reader is ideaal voor gebruik in woningen, appartementsgebouwen, bedrijfsverzamelgebouwen en kantoren. Mogelijkheden De Dahua ASR1100B beschikt over communicatie over het RS485 protocol en<\/p>\n<div class=\"klb-readmore button\"><a class=\"btn link\" href=\"https:\/\/webstore4.com\/de\/product\/dahua-asr1100b-mifare-kaartlezer-voor-binnen-en-buiten-wiegand-rs485\/\">Mehr lesen <i class=\"klbth-icon-right-arrow\"><\/i><\/a><\/div>","protected":false},"featured_media":7780,"comment_status":"open","ping_status":"closed","template":"","meta":[],"pwb-brand":[3376],"product_cat":[4191,4193],"product_tag":[],"class_list":{"0":"post-7779","1":"product","2":"type-product","3":"status-publish","4":"has-post-thumbnail","6":"pwb-brand-dahua","7":"product_cat-access","8":"product_cat-toegangscontrole-access","9":"product_shipping_class-pakket","10":"pa_garantie-3-jaar","11":"pa_merk-dahua","12":"pa_omgeving-binnen-en-buiten","13":"pa_product-reader","14":"pa_stand-alone-nee","15":"pa_toegang-met-kaartlezer","16":"pa_voeding-12vdc","18":"first","19":"instock","20":"taxable","21":"shipping-taxable","22":"purchasable","23":"product-type-simple"},"brands":[{"id":3376,"name":"Dahua","slug":"dahua"}],"_links":{"self":[{"href":"https:\/\/webstore4.com\/de\/wp-json\/wp\/v2\/product\/7779","targetHints":{"allow":["GET"]}}],"collection":[{"href":"https:\/\/webstore4.com\/de\/wp-json\/wp\/v2\/product"}],"about":[{"href":"https:\/\/webstore4.com\/de\/wp-json\/wp\/v2\/types\/product"}],"replies":[{"embeddable":true,"href":"https:\/\/webstore4.com\/de\/wp-json\/wp\/v2\/comments?post=7779"}],"wp:featuredmedia":[{"embeddable":true,"href":"https:\/\/webstore4.com\/de\/wp-json\/wp\/v2\/media\/7780"}],"wp:attachment":[{"href":"https:\/\/webstore4.com\/de\/wp-json\/wp\/v2\/media?parent=7779"}],"wp:term":[{"taxonomy":"pwb-brand","embeddable":true,"href":"https:\/\/webstore4.com\/de\/wp-json\/wp\/v2\/pwb-brand?post=7779"},{"taxonomy":"product_cat","embeddable":true,"href":"https:\/\/webstore4.com\/de\/wp-json\/wp\/v2\/product_cat?post=7779"},{"taxonomy":"product_tag","embeddable":true,"href":"https:\/\/webstore4.com\/de\/wp-json\/wp\/v2\/product_tag?post=7779"}],"curies":[{"name":"wp","href":"https:\/\/api.w.org\/{rel}","templated":true}]}}