{"id":7756,"date":"2017-03-29T13:12:48","date_gmt":"2017-03-29T11:12:48","guid":{"rendered":"https:\/\/webstore4.com\/\/?product=dahua-ipc-hdbw5431e-z-full-hd-4mp-buiten-dome-camera-met-ir-nachtzicht-gemotoriseerde-varifocale-lens-sd-slot-en-120db-wdr"},"modified":"2024-04-19T15:03:43","modified_gmt":"2024-04-19T14:03:43","slug":"dahua-ipc-hdbw5541e-ze-5mp-dome-camera","status":"publish","type":"product","link":"https:\/\/webstore4.com\/de\/product\/dahua-ipc-hdbw5541e-ze-5mp-dome-camera\/","title":{"rendered":"Dahua IPC-HDBW5541E-ZE Full HD 5MP Outdoor-Domekamera mit IR-Nachtsicht, motorisiertem Varioobjektiv, SD-Steckplatz und 120 dB WDR"},"content":{"rendered":"<p>Die Dahua IPC-HDBW5431E-Z ist eine 4-Megapixel-Full-HD-Domekamera mit motorisiertem Varioobjektiv, Infrarot-Nachtsicht, SD-Kartensteckplatz und 120 dB WDR f\u00fcr den Innen- und Au\u00dfenbereich. Die Kamera eignet sich sehr gut f\u00fcr den Einsatz in Privathaushalten, B\u00fcros, Restaurants, Hotels und Gesch\u00e4ftsr\u00e4umen.<\/p>\n<p><strong>M\u00f6glichkeiten<\/strong><\/p>\n<p>Der Dahua IPC-HDBW5541E-ZE zeigt Bilder in einer Full-HD-Aufl\u00f6sung von 2960 x 1668 an. Die Kamera verf\u00fcgt \u00fcber einen eingebauten automatischen IR-Sperrfilter, was sie zu einer echten Tag-\/Nachtkamera macht. Bei Dunkelheit kann die Kamera die integrierte IR-Beleuchtung einschalten, die auch bei v\u00f6lliger Dunkelheit (0 Lux) f\u00fcr ein gestochen scharfes Bild sorgt. Die IR-Beleuchtung hat eine Reichweite von nicht weniger als 40 Metern. Die Kamera verf\u00fcgt \u00fcber einen 120 dB Wide Dynamic Range (WDR), wodurch die Kamera auch mit komplexen Lichtverh\u00e4ltnissen, beispielsweise durch Gegenlicht der Sonne oder Autoscheinwerfer, sehr gut zurechtkommt.<\/p>\n<p>Mit dem motorisch verstellbaren 2,7 bis 13,5 mm Varioobjektiv ist es m\u00f6glich, die Kamera aus der Ferne auf ein entferntes Bild oder ein nahegelegenes Bild zu fokussieren. Durch dieses Vergr\u00f6\u00dfern und Verkleinern variiert der Blickwinkel zwischen 114 und 32 Grad.<\/p>\n<p>Bilder k\u00f6nnen unter anderem auf einem Netzwerk-Videorecorder (NVR) gespeichert werden. Die Kamera verf\u00fcgt au\u00dferdem \u00fcber die M\u00f6glichkeit, in der Kamera auf eine microSD-Speicherkarte bis maximal 512 GB aufzuzeichnen.<\/p>\n<p>Dahua bietet eine kostenlose niederl\u00e4ndische App f\u00fcr Apple iOS, Windows Phone und Android an. Die Kamera verf\u00fcgt \u00fcber einen internen Webserver, der \u00fcber einen Webbrowser angezeigt und verwaltet werden kann. Video Management Software (VMS) f\u00fcr einen Computer kann kostenlos von der Dahua-Website heruntergeladen werden. Der Reiter \u201eDokumentation\u201c enth\u00e4lt einen Link zur Produktseite des Herstellers.<\/p>\n<p>Die Dahua IPC-HDBW5442R-ASE verf\u00fcgt \u00fcber die Schutzart IP67, wodurch sich die Kamera ideal f\u00fcr den Au\u00dfenbereich eignet. Zur einfacheren Installation kann die Kamera \u00fcber das Netzwerkkabel mit Power over Ethernet (Standard 802.3af POE) mit Strom versorgt werden. PoE kann \u00fcber einen PoE-NVR, einen PoE-Switch oder mit einem PoE-Injektor bezogen werden. Die Kamera kann auch mit einem optionalen 12-V-Netzteil mit Strom versorgt werden. Unter der Registerkarte \u201eOptionen\u201c k\u00f6nnen Sie angeben, ob ein PoE-Injektor enthalten sein soll. Die Kamera ist \u00fcber 3 Achsen verstellbar und eignet sich daher sehr gut f\u00fcr die vertikale Aufstellung an einer Wand. Die Kamera ist vandalensicher (Bewertung IK10).<\/p>\n<p><strong>Wichtigste Funktionen<\/strong><\/p>\n<ul>\n<li>5-Megapixel-Full-HD-Kamera mit motorisiertem Varioobjektiv f\u00fcr gestochen scharfe Bilder<\/li>\n<li>Tag-\/Nachtkamera mit automatischem mechanischem IR-Sperrfilter<\/li>\n<li>IR-Nachtsichtbeleuchtung bis zu 40 Meter<\/li>\n<li>Aufnahme in der Kamera auf SD-Karte<\/li>\n<li>Auf 3 Achsen verstellbar<\/li>\n<li>120 dB breiter Dynamikbereich (WDR)<\/li>\n<li>Zonen-optionale Hintergrundbeleuchtungskompensation (BLC)<\/li>\n<li>3D-Digital-Rauschunterdr\u00fcckung (3D-DNR)<\/li>\n<li>Bewegungserkennung, Manipulationsalarm, Privatzonenmaske, intelligente Erkennungsoptionen<\/li>\n<li>ONVIF-Protokoll<\/li>\n<li>Stromversorgung \u00fcber 24VAC, 12VDC-Adapter oder \u00fcber PoE (802.3af) oder ePoE<\/li>\n<li>Vandalensicher (IK10)<\/li>\n<\/ul>\n<p><a href=\"https:\/\/www.webstore4ipcameras.nl\/Copyright\" target=\"_blank\" rel=\"noopener\"><span style=\"color: #ff6e03; font-size: 11px;\">\u00a9 Der Text ist urheberrechtlich gesch\u00fctzt<\/span><\/a><\/p>","protected":false},"excerpt":{"rendered":"<p>De Dahua IPC-HDBW5541E-ZE is een 5 megapixel Full HD dome camera met een gemotoriseerde varifocale lens, infrarood nachtzicht, SD kaart sleuf en 120dB WDR voor binnen of buiten. De camera is zeer geschikt voor gebruik bij woningen, kantoren, restaurants, hotels en bedrijfsruimten. Mogelijkheden De Dahua IPC-HDBW5541E-ZE geeft beelden weer in een Full HD 2960&#215;1668 resolutie.<\/p>\n<div class=\"klb-readmore button\"><a class=\"btn link\" href=\"https:\/\/webstore4.com\/de\/product\/dahua-ipc-hdbw5541e-ze-5mp-dome-camera\/\">Mehr lesen <i class=\"klbth-icon-right-arrow\"><\/i><\/a><\/div>","protected":false},"featured_media":7757,"comment_status":"open","ping_status":"closed","template":"","meta":[],"pwb-brand":[3376],"product_cat":[4184,4200],"product_tag":[],"class_list":{"0":"post-7756","1":"product","2":"type-product","3":"status-publish","4":"has-post-thumbnail","6":"pwb-brand-dahua","7":"product_cat-cameras","8":"product_cat-dome-eyeball-cameras-cameras","9":"product_shipping_class-pakket","10":"pa_audio-ingang-uitgang","11":"pa_beeldhoek-graden-horizontaal-114-32","12":"pa_beeldsensor-12-7-cmos","13":"pa_dag-nacht-ir-cut-filter-ja","14":"pa_geheugenkaart-type-micro-sd-sdhc-sdxc-512gb","15":"pa_ingebouwd-type-nachtzicht-infrared-ir-led","16":"pa_lens-mm-2-7-13-5","17":"pa_megapixel-5mp","18":"pa_merk-dahua","19":"pa_minimale-verlichting-0-0005-lux-0-lux-met-ir","20":"pa_mobiele-app-fabrikant-ja","21":"pa_nachtzicht-ja","22":"pa_omgeving-binnen-en-buiten","23":"pa_opnemen-op-sd-kaart-ja","24":"pa_poe-802-3af","25":"pa_product-status-a","26":"pa_resolutie-max-pixels-full-hd-2960x1668","27":"pa_vandaalbestendig-ik10","28":"pa_verstelbare-assen-3631","29":"pa_voeding-12vdc","30":"pa_voeding-epoe","31":"pa_voeding-poe","32":"pa_wdr-ja","34":"first","35":"onbackorder","36":"taxable","37":"shipping-taxable","38":"purchasable","39":"product-type-simple"},"brands":[{"id":3376,"name":"Dahua","slug":"dahua"}],"_links":{"self":[{"href":"https:\/\/webstore4.com\/de\/wp-json\/wp\/v2\/product\/7756","targetHints":{"allow":["GET"]}}],"collection":[{"href":"https:\/\/webstore4.com\/de\/wp-json\/wp\/v2\/product"}],"about":[{"href":"https:\/\/webstore4.com\/de\/wp-json\/wp\/v2\/types\/product"}],"replies":[{"embeddable":true,"href":"https:\/\/webstore4.com\/de\/wp-json\/wp\/v2\/comments?post=7756"}],"wp:featuredmedia":[{"embeddable":true,"href":"https:\/\/webstore4.com\/de\/wp-json\/wp\/v2\/media\/7757"}],"wp:attachment":[{"href":"https:\/\/webstore4.com\/de\/wp-json\/wp\/v2\/media?parent=7756"}],"wp:term":[{"taxonomy":"pwb-brand","embeddable":true,"href":"https:\/\/webstore4.com\/de\/wp-json\/wp\/v2\/pwb-brand?post=7756"},{"taxonomy":"product_cat","embeddable":true,"href":"https:\/\/webstore4.com\/de\/wp-json\/wp\/v2\/product_cat?post=7756"},{"taxonomy":"product_tag","embeddable":true,"href":"https:\/\/webstore4.com\/de\/wp-json\/wp\/v2\/product_tag?post=7756"}],"curies":[{"name":"wp","href":"https:\/\/api.w.org\/{rel}","templated":true}]}}