{"id":7739,"date":"2017-03-10T23:41:00","date_gmt":"2017-03-10T21:41:00","guid":{"rendered":"https:\/\/webstore4.com\/\/?product=wl4-hdmi-vga-adapter-met-audio"},"modified":"2024-04-19T15:03:41","modified_gmt":"2024-04-19T14:03:41","slug":"wl4-hdmi-vga-adapter-met-audio","status":"publish","type":"product","link":"https:\/\/webstore4.com\/de\/product\/wl4-hdmi-vga-adapter-met-audio\/","title":{"rendered":"WL4 HDMI-VGA-Adapter mit Audio"},"content":{"rendered":"<p>Hochwertiger WL4-Adapter zur Umwandlung eines HDMI-Signals in ein VGA-Signal. Der Adapter verf\u00fcgt au\u00dferdem \u00fcber einen Audioausgang und wird mit einem Audiokabel mit 3,5-mm-Audioanschl\u00fcssen geliefert.<\/p>\n<p><strong>Hauptmerkmale<\/strong><\/p>\n<ul>\n<li>HDMI-zu-VGA + Audio-Adapter<\/li>\n<li>Plug<\/li>\n<li>Passiver Adapter, keine Stromversorgung erforderlich<\/li>\n<li>HDMI-Eingang f\u00fcr Video und Audio<\/li>\n<li>VGA-Videoausgang<\/li>\n<li>Audioausgang Stereo-Anschluss 3,5 mm<\/li>\n<li>Unterst\u00fctzte Aufl\u00f6sungen: 720p \/ 1080i \/ 1080p<\/li>\n<\/ul>\n<p><a href=\"https:\/\/www.webstore4ipcameras.nl\/Copyright\" target=\"_blank\" rel=\"noopener\"><span style=\"color: #ff6e03; font-size: 11px;\">\u00a9 Der Text ist urheberrechtlich gesch\u00fctzt<\/span><\/a><\/p>","protected":false},"excerpt":{"rendered":"<p>Hoogwaardige WL4 adapter voor het omzetten van een HDMI signaal naar een VGA signaal. De adapter heeft tevens een audio uitgang en wordt geleverd met audio kabel met 3,5mm audio connectoren. Belangrijke eigenschappen HDMI naar VGA + Audio Adapter Plug &amp; Play Passieve adapter, geen voeding nodig HDMI input voor video en audio VGA video<\/p>\n<div class=\"klb-readmore button\"><a class=\"btn link\" href=\"https:\/\/webstore4.com\/de\/product\/wl4-hdmi-vga-adapter-met-audio\/\">Mehr lesen <i class=\"klbth-icon-right-arrow\"><\/i><\/a><\/div>","protected":false},"featured_media":7740,"comment_status":"open","ping_status":"closed","template":"","meta":[],"pwb-brand":[3380],"product_cat":[4194,3441,4195],"product_tag":[],"class_list":{"0":"post-7739","1":"product","2":"type-product","3":"status-publish","4":"has-post-thumbnail","6":"pwb-brand-wl4","7":"product_cat-audio","8":"product_cat-benodigdheden","9":"product_cat-monitors-audio","10":"product_shipping_class-pakket","11":"pa_merk-wl4","13":"first","14":"instock","15":"taxable","16":"shipping-taxable","17":"purchasable","18":"product-type-simple"},"brands":[{"id":3380,"name":"WL4","slug":"wl4"}],"_links":{"self":[{"href":"https:\/\/webstore4.com\/de\/wp-json\/wp\/v2\/product\/7739","targetHints":{"allow":["GET"]}}],"collection":[{"href":"https:\/\/webstore4.com\/de\/wp-json\/wp\/v2\/product"}],"about":[{"href":"https:\/\/webstore4.com\/de\/wp-json\/wp\/v2\/types\/product"}],"replies":[{"embeddable":true,"href":"https:\/\/webstore4.com\/de\/wp-json\/wp\/v2\/comments?post=7739"}],"wp:featuredmedia":[{"embeddable":true,"href":"https:\/\/webstore4.com\/de\/wp-json\/wp\/v2\/media\/7740"}],"wp:attachment":[{"href":"https:\/\/webstore4.com\/de\/wp-json\/wp\/v2\/media?parent=7739"}],"wp:term":[{"taxonomy":"pwb-brand","embeddable":true,"href":"https:\/\/webstore4.com\/de\/wp-json\/wp\/v2\/pwb-brand?post=7739"},{"taxonomy":"product_cat","embeddable":true,"href":"https:\/\/webstore4.com\/de\/wp-json\/wp\/v2\/product_cat?post=7739"},{"taxonomy":"product_tag","embeddable":true,"href":"https:\/\/webstore4.com\/de\/wp-json\/wp\/v2\/product_tag?post=7739"}],"curies":[{"name":"wp","href":"https:\/\/api.w.org\/{rel}","templated":true}]}}