{"id":7735,"date":"2017-03-04T23:55:32","date_gmt":"2017-03-04T21:55:32","guid":{"rendered":"https:\/\/webstore4.com\/\/?product=cdvi-t290sir12-elektrische-sluitplaat-ruststroom-12v-dc-met-omkeerbare-rvs-voorplaat"},"modified":"2025-12-01T20:59:55","modified_gmt":"2025-12-01T19:59:55","slug":"cdvi-t290sir12-elektrische-sluitplaat-ruststroom-12v-dc-met-omkeerbare-rvs-voorplaat","status":"publish","type":"product","link":"https:\/\/webstore4.com\/de\/product\/cdvi-t290sir12-elektrische-sluitplaat-ruststroom-12v-dc-met-omkeerbare-rvs-voorplaat\/","title":{"rendered":"CDVI T290SIR12 Elektro-T\u00fcr\u00f6ffner Ruhestrom 12V DC mit umkehrbarer Edelstahl-Frontplatte"},"content":{"rendered":"<p>Das CDVI T290SIR12 ist ein elektrisches Schlie\u00dfblech, Ruhestrom 12 V DC, mit einer umkehrbaren Frontplatte aus Edelstahl. \u201eRuhestrom\u201c bedeutet spannungsfrei entriegelt (ausfallsicher). Wenn der CDVI T290SIR12 stromlos ist, sollte es m\u00f6glich sein, die T\u00fcr mechanisch zu \u00f6ffnen.<\/p>\n<p><strong>M\u00f6glichkeiten<\/strong><\/p>\n<p>Der CDVI T290SIR12 ist f\u00fcr den Einsatz mit Zugangskontrollprodukten geeignet, die einen Kontakt schalten k\u00f6nnen. Die Frontplatte des Schlosses ist umkehrbar. Das Schloss verf\u00fcgt \u00fcber einen eingebauten Varistor und ist somit gegen \u201eSelbstwirkung\u201c gesch\u00fctzt.<br \/>\nOnder &#8216;Documentatie&#8217; is de datasheet terug te vinden.<\/p>\n<p>Der CDVI T290SIR12 muss mit 12 VDC betrieben werden. Ein Adapter ist nicht im Lieferumfang enthalten. Unter dem Reiter \u201eOptionen\u201c kann ein passender 12VDC-Adapter bestellt werden.<\/p>\n<p><strong>Wichtigste Funktionen<\/strong><\/p>\n<ul>\n<li>Schlie\u00dfblechma\u00dfe (L x B x T): 75 x 20,5 x 28 mm<\/li>\n<li>Abmessungen der Frontplatte (L x B x T): 250 x 25 x 3 mm<\/li>\n<li>Verstellbarer Riegelfang (2 mm Abstand)<\/li>\n<li>Voeding: 12VDC<\/li>\n<li>Ruhestromverbrauch: 12V DC = 200 mA<\/li>\n<li>Anschlussklemmen<\/li>\n<li>Frontplatte montiert<\/li>\n<li>Symmetrisch<\/li>\n<li>Reversibel<\/li>\n<li>Eingebaut<\/li>\n<li>Sofort<\/li>\n<li>Ruhige Str\u00f6mung<\/li>\n<li>Eingebauter Varistor (Schutz vor Selbstbeeinflussung)<\/li>\n<\/ul>\n<p><a href=\"https:\/\/webstore4.com\/Copyright\/\" target=\"_blank\" rel=\"noopener\"><span style=\"color: #ff6e03; font-size: 11px;\">\u00a9 Der Text ist urheberrechtlich gesch\u00fctzt<\/span><\/a><\/p>","protected":false},"excerpt":{"rendered":"<p>De CDVI T290SIR12 is een elektrische sluitplaat ruststroom 12V DC met omkeerbare RVS voorplaat. \u2018Ruststroom\u2019 betekent spanningsloos ontgrendeld (fail-safe). Als de CDVI T290SIR12 zonder spanning zit, moet het mogelijk zijn de deur mechanisch te openen. Mogelijkheden De CDVI T290SIR12 is geschikt om te gebruiken met toegangscontrole producten die een contact kunnen schakelen. De voorplaat van<\/p>\n<div class=\"klb-readmore button\"><a class=\"btn link\" href=\"https:\/\/webstore4.com\/de\/product\/cdvi-t290sir12-elektrische-sluitplaat-ruststroom-12v-dc-met-omkeerbare-rvs-voorplaat\/\">Mehr lesen <i class=\"klbth-icon-right-arrow\"><\/i><\/a><\/div>","protected":false},"featured_media":7736,"comment_status":"open","ping_status":"closed","template":"","meta":[],"pwb-brand":[3386],"product_cat":[4191,4197],"product_tag":[],"class_list":{"0":"post-7735","1":"product","2":"type-product","3":"status-publish","4":"has-post-thumbnail","6":"pwb-brand-cdvi","7":"product_cat-access","8":"product_cat-elektrische-sloten","9":"product_shipping_class-pakket","10":"pa_cilinderslot-nee","11":"pa_fail-fail-safe","12":"pa_materiaal-roestvast-staal","13":"pa_merk-cdvi","14":"pa_montage-inbouw","15":"pa_omgeving-binnen","16":"pa_product-sluitplaat","17":"pa_voeding-12vdc","19":"first","20":"instock","21":"taxable","22":"shipping-taxable","23":"purchasable","24":"product-type-simple"},"brands":[{"id":3386,"name":"CDVI","slug":"cdvi"}],"_links":{"self":[{"href":"https:\/\/webstore4.com\/de\/wp-json\/wp\/v2\/product\/7735","targetHints":{"allow":["GET"]}}],"collection":[{"href":"https:\/\/webstore4.com\/de\/wp-json\/wp\/v2\/product"}],"about":[{"href":"https:\/\/webstore4.com\/de\/wp-json\/wp\/v2\/types\/product"}],"replies":[{"embeddable":true,"href":"https:\/\/webstore4.com\/de\/wp-json\/wp\/v2\/comments?post=7735"}],"wp:featuredmedia":[{"embeddable":true,"href":"https:\/\/webstore4.com\/de\/wp-json\/wp\/v2\/media\/7736"}],"wp:attachment":[{"href":"https:\/\/webstore4.com\/de\/wp-json\/wp\/v2\/media?parent=7735"}],"wp:term":[{"taxonomy":"pwb-brand","embeddable":true,"href":"https:\/\/webstore4.com\/de\/wp-json\/wp\/v2\/pwb-brand?post=7735"},{"taxonomy":"product_cat","embeddable":true,"href":"https:\/\/webstore4.com\/de\/wp-json\/wp\/v2\/product_cat?post=7735"},{"taxonomy":"product_tag","embeddable":true,"href":"https:\/\/webstore4.com\/de\/wp-json\/wp\/v2\/product_tag?post=7735"}],"curies":[{"name":"wp","href":"https:\/\/api.w.org\/{rel}","templated":true}]}}