{"id":7664,"date":"2016-10-21T16:24:58","date_gmt":"2016-10-21T14:24:58","guid":{"rendered":"https:\/\/webstore4.com\/\/?product=anviz-sc011-veiligheidsrelais"},"modified":"2026-01-13T12:28:11","modified_gmt":"2026-01-13T11:28:11","slug":"anviz-sc011-veiligheidsrelais","status":"publish","type":"product","link":"https:\/\/webstore4.com\/de\/product\/anviz-sc011-veiligheidsrelais\/","title":{"rendered":"Anviz SC011 Sicherheitsrelais"},"content":{"rendered":"<p><img decoding=\"async\" class=\"\" style=\"float: right; height: 550px; width: 550px;\" src=\"https:\/\/webstore4.com\/wp-content\/uploads\/content\/Anviz_SC011_application.jpg\" alt=\"Anviz SC011 controller application\" \/>LET OP: De SC011 is EOL en wordt niet meer gemaakt. <a href=\"https:\/\/www.uma-tech.com\/products\/anviz-sac921-toegangscontroller\" target=\"_blank\" rel=\"noopener\">Klik hier om de opvolger te bestellen bij onze nieuwe webwinkel UMATECH.\u00a0<\/a><\/p>\n<p>Der Anviz SC011 ist ein einfacher, sicherer und kosteng\u00fcnstiger Zugangscontroller mit einem hohen Ma\u00df an Sicherheit. Der Controller erfordert keine Software und ist daher sehr einfach zu bedienen.<\/p>\n<p>Der SC011 akzeptiert nur verschl\u00fcsselte Wiegand-Signale von Anviz, um ein hohes Ma\u00df an Sicherheit zu gew\u00e4hrleisten. Der Controller verf\u00fcgt \u00fcber Anti-Donner-, antistatische Elektrizit\u00e4ts- und Kurzschlussschutzfunktionen.<\/p>\n<p>Der SC011 muss mit einem 12-VDC-Adapter betrieben werden. Der passende Adapter kann unter dem Reiter \u201eOptionen\u201c bestellt werden.<\/p>\n<p>Wir sind offizieller Anviz-H\u00e4ndler und bieten umfassenden Support und Garantie f\u00fcr alle Anviz-Produkte.<\/p>\n<p><strong>Wichtigste Funktionen<\/strong><\/p>\n<ul>\n<li>Einfache Einrichtung<\/li>\n<li>Keine Software erforderlich<\/li>\n<li>Unterst\u00fctzung f\u00fcr Anviz-verschl\u00fcsseltes Wiegand f\u00fcr ein hohes Ma\u00df an Sicherheit<\/li>\n<li>Ein Standardanschluss f\u00fcr Fingerabdruck- oder Kartenleser<\/li>\n<li>Unterst\u00fctzung f\u00fcr einen spannungsfreien Schaltausgang<\/li>\n<li>Unterst\u00fctzt 12-V-Stromversorgung f\u00fcr EM-Schl\u00f6sser<\/li>\n<li>Anti-Donner, antistatische Elektrizit\u00e4t und Kurzschlussschutz<\/li>\n<\/ul>\n<p><a href=\"https:\/\/webstore4.com\/Copyright\/\" target=\"_blank\" rel=\"noopener\"><span style=\"color: #ff6e03; font-size: 11px;\">\u00a9 Der Text ist urheberrechtlich gesch\u00fctzt<\/span><\/a><\/p>\n<p>&nbsp;<\/p>","protected":false},"excerpt":{"rendered":"<p>LET OP: De SC011 is EOL en wordt niet meer gemaakt. Klik hier om de opvolger te bestellen bij onze nieuwe webwinkel UMATECH.\u00a0 De Anviz SC011 is een eenvoudige, veilige en kosteneffectieve toegang controller met een hoog beveiligingsniveau. De controller vereist geen software waardoor het zeer eenvoudig te gebruiken is. De SC011 accepteert alleen gecodeerd<\/p>\n<div class=\"klb-readmore button\"><a class=\"btn link\" href=\"https:\/\/webstore4.com\/de\/product\/anviz-sc011-veiligheidsrelais\/\">Mehr lesen <i class=\"klbth-icon-right-arrow\"><\/i><\/a><\/div>","protected":false},"featured_media":7665,"comment_status":"open","ping_status":"closed","template":"","meta":[],"pwb-brand":[3381],"product_cat":[4191,4193],"product_tag":[],"class_list":{"0":"post-7664","1":"product","2":"type-product","3":"status-publish","4":"has-post-thumbnail","6":"pwb-brand-anviz","7":"product_cat-access","8":"product_cat-toegangscontrole-access","9":"product_shipping_class-pakket","10":"pa_garantie-3-jaar","11":"pa_merk-anviz","12":"pa_omgeving-binnen","13":"pa_product-access-controller","14":"pa_voeding-12vdc","16":"first","17":"outofstock","18":"taxable","19":"shipping-taxable","20":"purchasable","21":"product-type-simple"},"brands":[{"id":3381,"name":"Anviz","slug":"anviz"}],"_links":{"self":[{"href":"https:\/\/webstore4.com\/de\/wp-json\/wp\/v2\/product\/7664","targetHints":{"allow":["GET"]}}],"collection":[{"href":"https:\/\/webstore4.com\/de\/wp-json\/wp\/v2\/product"}],"about":[{"href":"https:\/\/webstore4.com\/de\/wp-json\/wp\/v2\/types\/product"}],"replies":[{"embeddable":true,"href":"https:\/\/webstore4.com\/de\/wp-json\/wp\/v2\/comments?post=7664"}],"wp:featuredmedia":[{"embeddable":true,"href":"https:\/\/webstore4.com\/de\/wp-json\/wp\/v2\/media\/7665"}],"wp:attachment":[{"href":"https:\/\/webstore4.com\/de\/wp-json\/wp\/v2\/media?parent=7664"}],"wp:term":[{"taxonomy":"pwb-brand","embeddable":true,"href":"https:\/\/webstore4.com\/de\/wp-json\/wp\/v2\/pwb-brand?post=7664"},{"taxonomy":"product_cat","embeddable":true,"href":"https:\/\/webstore4.com\/de\/wp-json\/wp\/v2\/product_cat?post=7664"},{"taxonomy":"product_tag","embeddable":true,"href":"https:\/\/webstore4.com\/de\/wp-json\/wp\/v2\/product_tag?post=7664"}],"curies":[{"name":"wp","href":"https:\/\/api.w.org\/{rel}","templated":true}]}}