{"id":7648,"date":"2016-08-12T23:40:59","date_gmt":"2016-08-12T21:40:59","guid":{"rendered":"https:\/\/webstore4.com\/\/?product=wl4-mifare-tags-met-key-ring-blauw-10-stuks"},"modified":"2026-01-13T09:19:56","modified_gmt":"2026-01-13T08:19:56","slug":"wl4-mifare-tags-met-key-ring-blauw-10-stuks","status":"publish","type":"product","link":"https:\/\/webstore4.com\/de\/product\/wl4-mifare-tags-met-key-ring-blauw-10-stuks\/","title":{"rendered":"WL4 Mifare-Tags mit Schl\u00fcsselanh\u00e4nger blau (10 St\u00fcck)"},"content":{"rendered":"<p>De WL4 Mifare tags zijn tien blauwe tags die gebruikt worden als toegangsdruppel van bijvoorbeeld een Dahua of Hikvision IP video intercom buiten station met Mifare lezer of elk andere Mifare tag of kaartlezer. De tags hebben een keyring, waardoor ze eenvoudig aan een sleutelbos verbonden kunnen worden. De tags werken op frequentie 13.56 MHz en zijn niet kopieerbaar.<\/p>\n<p><strong>Wichtigste Funktionen<\/strong><\/p>\n<ul>\n<li>Frequentie 13.56 MHz Mifare<\/li>\n<li>Blau<\/li>\n<li>10 St\u00fcck<\/li>\n<\/ul>\n<p><a href=\"https:\/\/webstore4.com\/Copyright\/\" target=\"_blank\" rel=\"noopener\"><span style=\"color: #ff6e03; font-size: 11px;\">\u00a9 Der Text ist urheberrechtlich gesch\u00fctzt<\/span><\/a><\/p>","protected":false},"excerpt":{"rendered":"<p>De WL4 Mifare tags zijn tien blauwe tags die gebruikt worden als toegangsdruppel van bijvoorbeeld een Dahua of Hikvision IP video intercom buiten station met Mifare lezer of elk andere Mifare tag of kaartlezer. De tags hebben een keyring, waardoor ze eenvoudig aan een sleutelbos verbonden kunnen worden. De tags werken op frequentie 13.56 MHz<\/p>\n<div class=\"klb-readmore button\"><a class=\"btn link\" href=\"https:\/\/webstore4.com\/de\/product\/wl4-mifare-tags-met-key-ring-blauw-10-stuks\/\">Mehr lesen <i class=\"klbth-icon-right-arrow\"><\/i><\/a><\/div>","protected":false},"featured_media":7649,"comment_status":"open","ping_status":"closed","template":"","meta":[],"pwb-brand":[3380],"product_cat":[4191,4196],"product_tag":[],"class_list":{"0":"post-7648","1":"product","2":"type-product","3":"status-publish","4":"has-post-thumbnail","6":"pwb-brand-wl4","7":"product_cat-access","8":"product_cat-tags","9":"product_shipping_class-brievenbuspakket","10":"pa_frequentie-tags-en-readers-mifare-13-56-mhz","11":"pa_kleur-blauw","12":"pa_materiaal-kunststof","13":"pa_merk-wl4","14":"pa_product-tag","16":"first","17":"instock","18":"taxable","19":"shipping-taxable","20":"purchasable","21":"product-type-simple"},"brands":[{"id":3380,"name":"WL4","slug":"wl4"}],"_links":{"self":[{"href":"https:\/\/webstore4.com\/de\/wp-json\/wp\/v2\/product\/7648","targetHints":{"allow":["GET"]}}],"collection":[{"href":"https:\/\/webstore4.com\/de\/wp-json\/wp\/v2\/product"}],"about":[{"href":"https:\/\/webstore4.com\/de\/wp-json\/wp\/v2\/types\/product"}],"replies":[{"embeddable":true,"href":"https:\/\/webstore4.com\/de\/wp-json\/wp\/v2\/comments?post=7648"}],"wp:featuredmedia":[{"embeddable":true,"href":"https:\/\/webstore4.com\/de\/wp-json\/wp\/v2\/media\/7649"}],"wp:attachment":[{"href":"https:\/\/webstore4.com\/de\/wp-json\/wp\/v2\/media?parent=7648"}],"wp:term":[{"taxonomy":"pwb-brand","embeddable":true,"href":"https:\/\/webstore4.com\/de\/wp-json\/wp\/v2\/pwb-brand?post=7648"},{"taxonomy":"product_cat","embeddable":true,"href":"https:\/\/webstore4.com\/de\/wp-json\/wp\/v2\/product_cat?post=7648"},{"taxonomy":"product_tag","embeddable":true,"href":"https:\/\/webstore4.com\/de\/wp-json\/wp\/v2\/product_tag?post=7648"}],"curies":[{"name":"wp","href":"https:\/\/api.w.org\/{rel}","templated":true}]}}