{"id":7613,"date":"2016-07-01T12:05:29","date_gmt":"2016-07-01T10:05:29","guid":{"rendered":"https:\/\/webstore4.com\/\/?product=wl4-mic-p-mini-microfoon-met-audio-en-voeding-doorgifte-connectors"},"modified":"2024-04-19T15:03:08","modified_gmt":"2024-04-19T14:03:08","slug":"wl4-mic-p-mini-microfoon-met-audio-en-voeding-doorgifte-connectors","status":"publish","type":"product","link":"https:\/\/webstore4.com\/de\/product\/wl4-mic-p-mini-microfoon-met-audio-en-voeding-doorgifte-connectors\/","title":{"rendered":"WL4 MIC-P Minimikrofon mit Audio- und Strom-Pass-Through-Anschl\u00fcssen"},"content":{"rendered":"<p>Das WL4 MIC-P ist ein Minimikrofon zur Tonaufnahme mit Bildern einer \u00dcberwachungskamera. Das Mikrofon ist mit Strom\u00fcbertragungsanschl\u00fcssen und einem RCA-Audioanschluss ausgestattet.<\/p>\n<p>Das MIC-P verf\u00fcgt \u00fcber zwei Stromanschl\u00fcsse, sodass eine Kamera mit Strom versorgt werden kann. Dies erm\u00f6glicht eine einfache Installation f\u00fcr die Verwendung mit Kameras, die \u00fcber einen Adapter betrieben werden. Das Netzteil wird an den Stromeingangsanschluss des Mikrofons angeschlossen und die Kamera wird zur Stromversorgung an den Stromausgangsanschluss des Mikrofons angeschlossen. Das Mikrofon kann auch verwendet werden, wenn die Kamera beispielsweise \u00fcber PoE oder einen eigenen separaten Adapter mit Strom versorgt wird. Der Netzteilausgang wird dann nicht genutzt.<\/p>\n<p>De RCA female audio connector kan worden aangesloten op een daarvoor geschikte camera of op een audio ingang van bijvoorbeeld een netwerk video recorder (NVR). Bijpassende audio RCA male connectors\u00a0staan onder het tabblad &#8220;Gerelateerde producten&#8221;.<\/p>\n<p>De WL4 MIC-P is niet geclassificeerd voor buiten gebruik. Bij buitengebruik is het nodig de microfoon te beschermen tegen weersinvloeden. Een voedingsadapter wordt niet meegeleverd. Een geschikte voedingsadapter staat onder het tabblad &#8220;Opties&#8221; en &#8220;Gerelateerde producten&#8221;.<\/p>\n<p><strong>Hauptmerkmale<\/strong><\/p>\n<ul>\n<li>Stromversorgungsbereich DC6V \u2013 12V \u00fcber Eingangs- und Ausgangsdurchgangsanschl\u00fcsse<\/li>\n<li>S\/N-Verh\u00e4ltnis 35,5 dB<\/li>\n<li>RCA-Audioanschluss<\/li>\n<\/ul>\n<p><a href=\"https:\/\/www.webstore4ipcameras.nl\/Copyright\" target=\"_blank\" rel=\"noopener\"><span style=\"color: #ff6e03; font-size: 11px;\">\u00a9 Der Text ist urheberrechtlich gesch\u00fctzt<\/span><\/a><\/p>","protected":false},"excerpt":{"rendered":"<p>De WL4 MIC-P is een mini microfoon voor opnemen geluid bij de beelden van een bewakingscamera. De microfoon is uitgevoerd\u00a0met voeding doorgifte connectors en een\u00a0RCA audio connector. De MIC-P heeft twee voedingsconnectors zodat voeding kan worden doorgegeven aan een camera. Dit geeft installatiegemak voor gebruik bij camera&#8217;s die worden gevoed met een adapter. De voeding<\/p>\n<div class=\"klb-readmore button\"><a class=\"btn link\" href=\"https:\/\/webstore4.com\/de\/product\/wl4-mic-p-mini-microfoon-met-audio-en-voeding-doorgifte-connectors\/\">Mehr lesen <i class=\"klbth-icon-right-arrow\"><\/i><\/a><\/div>","protected":false},"featured_media":7614,"comment_status":"closed","ping_status":"closed","template":"","meta":[],"pwb-brand":[3380],"product_cat":[4194,3441,4195],"product_tag":[],"class_list":{"0":"post-7613","1":"product","2":"type-product","3":"status-publish","4":"has-post-thumbnail","6":"pwb-brand-wl4","7":"product_cat-audio","8":"product_cat-benodigdheden","9":"product_cat-monitors-audio","10":"product_shipping_class-pakket","11":"pa_merk-wl4","13":"first","14":"instock","15":"taxable","16":"shipping-taxable","17":"purchasable","18":"product-type-simple"},"brands":[{"id":3380,"name":"WL4","slug":"wl4"}],"_links":{"self":[{"href":"https:\/\/webstore4.com\/de\/wp-json\/wp\/v2\/product\/7613","targetHints":{"allow":["GET"]}}],"collection":[{"href":"https:\/\/webstore4.com\/de\/wp-json\/wp\/v2\/product"}],"about":[{"href":"https:\/\/webstore4.com\/de\/wp-json\/wp\/v2\/types\/product"}],"replies":[{"embeddable":true,"href":"https:\/\/webstore4.com\/de\/wp-json\/wp\/v2\/comments?post=7613"}],"wp:featuredmedia":[{"embeddable":true,"href":"https:\/\/webstore4.com\/de\/wp-json\/wp\/v2\/media\/7614"}],"wp:attachment":[{"href":"https:\/\/webstore4.com\/de\/wp-json\/wp\/v2\/media?parent=7613"}],"wp:term":[{"taxonomy":"pwb-brand","embeddable":true,"href":"https:\/\/webstore4.com\/de\/wp-json\/wp\/v2\/pwb-brand?post=7613"},{"taxonomy":"product_cat","embeddable":true,"href":"https:\/\/webstore4.com\/de\/wp-json\/wp\/v2\/product_cat?post=7613"},{"taxonomy":"product_tag","embeddable":true,"href":"https:\/\/webstore4.com\/de\/wp-json\/wp\/v2\/product_tag?post=7613"}],"curies":[{"name":"wp","href":"https:\/\/api.w.org\/{rel}","templated":true}]}}