{"id":7604,"date":"2016-06-15T02:02:20","date_gmt":"2016-06-15T00:02:20","guid":{"rendered":"https:\/\/webstore4.com\/\/?product=wl4-poe-at-s-802-3afat-high-power-over-ethernet-splitter"},"modified":"2024-06-25T13:40:16","modified_gmt":"2024-06-25T12:40:16","slug":"wl4-poe-at-s-802-3afat-high-power-over-ethernet-splitter","status":"publish","type":"product","link":"https:\/\/webstore4.com\/de\/product\/wl4-poe-at-s-802-3afat-high-power-over-ethernet-splitter\/","title":{"rendered":"WL4 POE-AT-S 802.3af\/at High Power over Ethernet-Splitter"},"content":{"rendered":"<p>Der WL4 POE-AT-S ist ein professioneller IEEE 802.3af\/at High Power over Ethernet-Splitter, der das Datensignal und die Stromversorgung in zwei Ausg\u00e4nge aufteilt: Datensignal und 12 VDC\/25 W Leistung. Damit kann auch ein nicht PoE-f\u00e4higes Ger\u00e4t mit nur 1 Netzwerkkabel von bis zu 100 Metern L\u00e4nge mit Strom und Datensignal versorgt werden.<\/p>\n<p><strong>Installation von IEEE 802.3af\/at Injektor und Splitter<\/strong><\/p>\n<p>In Kombination mit einem PoE-Injektor, wie dem WL4 POE-AT-I30, oder einem PoE-Switch ist die \u00dcbertragung von Daten und Strom \u00fcber gro\u00dfe Entfernungen mit nur 1 Netzwerkkabel m\u00f6glich. Anschlie\u00dfend k\u00f6nnen Sie Ihr Nicht-PoE-Netzwerkger\u00e4t \u00fcber den Splitter mit separater 12-V-Stromversorgung versorgen.<\/p>\n<p><strong>Wichtigste Funktionen:<\/strong><\/p>\n<ul>\n<li>Geeignet f\u00fcr die Verwendung mit einem IEEE802.3af\/at PoE-Injektor oder -Switch<\/li>\n<li>IEEE802.3af 15,4 W Ausgangsleistung: 12 VDC\/1,5 A<\/li>\n<li>IEEE802.3at 25,5 W Ausgangsleistung: 12 VDC\/2,2 A<\/li>\n<li>250 mm Cat5e-Kabel mit 100%-Kupferkern<\/li>\n<li>LED-Anzeigen<\/li>\n<li>Entfernung bis zu 100 Meter<\/li>\n<\/ul>\n<p><a href=\"https:\/\/webstore4.com\/Copyright\/\" target=\"_blank\" rel=\"noopener\"><span style=\"color: #ff6e03; font-size: 11px;\">\u00a9 Der Text ist urheberrechtlich gesch\u00fctzt<\/span><\/a><\/p>","protected":false},"excerpt":{"rendered":"<p>Der WL4 POE-AT-S ist ein professioneller IEEE 802.3af\/at High Power over Ethernet-Splitter, der das Datensignal und die Stromversorgung in zwei Ausg\u00e4nge aufteilt: Datensignal und 12 VDC\/25 W Leistung. Damit kann auch ein nicht PoE-f\u00e4higes Ger\u00e4t mit nur 1 Netzwerkkabel von bis zu 100 Metern L\u00e4nge mit Strom und Datensignal versorgt werden.<\/p>\n<div class=\"klb-readmore button\"><a class=\"btn link\" href=\"https:\/\/webstore4.com\/de\/product\/wl4-poe-at-s-802-3afat-high-power-over-ethernet-splitter\/\">Mehr lesen <i class=\"klbth-icon-right-arrow\"><\/i><\/a><\/div>","protected":false},"featured_media":16642,"comment_status":"open","ping_status":"closed","template":"","meta":[],"pwb-brand":[3380],"product_cat":[3440,4188],"product_tag":[],"class_list":{"0":"post-7604","1":"product","2":"type-product","3":"status-publish","4":"has-post-thumbnail","6":"pwb-brand-wl4","7":"product_cat-netwerk","8":"product_cat-poe","9":"product_shipping_class-pakket","10":"pa_aantal-poe-poorten-3598","11":"pa_gigabit-poorten-3597","12":"pa_merk-wl4","13":"pa_poe-802-3af-at","15":"first","16":"instock","17":"taxable","18":"shipping-taxable","19":"purchasable","20":"product-type-simple"},"brands":[{"id":3380,"name":"WL4","slug":"wl4"}],"_links":{"self":[{"href":"https:\/\/webstore4.com\/de\/wp-json\/wp\/v2\/product\/7604","targetHints":{"allow":["GET"]}}],"collection":[{"href":"https:\/\/webstore4.com\/de\/wp-json\/wp\/v2\/product"}],"about":[{"href":"https:\/\/webstore4.com\/de\/wp-json\/wp\/v2\/types\/product"}],"replies":[{"embeddable":true,"href":"https:\/\/webstore4.com\/de\/wp-json\/wp\/v2\/comments?post=7604"}],"wp:featuredmedia":[{"embeddable":true,"href":"https:\/\/webstore4.com\/de\/wp-json\/wp\/v2\/media\/16642"}],"wp:attachment":[{"href":"https:\/\/webstore4.com\/de\/wp-json\/wp\/v2\/media?parent=7604"}],"wp:term":[{"taxonomy":"pwb-brand","embeddable":true,"href":"https:\/\/webstore4.com\/de\/wp-json\/wp\/v2\/pwb-brand?post=7604"},{"taxonomy":"product_cat","embeddable":true,"href":"https:\/\/webstore4.com\/de\/wp-json\/wp\/v2\/product_cat?post=7604"},{"taxonomy":"product_tag","embeddable":true,"href":"https:\/\/webstore4.com\/de\/wp-json\/wp\/v2\/product_tag?post=7604"}],"curies":[{"name":"wp","href":"https:\/\/api.w.org\/{rel}","templated":true}]}}