{"id":7599,"date":"2016-06-15T00:02:34","date_gmt":"2016-06-14T22:02:34","guid":{"rendered":"https:\/\/webstore4.com\/\/?product=wl4-poe-at-i30-gigabit-802-3afat-high-power-over-ethernet-injector"},"modified":"2025-02-19T05:21:57","modified_gmt":"2025-02-19T04:21:57","slug":"wl4-poe-at-i30-high-power-over-ethernet-injector","status":"publish","type":"product","link":"https:\/\/webstore4.com\/de\/product\/wl4-poe-at-i30-high-power-over-ethernet-injector\/","title":{"rendered":"WL4 POE-AT-I30 Gigabit 802.3af\/at High Power over Ethernet-Injektor"},"content":{"rendered":"<p>Der WL4 POE-AT-I30 ist ein professioneller IEEE 802.3af\/at Gigabit High Power over Ethernet (PoE)-Injektor, der dem Netzwerkkabel 46\u201352 V Gleichstrom hinzuf\u00fcgt und nur ein Netzwerkkabel f\u00fcr Datenverkehr und Stromversorgung ben\u00f6tigt. Kann sowohl f\u00fcr PoE IEEE 802.3af- als auch f\u00fcr IEEE802.3at-f\u00e4hige Ger\u00e4te verwendet werden. Der maximale Abstand zwischen dem Injektor und einem PoE-Splitter oder einem 802.3af\/at PoE-Ger\u00e4t, wie einem Access Point oder einer IP-Kamera, betr\u00e4gt 100 Meter.<\/p>\n<p>Wird der WL4 POE-AT-I30 in Kombination mit einem PoE-Splitter verwendet, k\u00f6nnen das Datensignal und die Stromversorgung am anderen Ende des Netzwerkkabels wieder aufgeteilt werden. Damit kann auch ein nicht PoE-f\u00e4higes Ger\u00e4t mit nur 1 Netzwerkkabel von bis zu 100 Metern L\u00e4nge mit Strom und Datensignal versorgt werden.<\/p>\n<p>Der WL4 POE-AT-I30 ist stabil und sicher dank Schutz vor \u00dcberspannung, Spannungsspitzen oder Kurzschluss. Der WL4 POE-AT-I30 wird mit einem Netzkabel geliefert.<\/p>\n<p><strong>Wichtigste Funktionen:<\/strong><\/p>\n<ul>\n<li>Bietet bis zu 30 W und 46\u201352 VDC Strom \u00fcber ein Netzwerkkabel mit RJ-45-Steckern f\u00fcr jedes 802.3af\/at-f\u00e4hige PoE-Ger\u00e4t<\/li>\n<li>Gigabit-Geschwindigkeit<\/li>\n<li>LED-Anzeigen<\/li>\n<li>Entfernung bis zu 100 Meter<\/li>\n<li>Automatische Erkennung von PoE IEEE 802.3af- und IEEE802.3at-Ger\u00e4ten<\/li>\n<li>Geeignet f\u00fcr die Verwendung mit IEEE802.3af\/at-Splitter<\/li>\n<\/ul>\n<p><a href=\"https:\/\/webstore4.com\/Copyright\/\" target=\"_blank\" rel=\"noopener\"><span style=\"color: #ff6e03; font-size: 11px;\">\u00a9 Der Text ist urheberrechtlich gesch\u00fctzt<\/span><\/a><\/p>","protected":false},"excerpt":{"rendered":"<p>De WL4 POE-AT-I30 is een professioneel IEEE 802.3af\/at Gigabit High Power over Ethernet (PoE) injector die DC 46-52V toevoegt aan de netwerk kabel, waardoor slechts 1 netwerkkabel nodig is voor dataverkeer en stroomtoevoer. Kan worden gebruikt voor zowel PoE IEEE 802.3af als IEEE802.3at geschikte apparaten. De maximale afstand tussen de injector en een PoE splitter<\/p>\n<div class=\"klb-readmore button\"><a class=\"btn link\" href=\"https:\/\/webstore4.com\/de\/product\/wl4-poe-at-i30-high-power-over-ethernet-injector\/\">Mehr lesen <i class=\"klbth-icon-right-arrow\"><\/i><\/a><\/div>","protected":false},"featured_media":15519,"comment_status":"open","ping_status":"closed","template":"","meta":[],"pwb-brand":[3380],"product_cat":[3440,4188],"product_tag":[],"class_list":{"0":"post-7599","1":"product","2":"type-product","3":"status-publish","4":"has-post-thumbnail","6":"pwb-brand-wl4","7":"product_cat-netwerk","8":"product_cat-poe","9":"product_shipping_class-pakket","10":"pa_aantal-poe-poorten-3598","11":"pa_gigabit-poorten-3597","12":"pa_merk-wl4","13":"pa_poe-802-3af-at","14":"pa_totaal-poe-vermogen-watt-3599","16":"first","17":"onbackorder","18":"taxable","19":"shipping-taxable","20":"purchasable","21":"product-type-simple"},"brands":[{"id":3380,"name":"WL4","slug":"wl4"}],"_links":{"self":[{"href":"https:\/\/webstore4.com\/de\/wp-json\/wp\/v2\/product\/7599","targetHints":{"allow":["GET"]}}],"collection":[{"href":"https:\/\/webstore4.com\/de\/wp-json\/wp\/v2\/product"}],"about":[{"href":"https:\/\/webstore4.com\/de\/wp-json\/wp\/v2\/types\/product"}],"replies":[{"embeddable":true,"href":"https:\/\/webstore4.com\/de\/wp-json\/wp\/v2\/comments?post=7599"}],"wp:featuredmedia":[{"embeddable":true,"href":"https:\/\/webstore4.com\/de\/wp-json\/wp\/v2\/media\/15519"}],"wp:attachment":[{"href":"https:\/\/webstore4.com\/de\/wp-json\/wp\/v2\/media?parent=7599"}],"wp:term":[{"taxonomy":"pwb-brand","embeddable":true,"href":"https:\/\/webstore4.com\/de\/wp-json\/wp\/v2\/pwb-brand?post=7599"},{"taxonomy":"product_cat","embeddable":true,"href":"https:\/\/webstore4.com\/de\/wp-json\/wp\/v2\/product_cat?post=7599"},{"taxonomy":"product_tag","embeddable":true,"href":"https:\/\/webstore4.com\/de\/wp-json\/wp\/v2\/product_tag?post=7599"}],"curies":[{"name":"wp","href":"https:\/\/api.w.org\/{rel}","templated":true}]}}