{"id":7583,"date":"2016-04-04T16:59:20","date_gmt":"2016-04-04T14:59:20","guid":{"rendered":"https:\/\/webstore4.com\/\/?product=netwerkkabel-cat6-gigabit-utp-patchkabel-met-100-koper-kern-305-meter-zwart"},"modified":"2024-06-21T10:29:31","modified_gmt":"2024-06-21T09:29:31","slug":"netwerkkabel-cat6-gigabit-305-meter-zwart","status":"publish","type":"product","link":"https:\/\/webstore4.com\/de\/product\/netwerkkabel-cat6-gigabit-305-meter-zwart\/","title":{"rendered":"Netzwerkkabel Cat6 Gigabit UTP Patchkabel mit 100% Kupferkern 30,5 Meter schwarz"},"content":{"rendered":"<p>Das StarTech-Netzwerkkabel erf\u00fcllt alle Cat6-Spezifikationen f\u00fcr eine zuverl\u00e4ssige Gigabit-Netzwerkverbindung und verf\u00fcgt \u00fcber 100%-Kupferleiter und einen langlebigen PVC-Mantel. Die Netzwerkkabel sind in verschiedenen Farben und L\u00e4ngen erh\u00e4ltlich.<\/p>\n<p><strong>Eigenschaften<\/strong><\/p>\n<p>Deze kwalitatief hoogwaardige netwerkkabel is uitgevoerd met een bescherming van de RJ45-connectorclips tegen beschadiging tijdens installaties. De kabel zal daardoor minder snel blijven haken bij bijvoorbeeld het trekken van de kabel door een buis of muur. \u00a0De kabel is ook voorzien van gegoten PVC-trekontlasting die voorkomt dat de aansluitpunten van de RJ45-connectoren onder een scherpe hoek kunnen worden verbogen.<br \/>\nDit verlaagt het risico op beschadiging aan de kabel wat de netwerkprestaties nadelig zou kunnen be\u00efnvloeden.<\/p>\n<p>StarTech-Netzwerkkabel verf\u00fcgen \u00fcber Leiter aus hochwertigem 100%-Kupfer f\u00fcr maximale Qualit\u00e4t, Haltbarkeit und Zuverl\u00e4ssigkeit. Das Netzwerkkabel ist mit 0,5 mm dickem (24AWG) hochwertigem Kupferdraht ausgestattet und ist daher sehr gut geeignet, die erforderliche Leistung bei der Verwendung von Power over Ethernet zu liefern. StarTech verwendet keine Leiter aus verkupfertem Aluminium (CCA) oder Stahl (CCS), die h\u00e4ufig in g\u00fcnstigeren Netzwerkkabeln verwendet werden, die daher eine deutlich geringere Qualit\u00e4t, Zuverl\u00e4ssigkeit und Haltbarkeit aufweisen und beispielsweise bei Strom\u00fcberschreitungen zu Problemen f\u00fchren k\u00f6nnen Ethernet-Anwendungen.<\/p>\n<p>Dieses Netzwerkkabel verf\u00fcgt \u00fcber hochwertige Anschl\u00fcsse mit 50-Mikron-Vergoldung f\u00fcr optimale Leitung und weniger Signalverlust durch Oxidation oder Korrosion.<\/p>\n<p>Deze StarTech netwerkkabel is niet afgeschermd door folie (UTP:\u00a0Unshielded Twisted Pair). Afgeschermde kabel (zoals FTP en STP) is alleen aan te raden in situaties waar veel\u00a0elektromagnetische interferentie, zoals van zware industri\u00eble elektromotoren, te verwachten is.<br \/>\nDoor sterk verbeterde elektrische producten is gebruik van duurderde afgeschermde kabel in bijna iedere andere omgeving overbodig en kan afgeschermde netwerkkabel bij onjuist aangelegde netwerkinstallaties zelfs nadelig werken.<\/p>\n<p>StarTech gew\u00e4hrt eine lebenslange Garantie auf das Netzwerkkabel.<\/p>\n<p><strong>Einige Spezifikationen <\/strong><\/p>\n<ul>\n<li>Sorgf\u00e4ltig entworfen und hergestellt, um das Nahnebensprechen (NEXT) innerhalb akzeptabler Grenzen zu halten<\/li>\n<li>ETL-verifiziert (Intertek)<\/li>\n<li>50 micron\u00a0goud vergulde RJ45 connectoren<\/li>\n<li>Brandbestendigheid:\u00a0CMG goedgekeurd (algemeen doel)<\/li>\n<li>Kabelstandaard:\u00a0TIA\/EIA-568-B.1-2001 T568B<\/li>\n<li>Lebenslange Herstellergarantie<\/li>\n<\/ul>\n<p><a href=\"https:\/\/webstore4.com\/Copyright\/\" target=\"_blank\" rel=\"noopener\"><span style=\"color: #ff6e03; font-size: 11px;\">\u00a9 Der Text ist urheberrechtlich gesch\u00fctzt<\/span><\/a><\/p>","protected":false},"excerpt":{"rendered":"<p>De StarTech netwerkkabel Cat6 voldoet aan alle Cat6 specificaties voor een betrouwbare Gigabit netwerkverbinding en is voorzien van 100% koper geleiders en een duurzame PVC-omhulling. De netwerkkabels zijn verkrijgbaar in diverse kleuren en lengtes. Eigenschappen Deze kwalitatief hoogwaardige netwerkkabel is uitgevoerd met een bescherming van de RJ45-connectorclips tegen beschadiging tijdens installaties. De kabel zal daardoor<\/p>\n<div class=\"klb-readmore button\"><a class=\"btn link\" href=\"https:\/\/webstore4.com\/de\/product\/netwerkkabel-cat6-gigabit-305-meter-zwart\/\">Mehr lesen <i class=\"klbth-icon-right-arrow\"><\/i><\/a><\/div>","protected":false},"featured_media":15348,"comment_status":"open","ping_status":"closed","template":"","meta":[],"pwb-brand":[3374],"product_cat":[3441,3445],"product_tag":[],"class_list":{"0":"post-7583","1":"product","2":"type-product","3":"status-publish","4":"has-post-thumbnail","6":"pwb-brand-startech","7":"product_cat-benodigdheden","8":"product_cat-netwerkkabels","9":"product_shipping_class-pakket","10":"pa_aantal-geleiders-4-paar-utp-8","11":"pa_brandbestendigheid-cmg-gecertificeerd-algemeen-doel","12":"pa_connector-a-1-rj-45-male","13":"pa_connector-b-1-rj-45-male","14":"pa_connectormateriaal-goud","15":"pa_draaddikte-24-awg","16":"pa_garantie-levenslang","17":"pa_kabelkleur-zwart","18":"pa_kabellengte-30-5-meter","19":"pa_kabelspecificatie-cat6","20":"pa_kabelstandaard-tiaeia-568-b-1-2001-t568b","21":"pa_merk-startech","22":"pa_product-netwerkkabel","23":"pa_type-kabelmantel-pvc-polyvinyl-chloride","24":"pa_type-kabelmantel-snag-less","26":"first","27":"instock","28":"taxable","29":"shipping-taxable","30":"purchasable","31":"product-type-simple"},"brands":[{"id":3374,"name":"StarTech","slug":"startech"}],"_links":{"self":[{"href":"https:\/\/webstore4.com\/de\/wp-json\/wp\/v2\/product\/7583","targetHints":{"allow":["GET"]}}],"collection":[{"href":"https:\/\/webstore4.com\/de\/wp-json\/wp\/v2\/product"}],"about":[{"href":"https:\/\/webstore4.com\/de\/wp-json\/wp\/v2\/types\/product"}],"replies":[{"embeddable":true,"href":"https:\/\/webstore4.com\/de\/wp-json\/wp\/v2\/comments?post=7583"}],"wp:featuredmedia":[{"embeddable":true,"href":"https:\/\/webstore4.com\/de\/wp-json\/wp\/v2\/media\/15348"}],"wp:attachment":[{"href":"https:\/\/webstore4.com\/de\/wp-json\/wp\/v2\/media?parent=7583"}],"wp:term":[{"taxonomy":"pwb-brand","embeddable":true,"href":"https:\/\/webstore4.com\/de\/wp-json\/wp\/v2\/pwb-brand?post=7583"},{"taxonomy":"product_cat","embeddable":true,"href":"https:\/\/webstore4.com\/de\/wp-json\/wp\/v2\/product_cat?post=7583"},{"taxonomy":"product_tag","embeddable":true,"href":"https:\/\/webstore4.com\/de\/wp-json\/wp\/v2\/product_tag?post=7583"}],"curies":[{"name":"wp","href":"https:\/\/api.w.org\/{rel}","templated":true}]}}