{"id":7577,"date":"2016-02-21T00:50:37","date_gmt":"2016-02-20T22:50:37","guid":{"rendered":"https:\/\/webstore4.com\/\/?product=hikvision-ds-kaw50-1-12v-voeding-voor-buiten-station-en-slot-voor-hikvision-ip-video-intercom"},"modified":"2024-06-21T10:52:54","modified_gmt":"2024-06-21T09:52:54","slug":"hikvision-ds-kaw50-1-12v-voeding-voor-buiten-station-en-slot-voor-hikvision-ip-video-intercom","status":"publish","type":"product","link":"https:\/\/webstore4.com\/de\/product\/hikvision-ds-kaw50-1-12v-voeding-voor-buiten-station-en-slot-voor-hikvision-ip-video-intercom\/","title":{"rendered":"Hikvision DS-KAW50-1 12-V-Netzteil f\u00fcr Au\u00dfenstation und Schloss f\u00fcr Hikvision IP-Video-Gegensprechanlage"},"content":{"rendered":"<p>Das Hikvision DS-KAW50-1 ist ein 12-V-Netzteil f\u00fcr eine Au\u00dfenstation und ein Schloss zur Verwendung im Hikvision IP-Video-Gegensprechsystem.<\/p>\n<p><strong>Wichtigste Funktionen<\/strong><\/p>\n<ul>\n<li>12 VDC voeding<\/li>\n<li>50 W uitgangsvoeding voor deurstation met box<\/li>\n<li>Ingangsspanning 100 VAC tot 240 VAC<\/li>\n<\/ul>\n<p><a href=\"https:\/\/webstore4.com\/Copyright\/\" target=\"_blank\" rel=\"noopener\"><span style=\"color: #ff6e03; font-size: 11px;\">\u00a9 Der Text ist urheberrechtlich gesch\u00fctzt<\/span><\/a><\/p>","protected":false},"excerpt":{"rendered":"<p>De Hikvision DS-KAW50-1 is een 12V voeding voor een buiten station en slot voor gebruik in het Hikvision IP video intercom systeem. Belangrijkste kenmerken 12 VDC voeding 50 W uitgangsvoeding voor deurstation met box Ingangsspanning 100 VAC tot 240 VAC \u00a9 Tekst is auteursrechtelijk beschermd<\/p>","protected":false},"featured_media":15783,"comment_status":"open","ping_status":"closed","template":"","meta":[],"pwb-brand":[3367],"product_cat":[3441,4178,4182],"product_tag":[],"class_list":{"0":"post-7577","1":"product","2":"type-product","3":"status-publish","4":"has-post-thumbnail","6":"pwb-brand-hikvision","7":"product_cat-benodigdheden","8":"product_cat-intercom","9":"product_cat-hikvision-ip-video","10":"product_shipping_class-pakket","11":"pa_merk-hikvision","12":"pa_montage-opbouw","13":"pa_omgeving-binnen","14":"pa_product-voeding","15":"pa_product-status-a","17":"first","18":"onbackorder","19":"taxable","20":"shipping-taxable","21":"purchasable","22":"product-type-simple"},"brands":[{"id":3367,"name":"Hikvision","slug":"hikvision"}],"_links":{"self":[{"href":"https:\/\/webstore4.com\/de\/wp-json\/wp\/v2\/product\/7577","targetHints":{"allow":["GET"]}}],"collection":[{"href":"https:\/\/webstore4.com\/de\/wp-json\/wp\/v2\/product"}],"about":[{"href":"https:\/\/webstore4.com\/de\/wp-json\/wp\/v2\/types\/product"}],"replies":[{"embeddable":true,"href":"https:\/\/webstore4.com\/de\/wp-json\/wp\/v2\/comments?post=7577"}],"wp:featuredmedia":[{"embeddable":true,"href":"https:\/\/webstore4.com\/de\/wp-json\/wp\/v2\/media\/15783"}],"wp:attachment":[{"href":"https:\/\/webstore4.com\/de\/wp-json\/wp\/v2\/media?parent=7577"}],"wp:term":[{"taxonomy":"pwb-brand","embeddable":true,"href":"https:\/\/webstore4.com\/de\/wp-json\/wp\/v2\/pwb-brand?post=7577"},{"taxonomy":"product_cat","embeddable":true,"href":"https:\/\/webstore4.com\/de\/wp-json\/wp\/v2\/product_cat?post=7577"},{"taxonomy":"product_tag","embeddable":true,"href":"https:\/\/webstore4.com\/de\/wp-json\/wp\/v2\/product_tag?post=7577"}],"curies":[{"name":"wp","href":"https:\/\/api.w.org\/{rel}","templated":true}]}}