{"id":7536,"date":"2015-10-24T22:35:31","date_gmt":"2015-10-24T20:35:31","guid":{"rendered":"https:\/\/webstore4.com\/\/?product=dahua-dee1010b-ip-video-intercom-relais-voor-ontgrendeling-deur"},"modified":"2024-09-09T19:24:32","modified_gmt":"2024-09-09T18:24:32","slug":"dahua-dee1010b-ip-video-intercom-relais","status":"publish","type":"product","link":"https:\/\/webstore4.com\/de\/product\/dahua-dee1010b-ip-video-intercom-relais\/","title":{"rendered":"Dahua DEE1010B IP-Video-Gegensprechanlage-Relais zur T\u00fcrentriegelung"},"content":{"rendered":"<p>Das Dahua DEE1010B ist ein Relais, das zum Entriegeln einer T\u00fcr verwendet werden kann. Das Relais kann zum Entriegeln einer zweiten T\u00fcr oder f\u00fcr den Fall, dass es aus Sicherheitsgr\u00fcnden gew\u00fcnscht ist, eine T\u00fcr nicht \u00fcber eine Au\u00dfenstation, sondern mit einem Relais im Inneren des Geb\u00e4udes zu entriegeln, verwendet werden.<\/p>\n<p>Das Relais muss mit einem externen 12-V-Dahua-Adapter betrieben werden. Dieser Adapter ist nicht im Lieferumfang enthalten, kann aber unter \u201eOptionen\u201c bestellt werden. Unter der Registerkarte \u201eDokumentation\u201c ist ein Anschlussplan enthalten. Der DEE1010B ist der Nachfolger des DEE1010A. Die Funktion des DEE1010B ist die gleiche wie beim DEE1010A, die Anschlussklemmen bieten jedoch eine einfachere Installation.<\/p>\n<p><strong>Wichtigste Funktionen<\/strong><\/p>\n<ul>\n<li>T\u00fcr\u00f6ffnerrelais<\/li>\n<li>Nachfolger von DEE1010A<\/li>\n<li>Propriet\u00e4rer Adapter 12V1A<\/li>\n<\/ul>\n<p><a href=\"https:\/\/webstore4.com\/Copyright\/\" target=\"_blank\" rel=\"noopener\"><span style=\"color: #ff6e03; font-size: 11px;\">\u00a9 Der Text ist urheberrechtlich gesch\u00fctzt<\/span><\/a><\/p>","protected":false},"excerpt":{"rendered":"<p>Das Dahua DEE1010B ist ein Relais, das zum Entriegeln einer T\u00fcr verwendet werden kann. Das Relais kann zum Entriegeln einer zweiten T\u00fcr oder f\u00fcr den Fall, dass es aus Sicherheitsgr\u00fcnden gew\u00fcnscht ist, eine T\u00fcr nicht \u00fcber eine Au\u00dfenstation, sondern mit einem Relais im Inneren des Geb\u00e4udes zu entriegeln, verwendet werden.<\/p>\n<div class=\"klb-readmore button\"><a class=\"btn link\" href=\"https:\/\/webstore4.com\/de\/product\/dahua-dee1010b-ip-video-intercom-relais\/\">Mehr lesen <i class=\"klbth-icon-right-arrow\"><\/i><\/a><\/div>","protected":false},"featured_media":15555,"comment_status":"open","ping_status":"closed","template":"","meta":[],"pwb-brand":[3376],"product_cat":[4178,4179,4181],"product_tag":[],"class_list":{"0":"post-7536","1":"product","2":"type-product","3":"status-publish","4":"has-post-thumbnail","6":"pwb-brand-dahua","7":"product_cat-intercom","8":"product_cat-dahua-ip-video","9":"product_cat-x-security-ip-video","10":"product_shipping_class-pakket","11":"pa_merk-dahua","12":"pa_omgeving-binnen","13":"pa_poe-nee","14":"pa_product-accessoires","15":"pa_product-status-a","16":"pa_voeding-12vdc","18":"first","19":"instock","20":"taxable","21":"shipping-taxable","22":"purchasable","23":"product-type-simple"},"brands":[{"id":3376,"name":"Dahua","slug":"dahua"}],"_links":{"self":[{"href":"https:\/\/webstore4.com\/de\/wp-json\/wp\/v2\/product\/7536","targetHints":{"allow":["GET"]}}],"collection":[{"href":"https:\/\/webstore4.com\/de\/wp-json\/wp\/v2\/product"}],"about":[{"href":"https:\/\/webstore4.com\/de\/wp-json\/wp\/v2\/types\/product"}],"replies":[{"embeddable":true,"href":"https:\/\/webstore4.com\/de\/wp-json\/wp\/v2\/comments?post=7536"}],"wp:featuredmedia":[{"embeddable":true,"href":"https:\/\/webstore4.com\/de\/wp-json\/wp\/v2\/media\/15555"}],"wp:attachment":[{"href":"https:\/\/webstore4.com\/de\/wp-json\/wp\/v2\/media?parent=7536"}],"wp:term":[{"taxonomy":"pwb-brand","embeddable":true,"href":"https:\/\/webstore4.com\/de\/wp-json\/wp\/v2\/pwb-brand?post=7536"},{"taxonomy":"product_cat","embeddable":true,"href":"https:\/\/webstore4.com\/de\/wp-json\/wp\/v2\/product_cat?post=7536"},{"taxonomy":"product_tag","embeddable":true,"href":"https:\/\/webstore4.com\/de\/wp-json\/wp\/v2\/product_tag?post=7536"}],"curies":[{"name":"wp","href":"https:\/\/api.w.org\/{rel}","templated":true}]}}