{"id":7530,"date":"2015-10-24T01:35:10","date_gmt":"2015-10-23T23:35:10","guid":{"rendered":"https:\/\/webstore4.com\/\/?product=dahua-vtob108-ip-video-intercom-opbouw-behuizing-voor-buiten-station-vto2000a-en-vto2000a-2"},"modified":"2025-02-15T12:03:37","modified_gmt":"2025-02-15T11:03:37","slug":"dahua-vtob108-ip-video-intercom-opbouw-behuizing-voor-buiten-station-vto2000a-en-vto2000a-2","status":"publish","type":"product","link":"https:\/\/webstore4.com\/de\/product\/dahua-vtob108-ip-video-intercom-opbouw-behuizing-voor-buiten-station-vto2000a-en-vto2000a-2\/","title":{"rendered":"Dahua VTOB108 IP-Video-Gegensprechanlage Aufputzgeh\u00e4use f\u00fcr Au\u00dfenstation VTO2000A und VTO2000A-2"},"content":{"rendered":"<p>Das Dahua VTOB108 ist ein Aufputzgeh\u00e4use aus Metall f\u00fcr die Dahua Au\u00dfenstationen VTO2000A und VTO2000A-2. Wir liefern das neueste Modell aus Leichtmetall, das nicht anf\u00e4llig f\u00fcr Rost ist.<\/p>\n<p>Onder het tabblad &#8216;Documentatie&#8217; is een link naar de datasheet opgenomen.<\/p>\n<p><strong>Wichtigste Funktionen<\/strong><\/p>\n<ul>\n<li>Geschikt voor VTO2000A en VTO2000A-2<\/li>\n<li>Metall<\/li>\n<li>145x134x88 mm<\/li>\n<\/ul>\n<p><a href=\"https:\/\/webstore4.com\/Copyright\/\" target=\"_blank\" rel=\"noopener\"><span style=\"color: #ff6e03; font-size: 11px;\">\u00a9 Der Text ist urheberrechtlich gesch\u00fctzt<\/span><\/a><\/p>","protected":false},"excerpt":{"rendered":"<p>De Dahua VTOB108 is een metalen opbouw behuizing voor de Dahua buiten stations VTO2000A en VTO2000A-2. Wij leveren het model gemaakt van lichtmetaal dat niet roestgevoelig is. Onder het tabblad &#8216;Documentatie&#8217; is een link naar de datasheet opgenomen. Belangrijkste kenmerken Geschikt voor VTO2000A en VTO2000A-2 Metaal 145x134x88 mm \u00a9 Tekst is auteursrechtelijk beschermd<\/p>","protected":false},"featured_media":7531,"comment_status":"open","ping_status":"closed","template":"","meta":[],"pwb-brand":[3376],"product_cat":[4178,4179,4181],"product_tag":[],"class_list":{"0":"post-7530","1":"product","2":"type-product","3":"status-publish","4":"has-post-thumbnail","6":"pwb-brand-dahua","7":"product_cat-intercom","8":"product_cat-dahua-ip-video","9":"product_cat-x-security-ip-video","10":"product_shipping_class-pakket","11":"pa_aanbieding-opop","12":"pa_behuizing-regenkap","13":"pa_kleur-grijs","14":"pa_materiaal-metaal","15":"pa_merk-dahua","16":"pa_montage-opbouw","17":"pa_omgeving-binnen-en-buiten","18":"pa_product-modulair","19":"pa_product-status-k","21":"first","22":"instock","23":"sale","24":"taxable","25":"shipping-taxable","26":"purchasable","27":"product-type-simple"},"brands":[{"id":3376,"name":"Dahua","slug":"dahua"}],"_links":{"self":[{"href":"https:\/\/webstore4.com\/de\/wp-json\/wp\/v2\/product\/7530","targetHints":{"allow":["GET"]}}],"collection":[{"href":"https:\/\/webstore4.com\/de\/wp-json\/wp\/v2\/product"}],"about":[{"href":"https:\/\/webstore4.com\/de\/wp-json\/wp\/v2\/types\/product"}],"replies":[{"embeddable":true,"href":"https:\/\/webstore4.com\/de\/wp-json\/wp\/v2\/comments?post=7530"}],"wp:featuredmedia":[{"embeddable":true,"href":"https:\/\/webstore4.com\/de\/wp-json\/wp\/v2\/media\/7531"}],"wp:attachment":[{"href":"https:\/\/webstore4.com\/de\/wp-json\/wp\/v2\/media?parent=7530"}],"wp:term":[{"taxonomy":"pwb-brand","embeddable":true,"href":"https:\/\/webstore4.com\/de\/wp-json\/wp\/v2\/pwb-brand?post=7530"},{"taxonomy":"product_cat","embeddable":true,"href":"https:\/\/webstore4.com\/de\/wp-json\/wp\/v2\/product_cat?post=7530"},{"taxonomy":"product_tag","embeddable":true,"href":"https:\/\/webstore4.com\/de\/wp-json\/wp\/v2\/product_tag?post=7530"}],"curies":[{"name":"wp","href":"https:\/\/api.w.org\/{rel}","templated":true}]}}