{"id":7528,"date":"2015-10-24T01:15:29","date_gmt":"2015-10-23T23:15:29","guid":{"rendered":"https:\/\/webstore4.com\/\/?product=dahua-vtob107-ip-video-intercom-inbouw-behuizing-voor-buiten-station-vto2000a-en-vto2000a-2"},"modified":"2024-04-19T15:02:46","modified_gmt":"2024-04-19T14:02:46","slug":"dahua-vtob107-ip-video-intercom-inbouw-behuizing-voor-buiten-station-vto2000a-en-vto2000a-2","status":"publish","type":"product","link":"https:\/\/webstore4.com\/de\/product\/dahua-vtob107-ip-video-intercom-inbouw-behuizing-voor-buiten-station-vto2000a-en-vto2000a-2\/","title":{"rendered":"Dahua VTOB107 IP-Video-Gegensprechanlage Einbaugeh\u00e4use f\u00fcr Au\u00dfenstation VTO2000A und VTO2000A-2"},"content":{"rendered":"<p>De Dahua VTOB107 is een metalen inbouw behuizing voor de Dahua buiten stations VTO2000A en VTO2000A-2. Onder belangrijkste kenmerken zijn de afmetingen opgenomen. De inbouw afmetingen liggen op 128 mm hoogte, 117 mm breedte en 80 mm diepte.<\/p>\n<p>Onder het tabblad &#8216;Documentatie&#8217; is de datasheet opgenomen.<\/p>\n<p><strong>Wichtigste Funktionen<\/strong><\/p>\n<ul>\n<li>Te gebruiken met VTO2000A en VTO2000A-2<\/li>\n<li>Hoogte 135 mm<\/li>\n<li>Breedte 125 mm<\/li>\n<li>Diepte 56 mm<\/li>\n<\/ul>\n<p><a href=\"https:\/\/webstore4.com\/Copyright\/\" target=\"_blank\" rel=\"noopener\"><span style=\"color: #ff6e03; font-size: 11px;\">\u00a9 Der Text ist urheberrechtlich gesch\u00fctzt<\/span><\/a><\/p>","protected":false},"excerpt":{"rendered":"<p>De Dahua VTOB107 is een metalen inbouw behuizing voor de Dahua buiten stations VTO2000A en VTO2000A-2. Onder belangrijkste kenmerken zijn de afmetingen opgenomen. De inbouw afmetingen liggen op 128 mm hoogte, 117 mm breedte en 80 mm diepte. Onder het tabblad &#8216;Documentatie&#8217; is de datasheet opgenomen. Belangrijkste kenmerken Te gebruiken met VTO2000A en VTO2000A-2 Hoogte<\/p>\n<div class=\"klb-readmore button\"><a class=\"btn link\" href=\"https:\/\/webstore4.com\/de\/product\/dahua-vtob107-ip-video-intercom-inbouw-behuizing-voor-buiten-station-vto2000a-en-vto2000a-2\/\">Mehr lesen <i class=\"klbth-icon-right-arrow\"><\/i><\/a><\/div>","protected":false},"featured_media":7529,"comment_status":"open","ping_status":"closed","template":"","meta":[],"pwb-brand":[3376],"product_cat":[4178,4179],"product_tag":[1581],"class_list":{"0":"post-7528","1":"product","2":"type-product","3":"status-publish","4":"has-post-thumbnail","6":"pwb-brand-dahua","7":"product_cat-intercom","8":"product_cat-dahua-ip-video","9":"product_tag-vtob107","10":"product_shipping_class-pakket","11":"pa_behuizing-montagebox","12":"pa_materiaal-metaal","13":"pa_merk-dahua","14":"pa_montage-inbouw","15":"pa_omgeving-binnen-en-buiten","16":"pa_product-modulair","17":"pa_product-status-d","19":"first","20":"instock","21":"taxable","22":"shipping-taxable","23":"purchasable","24":"product-type-simple"},"brands":[{"id":3376,"name":"Dahua","slug":"dahua"}],"_links":{"self":[{"href":"https:\/\/webstore4.com\/de\/wp-json\/wp\/v2\/product\/7528","targetHints":{"allow":["GET"]}}],"collection":[{"href":"https:\/\/webstore4.com\/de\/wp-json\/wp\/v2\/product"}],"about":[{"href":"https:\/\/webstore4.com\/de\/wp-json\/wp\/v2\/types\/product"}],"replies":[{"embeddable":true,"href":"https:\/\/webstore4.com\/de\/wp-json\/wp\/v2\/comments?post=7528"}],"wp:featuredmedia":[{"embeddable":true,"href":"https:\/\/webstore4.com\/de\/wp-json\/wp\/v2\/media\/7529"}],"wp:attachment":[{"href":"https:\/\/webstore4.com\/de\/wp-json\/wp\/v2\/media?parent=7528"}],"wp:term":[{"taxonomy":"pwb-brand","embeddable":true,"href":"https:\/\/webstore4.com\/de\/wp-json\/wp\/v2\/pwb-brand?post=7528"},{"taxonomy":"product_cat","embeddable":true,"href":"https:\/\/webstore4.com\/de\/wp-json\/wp\/v2\/product_cat?post=7528"},{"taxonomy":"product_tag","embeddable":true,"href":"https:\/\/webstore4.com\/de\/wp-json\/wp\/v2\/product_tag?post=7528"}],"curies":[{"name":"wp","href":"https:\/\/api.w.org\/{rel}","templated":true}]}}