{"id":7468,"date":"2023-08-17T13:52:13","date_gmt":"2023-08-17T11:52:13","guid":{"rendered":"https:\/\/webstore4.com\/?post_type=product&#038;p=7468"},"modified":"2025-02-20T07:09:36","modified_gmt":"2025-02-20T06:09:36","slug":"vicohome-vh-db1-draadloze-3mp-smart-wifi-deurbel","status":"publish","type":"product","link":"https:\/\/webstore4.com\/de\/product\/vicohome-vh-db1-draadloze-3mp-smart-wifi-deurbel\/","title":{"rendered":"VicoHome VH-DB1 kabellose 3MP FULL HD Smart WiFi Au\u00dfent\u00fcrklingel mit Akku, IR-Nachtsicht, PIR, microSD und 2-Wege-Audio"},"content":{"rendered":"<p>Die VicoHome VH-DB1 ist eine intelligente Full-HD-3-Megapixel-WLAN-T\u00fcrklingel f\u00fcr den Au\u00dfenbereich mit einem 2,8-mm-Objektiv. Die Kamera verf\u00fcgt \u00fcber Infrarot-Nachtsicht, Bewegungserkennung, Akku, kostenlose Anwendung und die M\u00f6glichkeit, Bilder auf einer microSD-Karte in der Kamera aufzuzeichnen. Die T\u00fcrklingel ist in jeder Situation einfach zu bedienen, da sie dank WLAN und Akkubetrieb komplett kabellos genutzt werden kann.<\/p>\n<p>VicoHome ist ein Smart-Home-Unternehmen, das sich auf die Entwicklung und Herstellung fortschrittlicher intelligenter Ger\u00e4te und Systeme f\u00fcr den Heimgebrauch konzentriert. Sie bieten eine breite Produktpalette von \u00dcberwachungskameras bis hin zu intelligenter Beleuchtung. VicoHome konzentriert sich auf die Entwicklung benutzerfreundlicher und innovativer L\u00f6sungen, um das t\u00e4gliche Leben zu Hause mithilfe von Technologie zu verbessern. WebStore4 ist offizieller H\u00e4ndler von VicoHome und empfiehlt dieses Produkt gerne weiter, da es sehr einfach zu installieren und zu verwenden ist.<\/p>\n<p><strong>M\u00f6glichkeiten<\/strong><\/p>\n<p>Der VicoHome VH-DB1 zeigt Bilder in Full HD mit einer Aufl\u00f6sung von 2048 x 1536 an. Bei Dunkelheit kann die Kamera die integrierte IR-Beleuchtung einschalten und liefert so auch bei v\u00f6lliger Dunkelheit ein gestochen scharfes Bild. Die IR-Beleuchtung hat eine Reichweite von f\u00fcnf Metern. Die Kamera verf\u00fcgt \u00fcber ein 2,8-mm-Objektiv mit einem weiten Betrachtungswinkel von 160 Grad. Der VicoHome VH-DB1 verf\u00fcgt \u00fcber intelligente Funktionen wie Bewegungserkennung und einen Passiv-Infrarot-Detektor (PIR). Die Kamera ist in der Lage, die Bewegungen von Menschen und Tieren zu unterscheiden. Bewegungsalarme k\u00f6nnen nach Wunsch eingestellt werden.<\/p>\n<p>Die Kamera funktioniert mit der englischsprachigen VicoHome-App f\u00fcr iOS und Android. Die Kamera wird mit kostenlosem Cloud-Speicher geliefert, um die Ereignisse abzurufen. Die Aufnahme wird nach 3 Tagen oder 1 GB Aufnahme \u00fcberschrieben. Die Anwendung erm\u00f6glicht es, mit der Person, die an der T\u00fcr klingelt, zu kommunizieren und erkannte Bilder anzuzeigen. Im kostenlosen Abonnement ist auch eine App-Benachrichtigung bei Bewegung enthalten. \u00dcber ein kostenpflichtiges Abonnement ist auch eine cloudbasierte KI-Analyse von Bildern und gr\u00f6\u00dferer Speicher verf\u00fcgbar. Hochgeladene Ereignisaufzeichnungen werden dann in Echtzeit analysiert, um Haustiere, Fahrzeuge oder Pakete zu erkennen, und der Kamerabenutzer wird nur \u00fcber die Ereignisse benachrichtigt, f\u00fcr die eine Benachrichtigung erforderlich ist. F\u00fcr die aktuellen Konditionen und Kosten eines Abonnements empfehlen wir die Konsultation der VicoHome-App im iOS- oder Google-App-Store.<\/p>\n<p>Die VicoHome VH-DB1 verf\u00fcgt \u00fcber die Schutzart IP65, wodurch sich die Kamera ideal f\u00fcr den Au\u00dfenbereich eignet. Dar\u00fcber hinaus verf\u00fcgt die T\u00fcrklingel \u00fcber einen Manipulationsschutz. Die intelligente T\u00fcrklingel kann \u00fcber das 8-V- bis 24-V-Volt-Netzteil der herk\u00f6mmlichen T\u00fcrklingel oder \u00fcber den 5200-mAh-Akku betrieben werden. Die gesch\u00e4tzte Lebensdauer der Batterie betr\u00e4gt bei normalem Gebrauch f\u00fcnf Monate. Der Akku wird \u00fcber ein mitgeliefertes Micro-USB-Kabel aufgeladen.<\/p>\n<p>Der mitgelieferte Gong verf\u00fcgt \u00fcber f\u00fcnf verschiedene Klingelt\u00f6ne und kann bei Bedarf stummgeschaltet werden (maximal 85 dB). Die T\u00f6ne k\u00f6nnen auf jede gew\u00fcnschte Lautst\u00e4rke eingestellt und bei Bedarf stummgeschaltet werden. Der Gong ben\u00f6tigt eine kontinuierliche 5V-Stromversorgung. Dieser Artikel l\u00e4sst sich sehr einfach an den mitgelieferten Montagehalterungen installieren. Im Lieferumfang ist eine Halterung enthalten, um die Kamera schr\u00e4g nach oben zu platzieren, und eine Halterung, um die Glocke schr\u00e4g zu platzieren. Eine \u00fcbersichtliche Anleitung in Englisch und Deutsch ist ebenfalls enthalten. Das Handbuch in Niederl\u00e4ndisch, Deutsch und Englisch ist unter der Registerkarte \u201eDokumentation\u201c enthalten.<\/p>\n<p>Unter \u201eOptionen\u201c k\u00f6nnen ein 5V-Netzteil und eine MicroSD-Karte bestellt werden.<\/p>\n<p><strong>Wichtige Funktionen<\/strong><\/p>\n<ul>\n<li>3-Megapixel-Full-HD-Au\u00dfenkamera<\/li>\n<li>2,8-mm-Objektiv mit 160-Grad-Blickwinkel<\/li>\n<li>H.264\/H.265-Komprimierung<\/li>\n<li>Komplett kabellose IP-Smart-Klingel mit Akku und WLAN (2,4 GHz)<\/li>\n<li>Der 5200-mAh-Lithium-Li-Ionen-Akku arbeitet bei normaler Verwendung mehrere Monate lang autonom<\/li>\n<li>Die T\u00fcrklingel kann an die Stromversorgung der Klingel angeschlossen werden oder mit Batteriestrom betrieben werden<\/li>\n<li>M\u00f6glichkeit zur Aufzeichnung auf microSD-Karte in der Kamera mit bis zu 128 GB (microSD nicht im Lieferumfang enthalten)<\/li>\n<li>Infrarot-Nachtsicht bis zu 5 Meter<\/li>\n<li>Zwei-Wege-Audio<\/li>\n<li>Manipulationsalarm<\/li>\n<li>Inklusive Gong<\/li>\n<li>Inklusive Micro-USB-Kabel<\/li>\n<li>Inklusive Montagehalterungen<\/li>\n<li>Kann mit Standard 5 VDC\/1,5 A USB aufgeladen werden<\/li>\n<\/ul>\n<p><a href=\"https:\/\/www.webstore4ipcameras.nl\/Copyright\" target=\"_blank\" rel=\"noopener\"><span style=\"color: #ff6e03; font-size: 11px;\">\u00a9 Der Text ist urheberrechtlich gesch\u00fctzt<\/span><\/a><\/p>","protected":false},"excerpt":{"rendered":"<p>Die VicoHome VH-DB1 ist eine intelligente Full-HD-3-Megapixel-WLAN-T\u00fcrklingel f\u00fcr den Au\u00dfenbereich mit einem 2,8-mm-Objektiv.<\/p>","protected":false},"featured_media":14870,"comment_status":"open","ping_status":"closed","template":"","meta":[],"pwb-brand":[3431],"product_cat":[4191,4246],"product_tag":[],"class_list":{"0":"post-7468","1":"product","2":"type-product","3":"status-publish","4":"has-post-thumbnail","6":"pwb-brand-vicohome","7":"product_cat-access","8":"product_cat-deurbel","9":"product_shipping_class-pakket","10":"pa_audio-microfoon","11":"pa_audio-microfoon-speaker","12":"pa_audio-speaker","13":"pa_draadloos-ja-wi-fi-802-11","14":"pa_geheugenkaart-type-micro-sdsdhcsdxc-128gb","15":"pa_ingebouwd-type-nachtzicht-infrared-ir-led","16":"pa_kaartlezer-nee","17":"pa_kleur-zwart","18":"pa_lens-mm-2-8","19":"pa_materiaal-kunststof","20":"pa_megapixel-3mp","21":"pa_merk-vicohome","22":"pa_mobiele-app-fabrikant-ja","23":"pa_montage-opbouw","24":"pa_resolutie-max-pixels-full-hd-2048x1536","25":"pa_stand-alone-ja","26":"pa_voeding-5v-usb","27":"pa_voeding-batterij","29":"first","30":"onbackorder","31":"taxable","32":"shipping-taxable","33":"purchasable","34":"product-type-simple"},"brands":[{"id":3431,"name":"VicoHome","slug":"vicohome"}],"_links":{"self":[{"href":"https:\/\/webstore4.com\/de\/wp-json\/wp\/v2\/product\/7468","targetHints":{"allow":["GET"]}}],"collection":[{"href":"https:\/\/webstore4.com\/de\/wp-json\/wp\/v2\/product"}],"about":[{"href":"https:\/\/webstore4.com\/de\/wp-json\/wp\/v2\/types\/product"}],"replies":[{"embeddable":true,"href":"https:\/\/webstore4.com\/de\/wp-json\/wp\/v2\/comments?post=7468"}],"wp:featuredmedia":[{"embeddable":true,"href":"https:\/\/webstore4.com\/de\/wp-json\/wp\/v2\/media\/14870"}],"wp:attachment":[{"href":"https:\/\/webstore4.com\/de\/wp-json\/wp\/v2\/media?parent=7468"}],"wp:term":[{"taxonomy":"pwb-brand","embeddable":true,"href":"https:\/\/webstore4.com\/de\/wp-json\/wp\/v2\/pwb-brand?post=7468"},{"taxonomy":"product_cat","embeddable":true,"href":"https:\/\/webstore4.com\/de\/wp-json\/wp\/v2\/product_cat?post=7468"},{"taxonomy":"product_tag","embeddable":true,"href":"https:\/\/webstore4.com\/de\/wp-json\/wp\/v2\/product_tag?post=7468"}],"curies":[{"name":"wp","href":"https:\/\/api.w.org\/{rel}","templated":true}]}}