{"id":18422,"date":"2025-01-08T18:58:36","date_gmt":"2025-01-08T17:58:36","guid":{"rendered":"https:\/\/webstore4.com\/?post_type=product&#038;p=18422"},"modified":"2025-05-16T17:16:25","modified_gmt":"2025-05-16T16:16:25","slug":"yli-yb-500bled-24vdc-elektrisch-grendelslot","status":"publish","type":"product","link":"https:\/\/webstore4.com\/de\/product\/yli-yb-500bled-24vdc-elektrisch-grendelslot\/","title":{"rendered":"YLI YB-500B(LED)-24VDC elektrisches Riegelschloss unter Putz mit Status-LED, einstellbare Zeitschaltuhr, 1000KG, ausfallsicher"},"content":{"rendered":"<p>Das elektrische Riegelschloss YLI YB-500B(LED) verf\u00fcgt \u00fcber eine Status-LED, einen einstellbaren Timer, einen Signalausgang, eine 1000KG-Widerstandsf\u00e4higkeit und eine ausfallsichere Schaltung: Sobald die Stromversorgung des Schlosses unterbrochen wird, ist die T\u00fcr verriegelt.<\/p>\n<p><strong>M\u00f6glichkeiten<\/strong><\/p>\n<p>Das YLI YB-500B(LED) ist f\u00fcr den Einsatz mit Zugangskontrollsystemen wie Gegensprechanlagen und Kartenlesern geeignet. Das Fallenschloss hat eine Widerstandskraft von 1000KG und muss mit 24VDC versorgt werden. Das Netzteil ist nicht im Lieferumfang enthalten, aber das passende Netzteil kann unter 'Optionen' mitbestellt werden.<\/p>\n<p>Wir empfehlen, das Datenblatt auf der Registerkarte \u201eDokumentation\u201c zu konsultieren, um die richtige Anwendung zu finden.<\/p>\n<p><strong>Wichtigste Funktionen<\/strong><\/p>\n<ul>\n<li>Ausfallsicheres Schloss<\/li>\n<li>Automatische Sperre mit Timer f\u00fcr 0\/3\/6\/9 Sekunden<\/li>\n<li>KEIN Signalausgang<\/li>\n<li>Status-LED<\/li>\n<li>1000 kg Haltekraft<\/li>\n<li>Bolzen aus Edelstahl 304<\/li>\n<\/ul>\n<p><a href=\"https:\/\/webstore4.com\/Copyright\/\" target=\"_blank\" rel=\"noopener\"><span style=\"color: #ff6e03; font-size: 11px;\">\u00a9 Der Text ist urheberrechtlich gesch\u00fctzt<\/span><\/a><\/p>","protected":false},"excerpt":{"rendered":"<p>De YLI YB-500B(LED) elektrisch grendelslot inbouw met status LED, instelbare timer, signaal uitgang, 1000KG weerstand en een fail secure schakeling: zodra de stroom naar het slot wegvalt is de deur op slot. Mogelijkheden De YLI YB-500B(LED) is geschikt om te worden gebruikt met toegangscontrole systemen zoals intercom en paslezers. Het grendelslot heeft een weerstandkracht van<\/p>\n<div class=\"klb-readmore button\"><a class=\"btn link\" href=\"https:\/\/webstore4.com\/de\/product\/yli-yb-500bled-24vdc-elektrisch-grendelslot\/\">Mehr lesen <i class=\"klbth-icon-right-arrow\"><\/i><\/a><\/div>","protected":false},"featured_media":18421,"comment_status":"open","ping_status":"closed","template":"","meta":[],"pwb-brand":[3382],"product_cat":[4191,4197],"product_tag":[4916],"class_list":{"0":"post-18422","1":"product","2":"type-product","3":"status-publish","4":"has-post-thumbnail","6":"pwb-brand-yli","7":"product_cat-access","8":"product_cat-elektrische-sloten","9":"product_tag-yb-500bled","10":"product_shipping_class-pakket","11":"pa_fail-fail-secure","12":"pa_garantie-3-jaar","13":"pa_materiaal-staal","14":"pa_merk-yli","15":"pa_montage-inbouw","16":"pa_omgeving-binnen","17":"pa_product-grendelslot","18":"pa_voeding-24vdc","19":"pa_weerstand-kracht-1000-kg","21":"first","22":"instock","23":"taxable","24":"shipping-taxable","25":"purchasable","26":"product-type-simple"},"brands":[{"id":3382,"name":"YLI","slug":"yli"}],"_links":{"self":[{"href":"https:\/\/webstore4.com\/de\/wp-json\/wp\/v2\/product\/18422","targetHints":{"allow":["GET"]}}],"collection":[{"href":"https:\/\/webstore4.com\/de\/wp-json\/wp\/v2\/product"}],"about":[{"href":"https:\/\/webstore4.com\/de\/wp-json\/wp\/v2\/types\/product"}],"replies":[{"embeddable":true,"href":"https:\/\/webstore4.com\/de\/wp-json\/wp\/v2\/comments?post=18422"}],"wp:featuredmedia":[{"embeddable":true,"href":"https:\/\/webstore4.com\/de\/wp-json\/wp\/v2\/media\/18421"}],"wp:attachment":[{"href":"https:\/\/webstore4.com\/de\/wp-json\/wp\/v2\/media?parent=18422"}],"wp:term":[{"taxonomy":"pwb-brand","embeddable":true,"href":"https:\/\/webstore4.com\/de\/wp-json\/wp\/v2\/pwb-brand?post=18422"},{"taxonomy":"product_cat","embeddable":true,"href":"https:\/\/webstore4.com\/de\/wp-json\/wp\/v2\/product_cat?post=18422"},{"taxonomy":"product_tag","embeddable":true,"href":"https:\/\/webstore4.com\/de\/wp-json\/wp\/v2\/product_tag?post=18422"}],"curies":[{"name":"wp","href":"https:\/\/api.w.org\/{rel}","templated":true}]}}