{"id":18240,"date":"2024-11-25T06:21:51","date_gmt":"2024-11-25T05:21:51","guid":{"rendered":"https:\/\/webstore4.com\/?post_type=product&#038;p=18240"},"modified":"2025-02-19T05:22:25","modified_gmt":"2025-02-19T04:22:25","slug":"dahua-cs4226-24et-240-24-poort-switch","status":"publish","type":"product","link":"https:\/\/webstore4.com\/de\/product\/dahua-cs4226-24et-240-24-poort-switch\/","title":{"rendered":"Dahua CS4226-24ET-240 24 Port 802.3af\/at\/bt PoE Switch mit 2 Uplink Ports und 250m PoE Reichweite"},"content":{"rendered":"<p>Der Dahua CS4226-24ET-240 ist ein professioneller Switch mit 24 Anschl\u00fcssen, von denen alle 24 Ports Power over Ethernet (PoE) unterst\u00fctzen. Durch die Nutzung der PoE-Funktionalit\u00e4t kann z.B. eine IP-Kamera mit nur einem Netzwerkkabel an das Netzwerk angeschlossen und mit Strom versorgt werden. Zus\u00e4tzlich zu den 24 PoE-Anschl\u00fcssen sind zwei LAN RJ45 (10\/100\/1000 Base-T) Ports vorhanden.<\/p>\n<p>Netzwerkger\u00e4te wie PTZ-IP-Kameras, Access Points, VOIP-Telefone und IR-Lampen, die dem POE-Standard 802.3af\/at\/bt entsprechen, k\u00f6nnen an einen der 24 PoE-Ports angeschlossen werden. Der PoE-Switch hat ein Gesamtbudget von 240 Watt.<\/p>\n<p>Die Registerkarte \u201eDokumentation\u201c enth\u00e4lt einen Link zur Produktseite des Herstellers mit weiteren Einzelheiten.<\/p>\n<p><strong>Hauptmerkmale<\/strong><\/p>\n<ul>\n<li>24 Anschl\u00fcsse 10\/100 802.3af\/at\/bt PoE<\/li>\n<li>2 Ports 10\/100 RJ45-Uplink<\/li>\n<li>PoE voor netwerkapparatuur tot maximaal 90 Watt per PoE poort (2 poorten)<\/li>\n<li>Die gesamte PoE-Leistung, die der Switch liefern kann (das Budget), betr\u00e4gt 240 Watt.<\/li>\n<li>PoE-Watchdog<\/li>\n<li>Unterst\u00fctzung des LLDP-Protokolls<\/li>\n<li>250 Meter PoE<\/li>\n<li>Loop Protection<\/li>\n<\/ul>\n<p><a href=\"https:\/\/webstore4.com\/Copyright\/\" target=\"_blank\" rel=\"noopener\"><span style=\"color: #ff6e03; font-size: 11px;\">\u00a9 Der Text ist urheberrechtlich gesch\u00fctzt<\/span><\/a><\/p>","protected":false},"excerpt":{"rendered":"<p>De Dahua CS4226-24ET-240 is een professionele switch met 24 aansluitingen waarvan alle 24 poorten Power over Ethernet (PoE) ondersteunen. Door gebruik te maken van de PoE functionaliteit kan bijvoorbeeld een IP camera met slechts \u00e9\u00e9n netwerkkabel worden aangesloten op het netwerk en van de juiste stroom worden voorzien. Er zijn naast 24 PoE aansluitingen twee<\/p>\n<div class=\"klb-readmore button\"><a class=\"btn link\" href=\"https:\/\/webstore4.com\/de\/product\/dahua-cs4226-24et-240-24-poort-switch\/\">Mehr lesen <i class=\"klbth-icon-right-arrow\"><\/i><\/a><\/div>","protected":false},"featured_media":18243,"comment_status":"open","ping_status":"closed","template":"","meta":[],"pwb-brand":[3376],"product_cat":[3440,3446],"product_tag":[],"class_list":{"0":"post-18240","1":"product","2":"type-product","3":"status-publish","4":"has-post-thumbnail","6":"pwb-brand-dahua","7":"product_cat-netwerk","8":"product_cat-switches","9":"product_shipping_class-pakket","10":"pa_aantal-poe-poorten-4848","11":"pa_gigabit-poorten-3935","12":"pa_managed-smart-managed","13":"pa_merk-dahua","14":"pa_omgeving-binnen","15":"pa_poe-802-3af-at","16":"pa_product-status-k","17":"pa_totaal-poe-vermogen-watt-4746","19":"first","20":"onbackorder","21":"taxable","22":"shipping-taxable","23":"purchasable","24":"product-type-simple"},"brands":[{"id":3376,"name":"Dahua","slug":"dahua"}],"_links":{"self":[{"href":"https:\/\/webstore4.com\/de\/wp-json\/wp\/v2\/product\/18240","targetHints":{"allow":["GET"]}}],"collection":[{"href":"https:\/\/webstore4.com\/de\/wp-json\/wp\/v2\/product"}],"about":[{"href":"https:\/\/webstore4.com\/de\/wp-json\/wp\/v2\/types\/product"}],"replies":[{"embeddable":true,"href":"https:\/\/webstore4.com\/de\/wp-json\/wp\/v2\/comments?post=18240"}],"wp:featuredmedia":[{"embeddable":true,"href":"https:\/\/webstore4.com\/de\/wp-json\/wp\/v2\/media\/18243"}],"wp:attachment":[{"href":"https:\/\/webstore4.com\/de\/wp-json\/wp\/v2\/media?parent=18240"}],"wp:term":[{"taxonomy":"pwb-brand","embeddable":true,"href":"https:\/\/webstore4.com\/de\/wp-json\/wp\/v2\/pwb-brand?post=18240"},{"taxonomy":"product_cat","embeddable":true,"href":"https:\/\/webstore4.com\/de\/wp-json\/wp\/v2\/product_cat?post=18240"},{"taxonomy":"product_tag","embeddable":true,"href":"https:\/\/webstore4.com\/de\/wp-json\/wp\/v2\/product_tag?post=18240"}],"curies":[{"name":"wp","href":"https:\/\/api.w.org\/{rel}","templated":true}]}}