{"id":18169,"date":"2024-11-03T11:39:49","date_gmt":"2024-11-03T10:39:49","guid":{"rendered":"https:\/\/webstore4.com\/?post_type=product&#038;p=18169"},"modified":"2024-11-04T19:19:30","modified_gmt":"2024-11-04T18:19:30","slug":"uniarch-ipc-t122-apf28-eco-2mp-turret-camera","status":"publish","type":"product","link":"https:\/\/webstore4.com\/de\/product\/uniarch-ipc-t122-apf28-eco-2mp-turret-camera\/","title":{"rendered":"Uniarch IPC-T122-APF28-ECO Full HD 2MP Outdoor-Turmkamera mit 30m Smart IR, WDR, PoE, SD-Slot, eingebautem Mikrofon und kostenloser Anwendung"},"content":{"rendered":"<div class=\"video-frame-box\" style=\"width: 100%; max-width: 480px; max-height: 270px; float: right; padding: 0px 10px 10px 10px;\">\n<div class=\"video-frame\"><iframe src=\"\/\/www.youtube.com\/embed\/oR_O0mi4pC4?rel=0&amp;modestbranding=1&amp;showinfo=0&amp;autohide=1\" width=\"480\" height=\"270\" frameborder=\"0\"><\/iframe><\/div>\n<\/div>\n<p>Die Uniarch IPC-T122-APF28-ECO ist eine Full HD 2 Megapixel Eyeball-Kamera mit 30m Smart Infrarot Nachtsicht, Bewegungserkennung und kann \u00fcber Netzwerkkabel (PoE) mit Strom versorgt werden. Die Kamera ist f\u00fcr den Innen- und Au\u00dfeneinsatz geeignet. Uniarch ist eine Produktlinie von Uniview mit preiswerter Video\u00fcberwachung und mit Fokus auf zuverl\u00e4ssiger Qualit\u00e4t, einfacher Installation und hoher Benutzerfreundlichkeit.<\/p>\n<p><strong>M\u00f6glichkeiten<\/strong><\/p>\n<p>Die Uniarch IPC-T122-APF28-ECO zeigt Bilder in Full HD 1920\u00d71080 Aufl\u00f6sung an. Die Kamera verf\u00fcgt \u00fcber ein festes 2,8-mm-Objektiv und einen horizontalen Blickwinkel von 106,7 Grad. Bei Dunkelheit kann die Kamera die eingebaute IR-Beleuchtung einschalten, die auch bei v\u00f6lliger Dunkelheit (0 Lux) gestochen scharfe Bilder liefert.<br \/>\nDie IR-Beleuchtung hat eine maximale Reichweite von 30 Metern. Die Kamera verf\u00fcgt \u00fcber Digital Wide Dynamic Range (WDR), wodurch die Kamera auch komplexe Lichtverh\u00e4ltnisse gut bew\u00e4ltigen kann.<\/p>\n<p>Die Bilder k\u00f6nnen auf einem Netzwerk-Videorekorder (NVR) gespeichert werden. Uniarch-Rekorder sind unter der Registerkarte \u201eOptionen\u201c aufgef\u00fchrt. Die Kamera kann auch auf eine kamerainterne microSD-Speicherkarte mit bis zu 128 Gigabyte aufzeichnen.<\/p>\n<p>Eine kostenlose mobile App ist f\u00fcr Apple iOS und Android verf\u00fcgbar. Es kann die niederl\u00e4ndische Uniview-App oder die spezifische Uniarch-App (Englisch) verwendet werden. Die Kamera verf\u00fcgt \u00fcber einen internen Webserver, der \u00fcber einen Webbrowser angezeigt und verwaltet werden kann. Auch die Verwaltung der Kameras und Bilder ist mit einem NVR m\u00f6glich.<br \/>\nVideo Management Software (VMS) f\u00fcr einen Computer kann kostenlos von der Uniview-Website heruntergeladen werden. Der Reiter \u201eDokumentation\u201c enth\u00e4lt einen Link zur Produktseite des Herstellers mit allen Produktinformationen und Handb\u00fcchern. Die Software kann auch von der Website heruntergeladen werden.<\/p>\n<p>Die Uniarch IPC-T122-APF28-ECO hat die Schutzart IP67 und ist damit ideal f\u00fcr den Au\u00dfeneinsatz geeignet. Um die Installation zu erleichtern, kann die Kamera \u00fcber das Netzwerkkabel mit Power over Ethernet (Standard 802.3af P0E) mit Strom versorgt werden. PoE kann z. B. \u00fcber einen PoE-NVR von Uniarch, einen PoE-Switch oder einen PoE-Injektor bezogen werden. Die Kamera kann auch \u00fcber einen optionalen 12V-Netzadapter mit Strom versorgt werden. Ein Adapter und\/oder eine Uniview-Montagehalterung k\u00f6nnen unter der Registerkarte \u201eOptionen\u201c mitbestellt werden. Die Kamera ist \u00fcber 3 Achsen einstellbar.<\/p>\n<p><strong>Wichtigste Funktionen<\/strong><\/p>\n<ul>\n<li>2-Megapixel-Full-HD-Au\u00dfenkamera<\/li>\n<li>Einfache Installation<\/li>\n<li>Kostenlose App und Software<\/li>\n<li>Bewegungserkennung<\/li>\n<li>Tag-\/Nachtkamera mit automatischem mechanischem IR-Sperrfilter<\/li>\n<li>IR-Nachtsichtbeleuchtung bis zu 30 Meter<\/li>\n<li>Auf 3 Achsen verstellbar<\/li>\n<li>Digital Wide Dynamic Range (DWDR)<\/li>\n<li>Ultra H.265-Komprimierung f\u00fcr effiziente Netzwerk- und Speichernutzung<\/li>\n<li>Aufzeichnung auf SD-Karte mit bis zu 128 GB<\/li>\n<li>ONVIF-kompatibel<\/li>\n<li>Stromversorgung \u00fcber 12VDC-Adapter oder \u00fcber PoE (802.3af)<\/li>\n<\/ul>\n<p><a href=\"https:\/\/webstore4.com\/Copyright\/\" target=\"_blank\" rel=\"noopener\"><span style=\"color: #ff6e03; font-size: 11px;\">\u00a9 Der Text ist urheberrechtlich gesch\u00fctzt<\/span><\/a><\/p>","protected":false},"excerpt":{"rendered":"<p>Die Uniarch IPC-T122-APF28-ECO ist eine Full HD 2 Megapixel Eyeball-Kamera mit 30m Smart Infrarot Nachtsicht, Bewegungserkennung und kann \u00fcber Netzwerkkabel (PoE) mit Strom versorgt werden. Die Kamera ist f\u00fcr den Innen- und Au\u00dfeneinsatz geeignet. Uniarch ist eine Produktlinie von Uniview mit preiswerter Video\u00fcberwachung und mit Fokus auf zuverl\u00e4ssiger Qualit\u00e4t, einfacher Installation und hoher Benutzerfreundlichkeit.<\/p>\n<div class=\"klb-readmore button\"><a class=\"btn link\" href=\"https:\/\/webstore4.com\/de\/product\/uniarch-ipc-t122-apf28-eco-2mp-turret-camera\/\">Mehr lesen <i class=\"klbth-icon-right-arrow\"><\/i><\/a><\/div>","protected":false},"featured_media":18170,"comment_status":"open","ping_status":"closed","template":"","meta":[],"pwb-brand":[3415],"product_cat":[3435,4184,4200,4198,4238],"product_tag":[],"class_list":{"0":"post-18169","1":"product","2":"type-product","3":"status-publish","4":"has-post-thumbnail","6":"pwb-brand-uniview-uniarch","7":"product_cat-ip-cameras","8":"product_cat-cameras","9":"product_cat-dome-eyeball-cameras-cameras","10":"product_cat-series","11":"product_cat-uniarch-by-uniview-series","12":"product_shipping_class-pakket","13":"pa_beeldhoek-graden-horizontaal-106-7","14":"pa_beeldsensor-1-2-8-cmos","15":"pa_dag-nacht-ir-cut-filter-ja","16":"pa_ingebouwd-type-nachtzicht-infrared-ir-led","17":"pa_lens-mm-2-8","18":"pa_megapixel-2mp","19":"pa_merk-uniview-uniarch","20":"pa_minimale-verlichting-0-02-lux-0-lux-met-ir","21":"pa_mobiele-app-fabrikant-ja","22":"pa_nachtzicht-ja","23":"pa_omgeving-binnen-en-buiten","24":"pa_opnemen-op-sd-kaart-nee","25":"pa_poe-802-3af","26":"pa_resolutie-max-pixels-full-hd-1920x1080","27":"pa_vandaalbestendig-nee","28":"pa_verstelbare-assen-3631","29":"pa_voeding-12vdc","30":"pa_voeding-poe","31":"pa_wdr-ja","33":"first","34":"onbackorder","35":"taxable","36":"shipping-taxable","37":"purchasable","38":"product-type-simple"},"brands":[{"id":3415,"name":"Uniview Uniarch","slug":"uniview-uniarch"}],"_links":{"self":[{"href":"https:\/\/webstore4.com\/de\/wp-json\/wp\/v2\/product\/18169","targetHints":{"allow":["GET"]}}],"collection":[{"href":"https:\/\/webstore4.com\/de\/wp-json\/wp\/v2\/product"}],"about":[{"href":"https:\/\/webstore4.com\/de\/wp-json\/wp\/v2\/types\/product"}],"replies":[{"embeddable":true,"href":"https:\/\/webstore4.com\/de\/wp-json\/wp\/v2\/comments?post=18169"}],"wp:featuredmedia":[{"embeddable":true,"href":"https:\/\/webstore4.com\/de\/wp-json\/wp\/v2\/media\/18170"}],"wp:attachment":[{"href":"https:\/\/webstore4.com\/de\/wp-json\/wp\/v2\/media?parent=18169"}],"wp:term":[{"taxonomy":"pwb-brand","embeddable":true,"href":"https:\/\/webstore4.com\/de\/wp-json\/wp\/v2\/pwb-brand?post=18169"},{"taxonomy":"product_cat","embeddable":true,"href":"https:\/\/webstore4.com\/de\/wp-json\/wp\/v2\/product_cat?post=18169"},{"taxonomy":"product_tag","embeddable":true,"href":"https:\/\/webstore4.com\/de\/wp-json\/wp\/v2\/product_tag?post=18169"}],"curies":[{"name":"wp","href":"https:\/\/api.w.org\/{rel}","templated":true}]}}