{"id":18161,"date":"2024-11-02T10:51:09","date_gmt":"2024-11-02T09:51:09","guid":{"rendered":"https:\/\/webstore4.com\/?post_type=product&#038;p=18161"},"modified":"2024-11-09T11:06:32","modified_gmt":"2024-11-09T10:06:32","slug":"yli-mbk-350l-w-l-profiel","status":"publish","type":"product","link":"https:\/\/webstore4.com\/de\/product\/yli-mbk-350l-w-l-profiel\/","title":{"rendered":"YLI MBK-350L-W L-Profil f\u00fcr das elektromagnetische Schloss YM-350W-S"},"content":{"rendered":"<p>Das YLI MBK-350L-W ist ein L-Profil f\u00fcr das YLI YM-350W-S Elektromagnetisches Schloss Aufputz Haftmagnet 350KG aus Edelstahl. Das Schloss ist f\u00fcr den Au\u00dfeneinsatz geeignet.<\/p>\n<p>Beachten Sie das Datenblatt f\u00fcr die richtige Anwendung. Das Datenblatt finden Sie unter der Registerkarte \u201eDokumentation\u201c.<\/p>\n<p><strong>Wichtigste Funktionen<\/strong><\/p>\n<ul>\n<li>Geeignet f\u00fcr den Haftmagneten YLI YM-350W-S<\/li>\n<li>Hergestellt aus Aluminium<\/li>\n<\/ul>\n<p><a href=\"https:\/\/webstore4.com\/Copyright\/\" target=\"_blank\" rel=\"noopener\"><span style=\"color: #ff6e03; font-size: 11px;\">\u00a9 Der Text ist urheberrechtlich gesch\u00fctzt<\/span><\/a><\/p>","protected":false},"excerpt":{"rendered":"<p>De YLI MBK-350L-W is een L-profiel voor het YLI YM-350W-S Elektromagnetisch slot opbouw kleefmagneet 350KG van RVS. Het slot is geschikt voor gebruik in de buitenomgeving. Raadpleeg de datasheet voor de juiste toepassing. De datasheet is te vinden onder het tabblad &#8216;Documentatie&#8217;. Belangrijkste kenmerken Geschikt voor YLI YM-350W-S kleefmagneet Geproduceerd uit aluminium \u00a9 Tekst is<\/p>\n<div class=\"klb-readmore button\"><a class=\"btn link\" href=\"https:\/\/webstore4.com\/de\/product\/yli-mbk-350l-w-l-profiel\/\">Mehr lesen <i class=\"klbth-icon-right-arrow\"><\/i><\/a><\/div>","protected":false},"featured_media":9153,"comment_status":"open","ping_status":"closed","template":"","meta":[],"pwb-brand":[3382],"product_cat":[4191,4197],"product_tag":[],"class_list":{"0":"post-18161","1":"product","2":"type-product","3":"status-publish","4":"has-post-thumbnail","6":"pwb-brand-yli","7":"product_cat-access","8":"product_cat-elektrische-sloten","9":"product_shipping_class-pakket","10":"pa_materiaal-aluminium","11":"pa_merk-yli","12":"pa_montage-opbouw","13":"pa_profiel-l-profiel","15":"first","16":"instock","17":"taxable","18":"shipping-taxable","19":"purchasable","20":"product-type-simple"},"brands":[{"id":3382,"name":"YLI","slug":"yli"}],"_links":{"self":[{"href":"https:\/\/webstore4.com\/de\/wp-json\/wp\/v2\/product\/18161","targetHints":{"allow":["GET"]}}],"collection":[{"href":"https:\/\/webstore4.com\/de\/wp-json\/wp\/v2\/product"}],"about":[{"href":"https:\/\/webstore4.com\/de\/wp-json\/wp\/v2\/types\/product"}],"replies":[{"embeddable":true,"href":"https:\/\/webstore4.com\/de\/wp-json\/wp\/v2\/comments?post=18161"}],"wp:featuredmedia":[{"embeddable":true,"href":"https:\/\/webstore4.com\/de\/wp-json\/wp\/v2\/media\/9153"}],"wp:attachment":[{"href":"https:\/\/webstore4.com\/de\/wp-json\/wp\/v2\/media?parent=18161"}],"wp:term":[{"taxonomy":"pwb-brand","embeddable":true,"href":"https:\/\/webstore4.com\/de\/wp-json\/wp\/v2\/pwb-brand?post=18161"},{"taxonomy":"product_cat","embeddable":true,"href":"https:\/\/webstore4.com\/de\/wp-json\/wp\/v2\/product_cat?post=18161"},{"taxonomy":"product_tag","embeddable":true,"href":"https:\/\/webstore4.com\/de\/wp-json\/wp\/v2\/product_tag?post=18161"}],"curies":[{"name":"wp","href":"https:\/\/api.w.org\/{rel}","templated":true}]}}