{"id":18153,"date":"2024-10-31T22:03:02","date_gmt":"2024-10-31T21:03:02","guid":{"rendered":"https:\/\/webstore4.com\/?post_type=product&#038;p=18153"},"modified":"2024-11-02T11:18:38","modified_gmt":"2024-11-02T10:18:38","slug":"tonmind-sip-s11t-wand-of-plafond-ip-luidspreker-outlet","status":"publish","type":"product","link":"https:\/\/webstore4.com\/de\/product\/tonmind-sip-s11t-wand-of-plafond-ip-luidspreker-outlet\/","title":{"rendered":"Tonmind SIP-S11T wand of plafond 30Watt IP luidspreker met PoE, SIP, ONVIF voor binnen of buiten (OUTLET)"},"content":{"rendered":"<div>\n<p><strong>Reden Outlet: Product zonder logo en lichte deuk in voorzijde product, 1 stuks beschikbaar<\/strong><\/p>\n<p>&nbsp;<\/p>\n<p>Der Tonmind SIP-S11T ist ein hochwertiger IP-Lautsprecher mit PoE und integriertem 30-Watt-Verst\u00e4rker f\u00fcr die Wand- (vertikal oder horizontal) oder Deckenmontage. Der Lautsprecher kann im Freien verwendet werden (IP55). Der Lautsprecher wird \u00fcber ein Netzwerkkabel mit dem Netzwerk verbunden und kann mit PoE oder mit 12VDC\/24VDC betrieben werden. Der Lautsprecher verf\u00fcgt \u00fcber das ONVIF- und SIP-Protokoll (VoIP). Der Lautsprecher ist ideal f\u00fcr den Einsatz bei Kamera\u00fcberwachung, Brandmeldeanlagen, Beschallungsanlagen in Schulen, Krankenh\u00e4usern, Musik in Fitnessstudios, Gesch\u00e4ften, Gastronomie, Gewerbegeb\u00e4uden, B\u00fcros, Baustellen, Veranstaltungen usw.<\/p>\n<p><strong>M\u00f6glichkeiten<\/strong><\/p>\n<p>Der Tonmind IP Audio PoE-Lautsprecher eignet sich zum Abspielen von Musik (z. B. Spotify), f\u00fcr eine Beschallungsanlage, zum Senden von Nachrichten und Warnungen, zum Abspielen von Sounddateien zu festgelegten Zeiten usw.<\/p>\n<p>Tonmind verf\u00fcgt \u00fcber verschiedene Softwarepakete. Zur Konfiguration des Lautsprechers gibt es das kostenlose IP-Tool f\u00fcr Windows. Zur Nutzung stehen Audio Manager, PA Lite und PA Pro (Client oder Server) zur Verf\u00fcgung. Bei diesen Paketen handelt es sich um kostenpflichtige Software (Einmallizenz) mit einem einmonatigen kostenlosen Testzeitraum. Eine Lizenz f\u00fcr Audio Manager ist unter der Registerkarte \u201eVerwandt\u201c enthalten. Lizenzen f\u00fcr PA Lite und PA Pro sind auf Anfrage erh\u00e4ltlich. Beim Kauf von Tonmind-Lautsprechern im Wert von 1.500,00 \u20ac inkl. MwSt. stellen wir eine kostenlose Lizenz f\u00fcr Audio Manager zur Verf\u00fcgung. Ein Widerruf (oder eines Teils) der Bestellung der Referenten ist aufgrund der Bereitstellung der Softwarelizenz dann nicht m\u00f6glich.<\/p>\n<p>Audio Manager funktioniert auf einem Windows-PC beispielsweise mit Spotify und anderen Audioplayern, MP3-Dateien, HTTP-API-Befehlen, Live-URL-Streams, WAV-Dateien, Mikrofon, RTP-Multicast usw. Es gibt Unterst\u00fctzung f\u00fcr ONVIF (VMS) und SIP Telefonie- und Intercom-Protokoll.<\/p>\n<p><strong>Installation<\/strong><\/p>\n<p>Die Tonmind IP Audio PoE-Lautsprecher werden \u00fcber das LAN-Netzwerk mit einem Netzwerkkabel verbunden und k\u00f6nnen mit Standard 802.3af PoE oder mit 12VDC (nicht im Lieferumfang enthalten) betrieben werden. Montagematerial ist im Lieferumfang enthalten. Der Lautsprecher kann auch ohne direkt an die Wand geh\u00e4ngt werden Eine Halterung (vertikal oder horizontal) mit der mitgelieferten Montageplatte. Der Lautsprecher verf\u00fcgt \u00fcber eine Weboberfl\u00e4che, die mit einem Browser auf einem Windows-PC oder einem Mac ge\u00f6ffnet werden kann. F\u00fcr die Konfiguration sind Kenntnisse \u00fcber IP-Netzwerk-Audio (ONVIF, RTP, SIP) erforderlich . ein Link zum englischsprachigen Handbuch, zur Software und zu den Datenbl\u00e4ttern, die auf der Registerkarte \u201eDokumentation\u201c enthalten sind. Die von uns angebotenen Tonmind-Modelle verf\u00fcgen \u00fcber einen Alarmeingang (NO: normalerweise offen) f\u00fcr einen direkten kabelgebundenen Eingang, beispielsweise von einem (Feuer-)Alarm System, Zugangskontrolle, IR-Strahlen, PIR-Detektoren, IP-Kamera, Netzwerk-Videorecorder usw. Die Hupe oder der Lautsprecher k\u00f6nnen einen voreingestellten Ton oder eine eigene Nachricht ausgeben, wenn der Schlie\u00dferkontakt geschlossen ist.<img decoding=\"async\" class=\"\" style=\"float: right; height: 561px; width: 661px;\" src=\"https:\/\/webstore4.com\/wp-content\/uploads\/content\/Tonmind-application-WebStore4.jpg\" alt=\"Tonmind IP speakers LAN\" \/><\/p>\n<p><strong>Hauptmerkmale<\/strong><\/p>\n<ul>\n<li>IP-Lautsprecher mit PoE f\u00fcr drinnen oder drau\u00dfen<\/li>\n<li>SIP-VOIP-kompatibel<\/li>\n<li>Kompatibel mit ONVIF Video Management Software (VMS).<\/li>\n<li>MP3, HTTP-API, WAV, URL, KEINE Eingabe<\/li>\n<li>Stellen Sie verschiedene Zonen ein<\/li>\n<li>Eingebauter 30-Watt-Verst\u00e4rker<\/li>\n<li>Einschlie\u00dflich 48K OPUS Audio Codec<\/li>\n<li>Firmware-Upgrade<\/li>\n<li>Abmessungen 296 x 196 x 157 mm<\/li>\n<li>Wetterbest\u00e4ndigkeit IP55<\/li>\n<\/ul>\n<\/div>\n<p><a href=\"https:\/\/www.webstore4ipcameras.nl\/Copyright\" target=\"_blank\" rel=\"noopener\"><span style=\"color: #ff6e03; font-size: 11px;\">\u00a9 Der Text ist urheberrechtlich gesch\u00fctzt<\/span><\/a><\/p>","protected":false},"excerpt":{"rendered":"<p>Der Tonmind SIP-S11T ist ein hochwertiger IP-Lautsprecher mit PoE und integriertem Verst\u00e4rker f\u00fcr die Wand- oder Deckenmontage.<\/p>","protected":false},"featured_media":18154,"comment_status":"open","ping_status":"closed","template":"","meta":[],"pwb-brand":[3430],"product_cat":[3454],"product_tag":[],"class_list":{"0":"post-18153","1":"product","2":"type-product","3":"status-publish","4":"has-post-thumbnail","6":"pwb-brand-tonmind","7":"product_cat-outlet","8":"product_shipping_class-pakket","9":"pa_garantie-2-jaar","10":"pa_materiaal-kunststof","11":"pa_merk-tonmind","12":"pa_voeding-12vdc","13":"pa_voeding-24vdc","14":"pa_voeding-poe","16":"first","17":"instock","18":"sale","19":"sold-individually","20":"taxable","21":"shipping-taxable","22":"purchasable","23":"product-type-simple"},"brands":[{"id":3430,"name":"Tonmind","slug":"tonmind"}],"_links":{"self":[{"href":"https:\/\/webstore4.com\/de\/wp-json\/wp\/v2\/product\/18153","targetHints":{"allow":["GET"]}}],"collection":[{"href":"https:\/\/webstore4.com\/de\/wp-json\/wp\/v2\/product"}],"about":[{"href":"https:\/\/webstore4.com\/de\/wp-json\/wp\/v2\/types\/product"}],"replies":[{"embeddable":true,"href":"https:\/\/webstore4.com\/de\/wp-json\/wp\/v2\/comments?post=18153"}],"wp:featuredmedia":[{"embeddable":true,"href":"https:\/\/webstore4.com\/de\/wp-json\/wp\/v2\/media\/18154"}],"wp:attachment":[{"href":"https:\/\/webstore4.com\/de\/wp-json\/wp\/v2\/media?parent=18153"}],"wp:term":[{"taxonomy":"pwb-brand","embeddable":true,"href":"https:\/\/webstore4.com\/de\/wp-json\/wp\/v2\/pwb-brand?post=18153"},{"taxonomy":"product_cat","embeddable":true,"href":"https:\/\/webstore4.com\/de\/wp-json\/wp\/v2\/product_cat?post=18153"},{"taxonomy":"product_tag","embeddable":true,"href":"https:\/\/webstore4.com\/de\/wp-json\/wp\/v2\/product_tag?post=18153"}],"curies":[{"name":"wp","href":"https:\/\/api.w.org\/{rel}","templated":true}]}}