{"id":18119,"date":"2024-10-24T05:49:25","date_gmt":"2024-10-24T04:49:25","guid":{"rendered":"https:\/\/webstore4.com\/?post_type=product&#038;p=18119"},"modified":"2025-11-02T12:28:44","modified_gmt":"2025-11-02T11:28:44","slug":"uniview-ipc322lb-af28wk-g-2mp-wi-fi-dome-camera","status":"publish","type":"product","link":"https:\/\/webstore4.com\/de\/product\/uniview-ipc322lb-af28wk-g-2mp-wi-fi-dome-camera\/","title":{"rendered":"Uniview IPC322LB-AF28WK-G Full HD 2MP Wi-Fi Dome-Kamera mit IR-Nachtsicht und SD-Kartenslot"},"content":{"rendered":"<p>Die Uniview IPC322LB-AF28WK-G ist eine vandalismusgesch\u00fctzte Full HD 2MP Wi-Fi Dome-Kamera f\u00fcr den Innen- und Au\u00dfeneinsatz. Die Sicherheitskamera verf\u00fcgt \u00fcber Smart IR-Nachtsicht und die M\u00f6glichkeit, auf einer microSD-Karte aufzuzeichnen. Die Kamera funktioniert mit der kostenlosen App und Software EZView, EZLive und EZStation von Uniview.<\/p>\n<p><strong>M\u00f6glichkeiten<\/strong><\/p>\n<p>Die IPC322LB-AF28WK-G zeigt Bilder in Full HD 1920\u00d71080 Aufl\u00f6sung an. Die Kamera verf\u00fcgt \u00fcber ein festes 2,8-Objektiv, das einen horizontalen Blickwinkel von 101,1 Grad bietet. Bei Dunkelheit kann die Kamera die integrierte IR-Beleuchtung einschalten, die selbst bei v\u00f6lliger Dunkelheit (0 Lux) ein gestochen scharfes Bild liefert. Die Smart IR-Beleuchtung hat eine maximale Reichweite von 30 Metern.<br \/>\nDe camera beschikt over 120dB Wide Dynamic Range (WDR) waardoor de camera goed kan omgaan met complexe lichtomstandigheden.<\/p>\n<p><strong>Zur\u00fcckziehen<\/strong><\/p>\n<p>Die Kamera verf\u00fcgt \u00fcber einen Micro-SD-Slot f\u00fcr eine SD-Karte mit bis zu 128 GB (nicht im Lieferumfang enthalten). Die passende SD-Karte kann unter \u201eOptionen\u201c mitbestellt werden.<\/p>\n<p><strong>Kostenlose App<\/strong><\/p>\n<p>Eine kostenlose mobile App ist f\u00fcr Apple iOS und Android verf\u00fcgbar. Die Kamera unterst\u00fctzt die Uniview EZView und EZLive App sowie die EZStation PC\/Mac Software. Die Uniview IPC322LB-AF28WK-G hat die Schutzklasse IP67 und ist damit ideal f\u00fcr den Au\u00dfeneinsatz geeignet. Die Kamera kann auch mit einem optionalen 12-V-Netzadapter betrieben werden.<br \/>\nAuf der Registerkarte \u201eOptionen\u201c k\u00f6nnen Sie angeben, ob ein Adapter mitgeliefert werden soll. Dar\u00fcber hinaus sind unter \u201eOptionen\u201c auch die Befestigungsmaterialien aufgef\u00fchrt. Die Kamera ist \u00fcber 3 Achsen einstellbar. Die Kamera hat einen Vandalismusschutz von IK10.<\/p>\n<p>Auf der Registerkarte \u201eDokumentation\u201c finden Sie einen Link zum Datenblatt und zur Website des Herstellers.<\/p>\n<p><strong>Hauptmerkmale<\/strong><\/p>\n<ul>\n<li>2-Megapixel-Progressive-Scan-CMOS<\/li>\n<li>802.11b\/g\/n WLAN- oder Netzwerkkabelverbindung<\/li>\n<li>H.265-Kodierung<\/li>\n<li>Digitaler WDR (DWDR)<\/li>\n<li>2,8 mm festes Objektiv<\/li>\n<li>Maximale IR-LED-Reichweite von 30 Metern<\/li>\n<li>IP67 wetterfest<\/li>\n<li>IK10 vandalensicher<\/li>\n<li>Nehmen Sie auf einer microSD-Karte mit bis zu 128 GB auf<\/li>\n<\/ul>\n<p><a href=\"https:\/\/webstore4.com\/Copyright\/\" target=\"_blank\" rel=\"noopener\"><span style=\"color: #ff6e03; font-size: 11px;\">\u00a9 Der Text ist urheberrechtlich gesch\u00fctzt<\/span><\/a><\/p>","protected":false},"excerpt":{"rendered":"<p>De Uniview IPC322LB-AF28WK-G is een vandaalbestendige Full HD 2MP Wi-Fi dome camera voor binnen of buiten. De beveiligingscamera beschikt over Smart IR nachtzicht en de mogelijkheid om op te nemen op een microSD kaart. De camera werkt met de gratis app en software van Uniview EZView, EZLive en EZStation. Mogelijkheden De IPC322LB-AF28WK-G geeft beelden weer<\/p>\n<div class=\"klb-readmore button\"><a class=\"btn link\" href=\"https:\/\/webstore4.com\/de\/product\/uniview-ipc322lb-af28wk-g-2mp-wi-fi-dome-camera\/\">Mehr lesen <i class=\"klbth-icon-right-arrow\"><\/i><\/a><\/div>","protected":false},"featured_media":18120,"comment_status":"open","ping_status":"closed","template":"","meta":[],"pwb-brand":[3419],"product_cat":[3435,4184,4200],"product_tag":[4915],"class_list":{"0":"post-18119","1":"product","2":"type-product","3":"status-publish","4":"has-post-thumbnail","6":"pwb-brand-uniview","7":"product_cat-ip-cameras","8":"product_cat-cameras","9":"product_cat-dome-eyeball-cameras-cameras","10":"product_tag-ipc322lb-af28wk-g","11":"product_shipping_class-pakket","12":"pa_audio-microfoon","13":"pa_beeldhoek-graden-horizontaal-101-1","14":"pa_beeldsensor-1-2-9-cmos","15":"pa_dag-nacht-ir-cut-filter-ja","16":"pa_draadloos-ja-wi-fi-802-11","17":"pa_geheugenkaart-type-micro-sdsdhcsdxc-128gb","18":"pa_ingebouwd-type-nachtzicht-infrared-ir-led","19":"pa_lens-mm-2-8","20":"pa_megapixel-2mp","21":"pa_merk-uniview","22":"pa_minimale-verlichting-0-01-lux-0-lux-met-ir","23":"pa_mobiele-app-fabrikant-ja","24":"pa_nachtzicht-ja","25":"pa_omgeving-binnen-en-buiten","26":"pa_opnemen-op-sd-kaart-ja","27":"pa_poe-nee","28":"pa_resolutie-max-pixels-full-hd-1920x1080","29":"pa_vandaalbestendig-ik10","30":"pa_voeding-12vdc","31":"pa_wdr-ja","33":"first","34":"onbackorder","35":"taxable","36":"shipping-taxable","37":"purchasable","38":"product-type-simple"},"brands":[{"id":3419,"name":"Uniview","slug":"uniview"}],"_links":{"self":[{"href":"https:\/\/webstore4.com\/de\/wp-json\/wp\/v2\/product\/18119","targetHints":{"allow":["GET"]}}],"collection":[{"href":"https:\/\/webstore4.com\/de\/wp-json\/wp\/v2\/product"}],"about":[{"href":"https:\/\/webstore4.com\/de\/wp-json\/wp\/v2\/types\/product"}],"replies":[{"embeddable":true,"href":"https:\/\/webstore4.com\/de\/wp-json\/wp\/v2\/comments?post=18119"}],"wp:featuredmedia":[{"embeddable":true,"href":"https:\/\/webstore4.com\/de\/wp-json\/wp\/v2\/media\/18120"}],"wp:attachment":[{"href":"https:\/\/webstore4.com\/de\/wp-json\/wp\/v2\/media?parent=18119"}],"wp:term":[{"taxonomy":"pwb-brand","embeddable":true,"href":"https:\/\/webstore4.com\/de\/wp-json\/wp\/v2\/pwb-brand?post=18119"},{"taxonomy":"product_cat","embeddable":true,"href":"https:\/\/webstore4.com\/de\/wp-json\/wp\/v2\/product_cat?post=18119"},{"taxonomy":"product_tag","embeddable":true,"href":"https:\/\/webstore4.com\/de\/wp-json\/wp\/v2\/product_tag?post=18119"}],"curies":[{"name":"wp","href":"https:\/\/api.w.org\/{rel}","templated":true}]}}