{"id":17979,"date":"2024-09-28T11:16:00","date_gmt":"2024-09-28T10:16:00","guid":{"rendered":"https:\/\/webstore4.com\/?post_type=product&#038;p=17979"},"modified":"2024-10-01T05:23:05","modified_gmt":"2024-10-01T04:23:05","slug":"uniarch-uho-b1r-m2f3-b-2mp-wi-fi-bullet-camera","status":"publish","type":"product","link":"https:\/\/webstore4.com\/de\/product\/uniarch-uho-b1r-m2f3-b-2mp-wi-fi-bullet-camera\/","title":{"rendered":"Uniarch UHO-B1R-M2F3-B Full HD 2MP buiten Wi-Fi bullet camera met 2.8 mm lens, 30m Smart IR, WDR, PoE, ingebouwde microfoon, SD kaart en gratis applicatie"},"content":{"rendered":"<div class=\"video-frame-box\" style=\"width: 100%; max-width: 480px; max-height: 270px; float: right; padding: 0px 10px 10px 10px;\">\n<div class=\"video-frame\"><iframe src=\"\/\/www.youtube.com\/embed\/oR_O0mi4pC4?rel=0&amp;modestbranding=1&amp;showinfo=0&amp;autohide=1\" width=\"480\" height=\"270\" frameborder=\"0\"><\/iframe><\/div>\n<\/div>\n<p>De Uniarch UHO-B1R-M2F3-BLACK is de zwarte variant van de Uniarch UHO-B1R-M2F3 en is een Full HD 2MP 1080p Wi-Fi bullet camera met 30 meter Smart infrarood nachtzicht, bewegingsdetectie, Digital Wide Dynamic Range en ingebouwde microfoon. De beveiligingscamera kan van stroom worden voorzien via een 12VDC voeding. De camera is geschikt voor binnen of buiten. Uniarch is een productlijn van Uniview met voordelige videobewaking en met focus op betrouwbare kwaliteit, eenvoudige installatie en hoog gebruiksgemak.<\/p>\n<p><strong>M\u00f6glichkeiten<\/strong><\/p>\n<p>De Uniarch UHO-B1R-M2F3-B geeft beelden weer in een Full HD 1920&#215;1080 resolutie. De camera beschikt over een vaste lens van 2.8 mm. De camera kan in donkere omstandigheden de ingebouwde IR verlichting inschakelen waardoor er zelfs in volledige duisternis (0 Lux) een haarscherp beeld is. De IR verlichting heeft een maximum bereik van 30 meter. De camera beschikt over Digital Wide Dynamic Range (WDR) van 120 dB, waardoor de camera goed kan omgaan met complexe lichtomstandigheden.<\/p>\n<p>Beelden kunnen worden opgeslagen op een Netwerk Video Recorder (NVR). Onder het tabblad &#8216;Opties&#8217; zijn de Uniarch recorders opgenomen. De camera dient dan via het netwerk met de NVR verbonden te worden, gezien de camera niet over een PoE aansluiting beschikt.<br \/>\nDe camera kan ook opnemen op een microSD geheugenkaart in de camera tot maximaal 128Gb. Een passende SD-kaart kan worden mee besteld onder &#8216;Opties&#8217;.<\/p>\n<p>Eine kostenlose mobile App ist f\u00fcr Apple iOS und Android verf\u00fcgbar. Es kann die niederl\u00e4ndische Uniview-App oder die spezifische Uniarch-App (Englisch) verwendet werden. Die Kamera verf\u00fcgt \u00fcber einen internen Webserver, der \u00fcber einen Webbrowser angezeigt und verwaltet werden kann. Auch die Verwaltung der Kameras und Bilder ist mit einem NVR m\u00f6glich. Video Management Software (VMS) f\u00fcr einen Computer kann kostenlos von der Uniview-Website heruntergeladen werden. Unter dem Reiter \u201eDokumentation\u201c gibt es einen Link zur Produktseite des Herstellers mit allen Produktinformationen und Handb\u00fcchern. Die Software kann von der Website heruntergeladen werden.<\/p>\n<p>De Uniarch UHO-B1R-M2F3-B heeft een IP67 rating waardoor de camera uitermate geschikt is voor gebruik buiten. Onder het tabblad &#8216;Opties&#8217; kan een adapter en\/of Uniview montagebeugel worden mee besteld. De camera is verstelbaar over 3 assen.<\/p>\n<p><strong>Wichtigste Funktionen<\/strong><\/p>\n<ul>\n<li>2-Megapixel-Full-HD-Au\u00dfenkamera<\/li>\n<li>Wi-Fi IEEE802.11b\/g\/n, 2.4 Ghz<\/li>\n<li>Einfache Installation<\/li>\n<li>Kostenlose App und Software<\/li>\n<li>Bewegungserkennung<\/li>\n<li>Tag-\/Nachtkamera mit automatischem mechanischem IR-Sperrfilter<\/li>\n<li>IR-Nachtsichtbeleuchtung bis zu 30 Meter<\/li>\n<li>Auf 3 Achsen verstellbar<\/li>\n<li>Digital Wide Dynamic Range (DWDR), 2D\/3D NR, Privatzonenmaske<\/li>\n<li>Ultra H.265-Komprimierung f\u00fcr effiziente Netzwerk- und Speichernutzung<\/li>\n<li>ONVIF-kompatibel<\/li>\n<li>Stromversorgung \u00fcber 12VDC-Adapter<\/li>\n<li>Schwarz<\/li>\n<\/ul>\n<p><a href=\"https:\/\/webstore4.com\/Copyright\/\" target=\"_blank\" rel=\"noopener\"><span style=\"color: #ff6e03; font-size: 11px;\">\u00a9 Der Text ist urheberrechtlich gesch\u00fctzt<\/span><\/a><\/p>","protected":false},"excerpt":{"rendered":"<p>De Uniarch UHO-B1R-M2F3-BLACK is de zwarte variant van de Uniarch UHO-B1R-M2F3 en is een Full HD 2MP 1080p Wi-Fi bullet camera met 30 meter Smart infrarood nachtzicht, bewegingsdetectie, Digital Wide Dynamic Range en ingebouwde microfoon. De beveiligingscamera kan van stroom worden voorzien via een 12VDC voeding. De camera is geschikt voor binnen of buiten. Uniarch<\/p>\n<div class=\"klb-readmore button\"><a class=\"btn link\" href=\"https:\/\/webstore4.com\/de\/product\/uniarch-uho-b1r-m2f3-b-2mp-wi-fi-bullet-camera\/\">Mehr lesen <i class=\"klbth-icon-right-arrow\"><\/i><\/a><\/div>","protected":false},"featured_media":17980,"comment_status":"open","ping_status":"closed","template":"","meta":[],"pwb-brand":[3415],"product_cat":[3435,4184,4219,4198,4238],"product_tag":[4909],"class_list":{"0":"post-17979","1":"product","2":"type-product","3":"status-publish","4":"has-post-thumbnail","6":"pwb-brand-uniview-uniarch","7":"product_cat-ip-cameras","8":"product_cat-cameras","9":"product_cat-bullet-box-cameras-cameras","10":"product_cat-series","11":"product_cat-uniarch-by-uniview-series","12":"product_tag-uho-b1r-m2f3","13":"product_shipping_class-pakket","14":"pa_beeldhoek-graden-horizontaal-101-1","15":"pa_beeldsensor-1-2-9-cmos","16":"pa_dag-nacht-ir-cut-filter-ja","17":"pa_draadloos-ja-wi-fi-802-11","18":"pa_draadloos-protocol-wi-fi-802-11bgn","19":"pa_geheugenkaart-type-micro-sdsdhcsdxc-128gb","20":"pa_ingebouwd-type-nachtzicht-infrared-ir-led","21":"pa_lens-mm-2-8","22":"pa_megapixel-2mp","23":"pa_merk-uniview-uniarch","24":"pa_minimale-verlichting-0-01-lux-0-lux-met-ir","25":"pa_mobiele-app-fabrikant-ja","26":"pa_nachtzicht-ja","27":"pa_omgeving-binnen-en-buiten","28":"pa_opnemen-op-sd-kaart-ja","29":"pa_poe-nee","30":"pa_resolutie-max-pixels-full-hd-1920x1080","31":"pa_vandaalbestendig-nee","32":"pa_verstelbare-assen-3631","33":"pa_voeding-12vdc","34":"pa_wdr-ja","36":"first","37":"onbackorder","38":"taxable","39":"shipping-taxable","40":"purchasable","41":"product-type-simple"},"brands":[{"id":3415,"name":"Uniview Uniarch","slug":"uniview-uniarch"}],"_links":{"self":[{"href":"https:\/\/webstore4.com\/de\/wp-json\/wp\/v2\/product\/17979","targetHints":{"allow":["GET"]}}],"collection":[{"href":"https:\/\/webstore4.com\/de\/wp-json\/wp\/v2\/product"}],"about":[{"href":"https:\/\/webstore4.com\/de\/wp-json\/wp\/v2\/types\/product"}],"replies":[{"embeddable":true,"href":"https:\/\/webstore4.com\/de\/wp-json\/wp\/v2\/comments?post=17979"}],"wp:featuredmedia":[{"embeddable":true,"href":"https:\/\/webstore4.com\/de\/wp-json\/wp\/v2\/media\/17980"}],"wp:attachment":[{"href":"https:\/\/webstore4.com\/de\/wp-json\/wp\/v2\/media?parent=17979"}],"wp:term":[{"taxonomy":"pwb-brand","embeddable":true,"href":"https:\/\/webstore4.com\/de\/wp-json\/wp\/v2\/pwb-brand?post=17979"},{"taxonomy":"product_cat","embeddable":true,"href":"https:\/\/webstore4.com\/de\/wp-json\/wp\/v2\/product_cat?post=17979"},{"taxonomy":"product_tag","embeddable":true,"href":"https:\/\/webstore4.com\/de\/wp-json\/wp\/v2\/product_tag?post=17979"}],"curies":[{"name":"wp","href":"https:\/\/api.w.org\/{rel}","templated":true}]}}