{"id":17183,"date":"2024-05-23T15:39:02","date_gmt":"2024-05-23T14:39:02","guid":{"rendered":"https:\/\/webstore4.com\/?post_type=product&#038;p=17183"},"modified":"2024-05-23T15:56:03","modified_gmt":"2024-05-23T14:56:03","slug":"wl4-wifi-breaker-smartswitch-w","status":"publish","type":"product","link":"https:\/\/webstore4.com\/de\/product\/wl4-wifi-breaker-smartswitch-w\/","title":{"rendered":"WL4 WIFI-BREAKER-SMARTSWITCH-W Smart Wi-Fi universele schakelaar met timer en gratis Tuya applicatie"},"content":{"rendered":"<p>Der Nivian NVS-SMARTSWITCH-W ist ein intelligenter Schalter mit Timer, der mit der kostenlosen Tuya Smart App f\u00fcr iOS und Android funktioniert. Das Smart-Relais dient zum Schalten eines Ger\u00e4tes mit einer Last von bis zu 2300 Watt\/10 A. Der Switch ist mit dem WLAN-Netzwerk verbunden und es ist kein zentraler Controller, Hub, Fernbedienung oder Abonnement erforderlich. Der Smart Switch kann mit Alexa und Google Assistant zusammenarbeiten.<\/p>\n<p><strong>M\u00f6glichkeiten<\/strong><\/p>\n<p>Gesteuert wird der Schalter \u00fcber die kostenlose Tuya Smart App. Dies kann von \u00fcberall aus erfolgen, wo ein Smartphone oder Tablet \u00fcber eine Internetverbindung verf\u00fcgt: von zu Hause aus oder vom anderen Ende der Welt. Auch andere Ger\u00e4te k\u00f6nnen in der (niederl\u00e4ndischen) App verwaltet werden und es ist m\u00f6glich, R\u00e4ume einzurichten und (Familien-)Mitglieder hinzuzuf\u00fcgen. Es kann ein Ausl\u00f6ser oder Zeitplan eingestellt, Szenen erstellt und eine Verbindung mit Alexa und Google Assistant hergestellt werden.<\/p>\n<p><strong>Installation<\/strong><\/p>\n<p>De schakelaar wordt verbonden met het lokale Wi-Fi netwerk door de Tuya Smart app (ook in het Nederlands).<\/p>\n<p><strong>Hauptmerkmale<\/strong><\/p>\n<ul>\n<li>Maximaal 2400Watt en 10A<\/li>\n<li>Zeitplanfunktion<\/li>\n<li>Unterst\u00fctzt Alexa und Google Assistant<\/li>\n<li>100 \u2013 240 VAC<\/li>\n<li>WLAN 2,4 GHz IEEE802.11 b\/g\/n<\/li>\n<li>Gratis applicatie (ook Nederlandstalig)<\/li>\n<\/ul>\n<p><a href=\"https:\/\/webstore4.com\/Copyright\/\" target=\"_blank\" rel=\"noopener\"><span style=\"color: #ff6e03; font-size: 11px;\">\u00a9 Der Text ist urheberrechtlich gesch\u00fctzt<\/span><\/a><\/p>","protected":false},"excerpt":{"rendered":"<p>De WL4 WIFI-BREAKER-SMARTSWITCH-W is een slimme schakelaar met timer die werkt met de gratis Tuya Smart app voor iOS en Android. Het slimme relais wordt gebruikt om een apparaat te schakelen met een belasting tot 2400Watt\/10A. De schakelaar wordt verbonden met het Wi-Fi netwerk en er is geen centrale controller, hub, afstandsbediening of abonnement nodig.<\/p>\n<div class=\"klb-readmore button\"><a class=\"btn link\" href=\"https:\/\/webstore4.com\/de\/product\/wl4-wifi-breaker-smartswitch-w\/\">Mehr lesen <i class=\"klbth-icon-right-arrow\"><\/i><\/a><\/div>","protected":false},"featured_media":17185,"comment_status":"open","ping_status":"closed","template":"","meta":[],"pwb-brand":[3380],"product_cat":[4178,4241],"product_tag":[],"class_list":{"0":"post-17183","1":"product","2":"type-product","3":"status-publish","4":"has-post-thumbnail","6":"pwb-brand-wl4","7":"product_cat-intercom","8":"product_cat-nivian-smart","9":"product_shipping_class-pakket","10":"pa_draadloos-protocol-wi-fi-802-11bgn","11":"pa_materiaal-kunststof","12":"pa_merk-wl4","13":"pa_mobiele-app-fabrikant-ja","14":"pa_product-schakelaar","15":"pa_voeding-230vac","17":"first","18":"onbackorder","19":"taxable","20":"shipping-taxable","21":"purchasable","22":"product-type-simple"},"brands":[{"id":3380,"name":"WL4","slug":"wl4"}],"_links":{"self":[{"href":"https:\/\/webstore4.com\/de\/wp-json\/wp\/v2\/product\/17183","targetHints":{"allow":["GET"]}}],"collection":[{"href":"https:\/\/webstore4.com\/de\/wp-json\/wp\/v2\/product"}],"about":[{"href":"https:\/\/webstore4.com\/de\/wp-json\/wp\/v2\/types\/product"}],"replies":[{"embeddable":true,"href":"https:\/\/webstore4.com\/de\/wp-json\/wp\/v2\/comments?post=17183"}],"wp:featuredmedia":[{"embeddable":true,"href":"https:\/\/webstore4.com\/de\/wp-json\/wp\/v2\/media\/17185"}],"wp:attachment":[{"href":"https:\/\/webstore4.com\/de\/wp-json\/wp\/v2\/media?parent=17183"}],"wp:term":[{"taxonomy":"pwb-brand","embeddable":true,"href":"https:\/\/webstore4.com\/de\/wp-json\/wp\/v2\/pwb-brand?post=17183"},{"taxonomy":"product_cat","embeddable":true,"href":"https:\/\/webstore4.com\/de\/wp-json\/wp\/v2\/product_cat?post=17183"},{"taxonomy":"product_tag","embeddable":true,"href":"https:\/\/webstore4.com\/de\/wp-json\/wp\/v2\/product_tag?post=17183"}],"curies":[{"name":"wp","href":"https:\/\/api.w.org\/{rel}","templated":true}]}}