{"id":16948,"date":"2024-04-19T08:01:08","date_gmt":"2024-04-19T07:01:08","guid":{"rendered":"https:\/\/webstore4.com\/?post_type=product&#038;p=16948"},"modified":"2024-05-27T17:07:02","modified_gmt":"2024-05-27T16:07:02","slug":"uniarch-kit-turret-nvr104s3-p4-ipc-t124-apf28k","status":"publish","type":"product","link":"https:\/\/webstore4.com\/de\/product\/uniarch-kit-turret-nvr104s3-p4-ipc-t124-apf28k\/","title":{"rendered":"Uniarch Kit Turret met NVR104S3-P4 4-kanaals PoE Netwerk Video Recorder en IPC-T124-APF28K 4MP buiten turret camera met 2.8 mm lens, 30m Smart IR, WDR, PoE, SD slot, ingebouwde microfoon en gratis applicatie"},"content":{"rendered":"<div class=\"video-frame-box\" style=\"width: 100%; max-width: 480px; max-height: 270px; float: right; padding: 0px 10px 10px 10px;\">\n<div class=\"video-frame\"><iframe src=\"\/\/www.youtube.com\/embed\/oR_O0mi4pC4?rel=0&amp;modestbranding=1&amp;showinfo=0&amp;autohide=1\" width=\"480\" height=\"270\" frameborder=\"0\"><\/iframe><\/div>\n<\/div>\n<p>De Uniarch kit Turret is een kit met een Uniarch NVR104S3-P4 Netwerk Video Recorder, Western Digital WD40PURZ Purple 4TB surveillance hard drive en een te kiezen aantal Uniarch IPC-T124-APF28K turret camera&#8217;s. De kit is zorgvuldig samengesteld door WebStore4, zodat klanten sneller en gemakkelijker een complete camera set kunnen aanschaffen. Doordat de Netwerk Video Recorder tot maximaal 4 PoE poorten ondersteund is de set uit te breiden tot vier camera&#8217;s.<\/p>\n<p>Onder &#8216;Opties&#8217; zijn de verschillende onderdelen van de kit terug te vinden. Daarnaast kunnen onder &#8216;Opties&#8217; ook verschillende montageonderdelen en voedingen worden mee besteld.<\/p>\n<p>Toch een andere samenstelling nodig? Stuur ons gerust een e-mail of WhatsApp bericht. We denken graag mee!<\/p>\n<p><strong>Uniarch IPC-T124-APF28K Full HD 4MP buiten turret camera met 2.8 mm lens, 30m Smart IR, WDR, PoE, SD slot, ingebouwde microfoon en gratis applicatie<\/strong><\/p>\n<p>De Uniarch IPC-T124-APF28K is een Full HD 4MP eyeball camera met 30m Smart infrarood nachtzicht, bewegingsdetectie en ingebouwde microfoon. De beveiligingscamera kan van stroom worden voorzien via de netwerkkabel (PoE). De camera is geschikt voor binnen of buiten (IP67) en heeft de mogelijkheid tot het plaatsen van een microSD geheugenkaart tot 128Gb.<\/p>\n<p>Der Uniarch IPC-T124-PF28 zeigt Bilder in einer Full-HD-Aufl\u00f6sung von 2560 x 1440 an. Die Kamera verf\u00fcgt \u00fcber ein festes Objektiv. Die Kamera kann bei Dunkelheit die integrierte IR-Beleuchtung einschalten und liefert so auch bei v\u00f6lliger Dunkelheit (0 Lux) ein gestochen scharfes Bild. Die IR-Beleuchtung hat eine maximale Reichweite von 30 Metern. Die Kamera verf\u00fcgt \u00fcber Digital Wide Dynamic Range (WDR), wodurch die Kamera auch komplexe Lichtverh\u00e4ltnisse gut bew\u00e4ltigen kann.<\/p>\n<p>De camera kan voor installatiegemak via de netwerkkabel worden gevoed met Power over Ethernet (standaard 802.3af P0E). PoE kan worden verkregen door een PoE NVR van bijvoorbeeld Uniarch, een PoE switch of met een PoE injector. De camera kan ook worden gevoed met een optionele 12V voeding adapter. De camera is verstelbaar over 3 assen.<\/p>\n<p><strong>Uniarch NVR104S3-P4 4-Kanal-Netzwerk-Videorecorder mit bis zu 6 Megapixeln mit PoE, 1x Festplatte, Full HD HDMI und VGA-Ausgang<\/strong><\/p>\n<p>De Uniarch NVR104S3-P4 is een Netwerk Video Recorder met een opname resolutie tot maximaal 6 megapixel en ondersteunt tot 4 IP camera\u2019s. De recorder heeft 4 PoE uitgangen zodat de IP camera\u2019s via de netwerkkabel ook van stroom worden voorzien. De NVR heeft ruimte voor 1 harde schijf van 3.5 inch met een maximale grootte van 6 TB. Een harde schijf van 4 terrabyte wordt meegeleverd en kan eenvoudig zelf worden gemonteerd. Western Digital harde schijven zijn speciaal ontwikkeld voor 24\/7 opnemen van bewakingsbeelden. De NVR wordt met een netwerkkabel verbonden met het netwerk\u00a0 en wordt gevoed met een meegeleverde adapter.<\/p>\n<p><strong>Gratis applicatie en Video Management Software<\/strong><\/p>\n<p>Eine kostenlose mobile App ist f\u00fcr Apple iOS und Android verf\u00fcgbar. Es kann die niederl\u00e4ndische Uniview-App oder die spezifische Uniarch-App (Englisch) verwendet werden. Die Kamera verf\u00fcgt \u00fcber einen internen Webserver, der \u00fcber einen Webbrowser angezeigt und verwaltet werden kann. Auch die Verwaltung der Kameras und Bilder ist mit einem NVR m\u00f6glich.<br \/>\nVideo Management Software (VMS) f\u00fcr einen Computer kann kostenlos von der Uniview-Website heruntergeladen werden. Der Reiter \u201eDokumentation\u201c enth\u00e4lt einen Link zur Produktseite des Herstellers mit allen Produktinformationen und Handb\u00fcchern. Die Software kann von der Website heruntergeladen werden.<\/p>\n<p>Onder &#8216;Opties&#8217; is de camera, NVR en harde schijf opgenomen, zodat verdere details kunnen worden bekeken onder de producten zelf. Daarnaast is onder het tabblad\u00a0 &#8216;Documentatie&#8217; relevante informatie opgenomen zoals de datasheet van de producten.<\/p>\n<p><strong>Wichtigste Funktionen<\/strong><\/p>\n<ul>\n<li>Complete Uniarch Kit Turret camera set met harde schijf 4TB<\/li>\n<li>Eenvoudige installatie, gratis applicatie en software<\/li>\n<li>Ondersteuning voor bewegingsdetectie en dag\/nacht camera met automatisch mechanisch IR-cut filter<\/li>\n<li>IR nachtzicht verlichting tot 30 meter op camera&#8217;s<\/li>\n<li>Ultra H.265-Komprimierung f\u00fcr effiziente Netzwerk- und Speichernutzung<\/li>\n<li>Aufnahme in der Kamera auf SD-Karte (nicht im Lieferumfang enthalten)<\/li>\n<li>Recorder met\u00a04 x PoE 802.3af\/at<\/li>\n<li>ONVIF-kompatibel<\/li>\n<\/ul>\n<p><a href=\"https:\/\/webstore4.com\/Copyright\/\" target=\"_blank\" rel=\"noopener\"><span style=\"color: #ff6e03; font-size: 11px;\">\u00a9 Der Text ist urheberrechtlich gesch\u00fctzt<\/span><\/a><\/p>","protected":false},"excerpt":{"rendered":"<p>De Uniarch kit Turret is een kit met een Uniarch NVR104S3-P4 Netwerk Video Recorder, Western Digital WD40PURZ Purple 4TB surveillance hard drive en een te kiezen aantal Uniarch IPC-T124-APF28K turret camera&#8217;s. De kit is zorgvuldig samengesteld door WebStore4, zodat klanten sneller en gemakkelijker een complete camera set kunnen aanschaffen. Doordat de Netwerk Video Recorder tot<\/p>\n<div class=\"klb-readmore button\"><a class=\"btn link\" href=\"https:\/\/webstore4.com\/de\/product\/uniarch-kit-turret-nvr104s3-p4-ipc-t124-apf28k\/\">Mehr lesen <i class=\"klbth-icon-right-arrow\"><\/i><\/a><\/div>","protected":false},"featured_media":16954,"comment_status":"open","ping_status":"closed","template":"","meta":[],"pwb-brand":[3415],"product_cat":[4184,4249,4198,4238],"product_tag":[],"class_list":{"0":"post-16948","1":"product","2":"type-product","3":"status-publish","4":"has-post-thumbnail","6":"pwb-brand-uniview-uniarch","7":"product_cat-cameras","8":"product_cat-ip-camera-sets-cameras","9":"product_cat-series","10":"product_cat-uniarch-by-uniview-series","11":"product_shipping_class-pakket","12":"pa_aantal-poe-poorten-3882","13":"pa_bandbreedte-mbps-4680","14":"pa_geheugenkaart-type-micro-sdsdhcsdxc-128gb","15":"pa_maximaal-ip-camera-kanalen-3721","16":"pa_maximum-aantal-harddisks-3722","17":"pa_merk-uniview-uniarch","18":"pa_mobiele-app-fabrikant-ja","19":"pa_nachtzicht-ja","20":"pa_opnemen-op-sd-kaart-ja","21":"pa_verstelbare-assen-3631","23":"first","24":"onbackorder","25":"sale","26":"taxable","27":"shipping-taxable","28":"purchasable","29":"product-type-variable"},"brands":[{"id":3415,"name":"Uniview Uniarch","slug":"uniview-uniarch"}],"_links":{"self":[{"href":"https:\/\/webstore4.com\/de\/wp-json\/wp\/v2\/product\/16948","targetHints":{"allow":["GET"]}}],"collection":[{"href":"https:\/\/webstore4.com\/de\/wp-json\/wp\/v2\/product"}],"about":[{"href":"https:\/\/webstore4.com\/de\/wp-json\/wp\/v2\/types\/product"}],"replies":[{"embeddable":true,"href":"https:\/\/webstore4.com\/de\/wp-json\/wp\/v2\/comments?post=16948"}],"wp:featuredmedia":[{"embeddable":true,"href":"https:\/\/webstore4.com\/de\/wp-json\/wp\/v2\/media\/16954"}],"wp:attachment":[{"href":"https:\/\/webstore4.com\/de\/wp-json\/wp\/v2\/media?parent=16948"}],"wp:term":[{"taxonomy":"pwb-brand","embeddable":true,"href":"https:\/\/webstore4.com\/de\/wp-json\/wp\/v2\/pwb-brand?post=16948"},{"taxonomy":"product_cat","embeddable":true,"href":"https:\/\/webstore4.com\/de\/wp-json\/wp\/v2\/product_cat?post=16948"},{"taxonomy":"product_tag","embeddable":true,"href":"https:\/\/webstore4.com\/de\/wp-json\/wp\/v2\/product_tag?post=16948"}],"curies":[{"name":"wp","href":"https:\/\/api.w.org\/{rel}","templated":true}]}}