{"id":16872,"date":"2024-04-12T13:15:17","date_gmt":"2024-04-12T12:15:17","guid":{"rendered":"https:\/\/webstore4.com\/?post_type=product&#038;p=16872"},"modified":"2025-02-19T05:22:22","modified_gmt":"2025-02-19T04:22:22","slug":"hikvision-ds-2cd2387g2h-lisu-sl-8mp-turret-camera-met-4-mm-lens","status":"publish","type":"product","link":"https:\/\/webstore4.com\/de\/product\/hikvision-ds-2cd2387g2h-lisu-sl-8mp-turret-camera-met-4-mm-lens\/","title":{"rendered":"Hikvision DS-2CD2387G2H-LISU\/SL ColorVu 8MP Full HD turret buiten camera met 4 mm lens, microfoon, speaker, wit LED nachtzicht, PoE, 130dB WDR en microSD opname"},"content":{"rendered":"<p>De Hikvision DS-2CD2387G2H-LISU\/SL ColorVu is een 8MP Full HD eyeball buiten camera met vaste 4 mm lens, ingebouwde microfoon en speaker, warm wit LED nachtzicht, PoE, 130dB WDR en microSD opname mogelijkheid. De camera beschikt over ColorVu techniek waarmee de camera in het donker nog steeds een kleurenbeeld kan geven.<\/p>\n<p>De Hikvision DS-2CD2387G2H-LISU\/SL is onderdeel van de Hikvision AcuSense serie van Hikvision. De camera\u2019s van de AcuSense serie zijn geavanceerde camera\u2019s die gebruikmaken van diepgaande algoritmen en kunstmatige intelligentie om nauwkeurige detectie van indringers mogelijk te maken. De camera\u2019s maken effectief onderscheid tussen belangrijke bewegingen, zoals mensen en voertuigen en onbelangrijke activiteiten, zoals dieren of bewegende takken. Dit minimaliseert valse meldingen en biedt gerichte waarschuwingen, waardoor een effici\u00ebntere en effectievere bewaking mogelijk is.<\/p>\n<p><strong>M\u00f6glichkeiten<\/strong><\/p>\n<p>De Hikvision\u00a0 DS-2CD2387G2H-LISU\/SL geeft beelden weer in Full HD 3840&#215;2160 resolutie. De camera heeft een zeer lichtgevoelige beeldsensor voor bruikbaar kleurenbeeld in situaties met weinig licht. De camera beschikt over wit licht LED lampen waardoor ook in het donker kleurenbeeld kan worden verkregen. De LED verlichting heeft een bereik van maar liefst 30 meter. Er kan in de camera gekozen worden tussen witte LED of IR nachtzicht. De camera beschikt over 130dB Wide Dynamic Range (WDR) waardoor de camera zeer goed kan omgaan met complexe lichtomstandigheden als gevolg van bijvoorbeeld tegenlicht van de zon of auto koplampen.<\/p>\n<p>De camera heeft beschikking over Smart Hybrid Light, waardoor de camera zelf snel kan schakelen met IR nachtzicht en wit LED. Bijvoorbeeld bij detectie van een persoon in de nacht door IR nachtzicht kan het witte LED worden ingeschakeld om direct een duidelijk kleurenbeeld te geven van de indringer.<\/p>\n<p>De camera beschikt over een vaste 4 mm lens met een horizontale beeldhoek van 93.3 graden. De camera heeft de mogelijkheid om op te nemen op een SD kaart in de camera tot maximaal 512Gb. Beelden kunnen ook worden opgeslagen op een NVR. Geschikte Netwerk Video Recorders zijn terug te vinden onder de categorie &#8216;Recorders &amp; Opslagmedia&#8217;. Doordat de camera een speaker en microfoon bezit is 2-weg communicatie mogelijk.<br \/>\nDe beveiligingscamera bezit verschillende slimme functionaliteiten, waaronder gezichtsherkenning, Perimeter Protection, Line Crossing en Intrusion detection. Dit maakt de camera ideaal om een bepaald gebied te controleren op het binnen komen en vertrekken van personen.<\/p>\n<p>Hikvision bietet eine kostenlose niederl\u00e4ndische Mobil-App an. Video Management Software (iVMS) f\u00fcr einen Computer oder Mac kann kostenlos von der Hikvision-Website heruntergeladen werden. Die Kamera verf\u00fcgt \u00fcber einen internen Webserver, der \u00fcber einen Webbrowser angezeigt und verwaltet werden kann. Der Reiter \u201eDokumentation\u201c enth\u00e4lt einen Link zur Produktseite des Herstellers.<\/p>\n<p>Die Hikvision DS-2CD2T47G2H-LI verf\u00fcgt \u00fcber die Schutzart IP67, wodurch sich die Kamera ideal f\u00fcr den Au\u00dfenbereich eignet. Zur einfacheren Installation kann die Kamera \u00fcber das Netzwerkkabel mit Power over Ethernet (Standard 802.3af POE) mit Strom versorgt werden. PoE kann \u00fcber einen PoE-NVR, einen PoE-Switch oder mit einem PoE-Injektor bezogen werden. Die Kamera kann auch mit einem optionalen 12-V-Netzteil mit Strom versorgt werden. Unter dem Reiter \u201eOptionen\u201c k\u00f6nnen Sie angeben, ob ein Adapter enthalten sein soll. Unter dem Reiter \u201eOptionen\u201c sind auch passende Montagehalterungen enthalten. Die Kamera ist manuell \u00fcber 3 Achsen verstellbar.<\/p>\n<p><strong>Wichtigste Funktionen<\/strong><\/p>\n<ul>\n<li>8 megapixel ColorVu Full HD camera met 4 mm lens<\/li>\n<li>Eingebautes Mikrofon und Lautsprecher<\/li>\n<li>Tag-\/Nachtkamera<\/li>\n<li>Warm wit LED verlichting tot 30 meter<\/li>\n<li>130 dB breiter Dynamikbereich (WDR)<\/li>\n<li>ONVIF-Protokoll<\/li>\n<li>H.265+, H.265, H.264+, H.264-Komprimierungstechnologie<\/li>\n<li>Nehmen Sie auf einer microSD-Karte mit bis zu 512 GB auf<\/li>\n<li>Erkennung von Linien\u00fcberschreitungen, Einbr\u00fcchen, Bereichseintritten und Bereichsaustritten<\/li>\n<li>Stromversorgung mit 12VDC oder PoE (802.3af)<\/li>\n<li>Geeignet f\u00fcr den Au\u00dfenbereich (IP67)<\/li>\n<li>Kostenlose App und Software<\/li>\n<li>Wei\u00df<\/li>\n<\/ul>\n<p><a href=\"https:\/\/webstore4.com\/Copyright\/\" target=\"_blank\" rel=\"noopener\"><span style=\"color: #ff6e03; font-size: 11px;\">\u00a9 Der Text ist urheberrechtlich gesch\u00fctzt<\/span><\/a><\/p>","protected":false},"excerpt":{"rendered":"<p>De Hikvision DS-2CD2387G2H-LISU\/SL ColorVu is een 8MP Full HD eyeball buiten camera met vaste 4 mm lens, ingebouwde microfoon en speaker, warm wit LED nachtzicht, PoE, 130dB WDR en microSD opname mogelijkheid. De camera beschikt over ColorVu techniek waarmee de camera in het donker nog steeds een kleurenbeeld kan geven. De Hikvision DS-2CD2387G2H-LISU\/SL is onderdeel<\/p>\n<div class=\"klb-readmore button\"><a class=\"btn link\" href=\"https:\/\/webstore4.com\/de\/product\/hikvision-ds-2cd2387g2h-lisu-sl-8mp-turret-camera-met-4-mm-lens\/\">Mehr lesen <i class=\"klbth-icon-right-arrow\"><\/i><\/a><\/div>","protected":false},"featured_media":16873,"comment_status":"open","ping_status":"closed","template":"","meta":[],"pwb-brand":[3367],"product_cat":[3435,4184,4200,4606],"product_tag":[291],"class_list":{"0":"post-16872","1":"product","2":"type-product","3":"status-publish","4":"has-post-thumbnail","6":"pwb-brand-hikvision","7":"product_cat-ip-cameras","8":"product_cat-cameras","9":"product_cat-dome-eyeball-cameras-cameras","10":"product_cat-hikvision-acusense","11":"product_tag-ds-2cd2347g1-l","12":"product_shipping_class-pakket","13":"pa_audio-microfoon","14":"pa_audio-microfoon-speaker","15":"pa_audio-speaker","16":"pa_beeldhoek-graden-horizontaal-93-3","17":"pa_beeldsensor-1-1-8-cmos","18":"pa_dag-nacht-ir-cut-filter-ja","19":"pa_draadloos-nee","20":"pa_geheugenkaart-type-micro-sd-sdhc-sdxc-512gb","21":"pa_ingebouwd-type-nachtzicht-infrared-ir-led","22":"pa_ingebouwd-type-nachtzicht-wit-led","23":"pa_lens-mm-4-0","24":"pa_megapixel-8mp","25":"pa_merk-hikvision","26":"pa_minimale-verlichting-0-0008-lux-0-lux-met-led","27":"pa_mobiele-app-fabrikant-ja","28":"pa_nachtzicht-ja","29":"pa_omgeving-binnen-en-buiten","30":"pa_opnemen-op-sd-kaart-ja","31":"pa_poe-802-3af","32":"pa_product-status-d","33":"pa_resolutie-max-pixels-full-hd-3840x2160","34":"pa_voeding-12vdc","35":"pa_voeding-poe","36":"pa_wdr-ja","38":"first","39":"onbackorder","40":"taxable","41":"shipping-taxable","42":"purchasable","43":"product-type-simple"},"brands":[{"id":3367,"name":"Hikvision","slug":"hikvision"}],"_links":{"self":[{"href":"https:\/\/webstore4.com\/de\/wp-json\/wp\/v2\/product\/16872","targetHints":{"allow":["GET"]}}],"collection":[{"href":"https:\/\/webstore4.com\/de\/wp-json\/wp\/v2\/product"}],"about":[{"href":"https:\/\/webstore4.com\/de\/wp-json\/wp\/v2\/types\/product"}],"replies":[{"embeddable":true,"href":"https:\/\/webstore4.com\/de\/wp-json\/wp\/v2\/comments?post=16872"}],"wp:featuredmedia":[{"embeddable":true,"href":"https:\/\/webstore4.com\/de\/wp-json\/wp\/v2\/media\/16873"}],"wp:attachment":[{"href":"https:\/\/webstore4.com\/de\/wp-json\/wp\/v2\/media?parent=16872"}],"wp:term":[{"taxonomy":"pwb-brand","embeddable":true,"href":"https:\/\/webstore4.com\/de\/wp-json\/wp\/v2\/pwb-brand?post=16872"},{"taxonomy":"product_cat","embeddable":true,"href":"https:\/\/webstore4.com\/de\/wp-json\/wp\/v2\/product_cat?post=16872"},{"taxonomy":"product_tag","embeddable":true,"href":"https:\/\/webstore4.com\/de\/wp-json\/wp\/v2\/product_tag?post=16872"}],"curies":[{"name":"wp","href":"https:\/\/api.w.org\/{rel}","templated":true}]}}