{"id":16845,"date":"2024-04-11T07:57:57","date_gmt":"2024-04-11T06:57:57","guid":{"rendered":"https:\/\/webstore4.com\/?post_type=product&#038;p=16845"},"modified":"2025-12-04T13:54:49","modified_gmt":"2025-12-04T12:54:49","slug":"wl4-stk4-universele-afsluitbare-stalen-montage-kast","status":"publish","type":"product","link":"https:\/\/webstore4.com\/de\/product\/wl4-stk4-universele-afsluitbare-stalen-montage-kast\/","title":{"rendered":"WL4 STK4 universele afsluitbare stalen montage kast"},"content":{"rendered":"<p>Der WL4 STC2 ist ein universeller Stahleinbauschrank mit Schl\u00fcsselschloss, in dem beispielsweise ein PoE-Switch, ein Zugangscontroller, eine Alarmtastatur, ein Netzteil usw. montiert werden k\u00f6nnen, sodass kein einfacher Zugriff auf die Ger\u00e4te f\u00fcr Unbefugte m\u00f6glich ist.<\/p>\n<p><strong>M\u00f6glichkeiten<\/strong><\/p>\n<p>Der Schrank ist f\u00fcr die Wandmontage geeignet und verf\u00fcgt \u00fcber eine Holzr\u00fcckwand. Oben und unten sind Ausbrech\u00f6ffnungen f\u00fcr Kabeleinf\u00fchrungen vorgesehen. Der Schrank wird mit zwei Schl\u00fcsseln geliefert.<\/p>\n<p><strong>Hauptmerkmale<\/strong><\/p>\n<ul>\n<li>Pulverbeschichteter Stahl<\/li>\n<li>Inklusive 2 Schl\u00fcssel<\/li>\n<li>Lichtgrijs<\/li>\n<li>Externe afmetingen behuizing: 395x306x160 mm (180 mm met regenkapje)<\/li>\n<li>Interne afmetingen: 335x225x130 mm<\/li>\n<\/ul>\n<p><a href=\"https:\/\/webstore4.com\/Copyright\/\" target=\"_blank\" rel=\"noopener\"><span style=\"color: #ff6e03; font-size: 11px;\">\u00a9 Der Text ist urheberrechtlich gesch\u00fctzt<\/span><\/a><\/p>","protected":false},"excerpt":{"rendered":"<p>De WL4 STK4 is een lichtgrijze universele stalen montage kast met sleutelslot waarin bijvoorbeeld een PoE switch, toegangscontroller, alarm keypad, voeding etc. kan worden gemonteerd zodat er geen eenvoudige toegang tot de apparatuur is voor onbevoegden. Mogelijkheden De kast is geschikt voor wandmontage en heeft een metalen achter paneel. Aan de bovenkant en onderkant zijn<\/p>\n<div class=\"klb-readmore button\"><a class=\"btn link\" href=\"https:\/\/webstore4.com\/de\/product\/wl4-stk4-universele-afsluitbare-stalen-montage-kast\/\">Mehr lesen <i class=\"klbth-icon-right-arrow\"><\/i><\/a><\/div>","protected":false},"featured_media":16846,"comment_status":"open","ping_status":"closed","template":"","meta":[],"pwb-brand":[3380],"product_cat":[4204,4253],"product_tag":[],"class_list":{"0":"post-16845","1":"product","2":"type-product","3":"status-publish","4":"has-post-thumbnail","6":"pwb-brand-wl4","7":"product_cat-kasten-kluizen","8":"product_cat-montagekasten","9":"product_shipping_class-pakket","10":"pa_breedte-306-mm","11":"pa_diepte-160-mm","12":"pa_garantie-2-jaar","13":"pa_hoogte-395-mm","14":"pa_kleur-grijs","15":"pa_materiaal-metaal","16":"pa_merk-wl4","17":"pa_montage-opbouw","18":"pa_omgeving-binnen","20":"first","21":"onbackorder","22":"taxable","23":"shipping-taxable","24":"purchasable","25":"product-type-simple"},"brands":[{"id":3380,"name":"WL4","slug":"wl4"}],"_links":{"self":[{"href":"https:\/\/webstore4.com\/de\/wp-json\/wp\/v2\/product\/16845","targetHints":{"allow":["GET"]}}],"collection":[{"href":"https:\/\/webstore4.com\/de\/wp-json\/wp\/v2\/product"}],"about":[{"href":"https:\/\/webstore4.com\/de\/wp-json\/wp\/v2\/types\/product"}],"replies":[{"embeddable":true,"href":"https:\/\/webstore4.com\/de\/wp-json\/wp\/v2\/comments?post=16845"}],"wp:featuredmedia":[{"embeddable":true,"href":"https:\/\/webstore4.com\/de\/wp-json\/wp\/v2\/media\/16846"}],"wp:attachment":[{"href":"https:\/\/webstore4.com\/de\/wp-json\/wp\/v2\/media?parent=16845"}],"wp:term":[{"taxonomy":"pwb-brand","embeddable":true,"href":"https:\/\/webstore4.com\/de\/wp-json\/wp\/v2\/pwb-brand?post=16845"},{"taxonomy":"product_cat","embeddable":true,"href":"https:\/\/webstore4.com\/de\/wp-json\/wp\/v2\/product_cat?post=16845"},{"taxonomy":"product_tag","embeddable":true,"href":"https:\/\/webstore4.com\/de\/wp-json\/wp\/v2\/product_tag?post=16845"}],"curies":[{"name":"wp","href":"https:\/\/api.w.org\/{rel}","templated":true}]}}