{"id":16825,"date":"2024-04-06T07:50:18","date_gmt":"2024-04-06T06:50:18","guid":{"rendered":"https:\/\/webstore4.com\/?post_type=product&#038;p=16825"},"modified":"2025-02-19T05:22:22","modified_gmt":"2025-02-19T04:22:22","slug":"dahua-ipc-hdbw3449r1-zas-pv-4mp-tioc-dome-camera","status":"publish","type":"product","link":"https:\/\/webstore4.com\/de\/product\/dahua-ipc-hdbw3449r1-zas-pv-4mp-tioc-dome-camera\/","title":{"rendered":"Dahua IPC-HDBW3449R1-ZAS-PV Full HD 4MP WizSense TiOC buiten dome camera met 50m IR en 40m wit LED nachtzicht, gemotoriseerde varifocale lens, SD slot en 120dB WDR"},"content":{"rendered":"<p>De Dahua IPC-HDBW3449R1-ZAS-PV is een 4 megapixel Full HD TiOC serie dome camera met een gemotoriseerde varifocale lens, wit LED en infrarood nachtzicht, SD kaart sleuf en 120dB WDR voor binnen of buiten. De camera is zeer geschikt voor gebruik bij woningen, kantoren, restaurants, hotels en bedrijfsruimten.<\/p>\n<p><strong>M\u00f6glichkeiten<\/strong><\/p>\n<p>De Dahua IPC-HDBW3449R1-ZAS-PV geeft beelden weer in een Full HD 2688&#215;1520 resolutie. De camera heeft een ingebouwd automatisch IR-cut filter en is daarmee een echte dag\/nacht camera. In donkere omstandigheden kan de camera de ingebouwde IR verlichting en LED witte verlichting inschakelen waardoor er zelfs in volledige duisternis (0 Lux) een haarscherp beeld is. De IR verlichting heeft een bereik van maar liefst 50 meter en het witte LED heeft een bereik van maximaal 40 meter. De camera beschikt over 120dB Wide Dynamic Range (WDR) waardoor de camera zeer goed kan omgaan met complexe lichtomstandigheden als gevolg van bijvoorbeeld tegenlicht van de zon of auto koplampen.<\/p>\n<p>Doordat de camera een &#8216;Three-in-One Camera&#8217; (TiOC) camera is, is de camera uitermate geschikt voor beveiliging van een terrein met slimme functies zoals Smart Motion Detection 4.0 (SMD 4.0). Daarnaast is de beveiligingscamera ook uitgerust met sirene en licht afschrikking door een blauw-rode kleur flitser.\u00a0Met de gemotoriseerde instelbare 2.7 tot 13.5mm varifocale lens is het mogelijk de camera op afstand scherp te stellen op een beeld ver weg of een beeld dichtbij. Door dit inzoomen en uitzoomen varieert de beeldhoek mee tussen de 103 en 33 graden.<\/p>\n<p>Bilder k\u00f6nnen unter anderem auf einem Netzwerk-Videorecorder (NVR) gespeichert werden. Die Kamera verf\u00fcgt au\u00dferdem \u00fcber die M\u00f6glichkeit, in der Kamera auf einer microSD-Speicherkarte mit bis zu maximal 256 GB aufzuzeichnen.<\/p>\n<p>Dahua bietet eine kostenlose niederl\u00e4ndische App f\u00fcr Apple iOS und Android an. Die Kamera verf\u00fcgt \u00fcber einen internen Webserver, der \u00fcber einen Webbrowser angezeigt und verwaltet werden kann. Video Management Software (VMS) f\u00fcr einen Computer kann kostenlos von der Dahua-Website heruntergeladen werden. Die Registerkarte \u201eDokumentation\u201c enth\u00e4lt einen Link zur Produktseite des Herstellers.<\/p>\n<p>De Dahua IPC-HDBW3449R1-ZAS-PV heeft een IP67 rating waardoor de camera uitermate geschikt is voor gebruik buiten. Voor installatiegemak kan de camera via de netwerkkabel worden gevoed met Power over Ethernet (standaard 802.3af POE). PoE kan worden verkregen door een PoE NVR, een PoE switch of met een PoE injector. De camera kan ook worden gevoed met een optionele 12V voeding adapter. Onder het tabblad &#8216;Opties&#8217; kan worden aangegeven of een PoE injector moet worden meegeleverd. De camera is verstelbaar over 3 assen en daardoor ook zeer geschikt om verticaal tegen een wand te plaatsen. De camera is vandaalbestendig (IK10 rating).<\/p>\n<p><strong>Wichtigste Funktionen<\/strong><\/p>\n<ul>\n<li>4 megapixel Full HD TiOC camera met gemotoriseerde varifocale lens voor haarscherpe beelden<\/li>\n<li>Tag-\/Nachtkamera mit automatischem mechanischem IR-Sperrfilter<\/li>\n<li>IR-Nachtsichtbeleuchtung bis zu 50 Meter<\/li>\n<li>Wit LED nachtzicht tot 40 meter<\/li>\n<li>Aufnahme in der Kamera auf SD-Karte (nicht im Lieferumfang enthalten)<\/li>\n<li>Auf 3 Achsen verstellbar<\/li>\n<li>120 dB breiter Dynamikbereich (WDR)<\/li>\n<li>Zonen-optionale Hintergrundbeleuchtungskompensation (BLC)<\/li>\n<li>3D-Digital-Rauschunterdr\u00fcckung (3D-DNR)<\/li>\n<li>Smart Motion Detection 4.0 (SMD 4.0)<\/li>\n<li>Siren And Light Active Deterrence<\/li>\n<li>Tampering alarm, Privacy mask<\/li>\n<li>ONVIF-Protokoll<\/li>\n<li>Stromversorgung \u00fcber 12VDC-Adapter oder \u00fcber PoE (802.3af)<\/li>\n<li>Vandalensicher (IK10)<\/li>\n<\/ul>\n<p><a href=\"https:\/\/webstore4.com\/Copyright\/\" target=\"_blank\" rel=\"noopener\"><span style=\"color: #ff6e03; font-size: 11px;\">\u00a9 Der Text ist urheberrechtlich gesch\u00fctzt<\/span><\/a><\/p>","protected":false},"excerpt":{"rendered":"<p>De Dahua IPC-HDBW3449R1-ZAS-PV is een 4 megapixel Full HD TiOC serie dome camera met een gemotoriseerde varifocale lens, wit LED en infrarood nachtzicht, SD kaart sleuf en 120dB WDR voor binnen of buiten. De camera is zeer geschikt voor gebruik bij woningen, kantoren, restaurants, hotels en bedrijfsruimten. Mogelijkheden De Dahua IPC-HDBW3449R1-ZAS-PV geeft beelden weer in<\/p>\n<div class=\"klb-readmore button\"><a class=\"btn link\" href=\"https:\/\/webstore4.com\/de\/product\/dahua-ipc-hdbw3449r1-zas-pv-4mp-tioc-dome-camera\/\">Mehr lesen <i class=\"klbth-icon-right-arrow\"><\/i><\/a><\/div>","protected":false},"featured_media":16826,"comment_status":"open","ping_status":"closed","template":"","meta":[],"pwb-brand":[3376],"product_cat":[4184,4200,4198,4199],"product_tag":[],"class_list":{"0":"post-16825","1":"product","2":"type-product","3":"status-publish","4":"has-post-thumbnail","6":"pwb-brand-dahua","7":"product_cat-cameras","8":"product_cat-dome-eyeball-cameras-cameras","9":"product_cat-series","10":"product_cat-dahua-starlight-series","11":"product_shipping_class-pakket","12":"pa_audio-ingang-uitgang","13":"pa_audio-microfoon","14":"pa_beeldhoek-graden-horizontaal-103-33","15":"pa_beeldsensor-12-7-cmos","16":"pa_dag-nacht-ir-cut-filter-ja","17":"pa_geheugenkaart-type-micro-sdsdhcsdxc-256gb","18":"pa_ingebouwd-type-nachtzicht-infrared-ir-led","19":"pa_ingebouwd-type-nachtzicht-wit-led","20":"pa_lens-mm-2-7-13-5","21":"pa_megapixel-4mp","22":"pa_merk-dahua","23":"pa_minimale-verlichting-0-003-lux-0-lux-met-ir","24":"pa_mobiele-app-fabrikant-ja","25":"pa_nachtzicht-ja","26":"pa_omgeving-binnen-en-buiten","27":"pa_opnemen-op-sd-kaart-ja","28":"pa_poe-802-3af","29":"pa_product-status-b","30":"pa_resolutie-max-pixels-full-hd-2688x1520","31":"pa_vandaalbestendig-ik10","32":"pa_verstelbare-assen-3631","33":"pa_voeding-12vdc","34":"pa_voeding-poe","35":"pa_wdr-ja","37":"first","38":"onbackorder","39":"taxable","40":"shipping-taxable","41":"purchasable","42":"product-type-simple"},"brands":[{"id":3376,"name":"Dahua","slug":"dahua"}],"_links":{"self":[{"href":"https:\/\/webstore4.com\/de\/wp-json\/wp\/v2\/product\/16825","targetHints":{"allow":["GET"]}}],"collection":[{"href":"https:\/\/webstore4.com\/de\/wp-json\/wp\/v2\/product"}],"about":[{"href":"https:\/\/webstore4.com\/de\/wp-json\/wp\/v2\/types\/product"}],"replies":[{"embeddable":true,"href":"https:\/\/webstore4.com\/de\/wp-json\/wp\/v2\/comments?post=16825"}],"wp:featuredmedia":[{"embeddable":true,"href":"https:\/\/webstore4.com\/de\/wp-json\/wp\/v2\/media\/16826"}],"wp:attachment":[{"href":"https:\/\/webstore4.com\/de\/wp-json\/wp\/v2\/media?parent=16825"}],"wp:term":[{"taxonomy":"pwb-brand","embeddable":true,"href":"https:\/\/webstore4.com\/de\/wp-json\/wp\/v2\/pwb-brand?post=16825"},{"taxonomy":"product_cat","embeddable":true,"href":"https:\/\/webstore4.com\/de\/wp-json\/wp\/v2\/product_cat?post=16825"},{"taxonomy":"product_tag","embeddable":true,"href":"https:\/\/webstore4.com\/de\/wp-json\/wp\/v2\/product_tag?post=16825"}],"curies":[{"name":"wp","href":"https:\/\/api.w.org\/{rel}","templated":true}]}}