{"id":16714,"date":"2024-03-29T10:39:30","date_gmt":"2024-03-29T09:39:30","guid":{"rendered":"https:\/\/webstore4.com\/?post_type=product&#038;p=16714"},"modified":"2025-07-16T13:51:57","modified_gmt":"2025-07-16T12:51:57","slug":"wl4-sb-12-72-s-accu-12vdc-72ah","status":"publish","type":"product","link":"https:\/\/webstore4.com\/de\/product\/wl4-sb-12-72-s-accu-12vdc-72ah\/","title":{"rendered":"WL4 SB-12-72-S accu 12VDC 7,2Ah voor bijvoorbeeld een zonnepaneel, alarm, UPS of toegangscontrole installatie"},"content":{"rendered":"<p>Die WL4 SB-12-650 ist eine wartungsfreie Backup-Batterie, die 12 VDC und 65 Ampere liefert. Die Batterie eignet sich f\u00fcr eine Solarpanel-Installation oder als Stromquelle f\u00fcr eine andere Installation, beispielsweise eine Alarm- oder Zugangskontrollinstallation. F\u00fcr den Akku gilt eine 6-monatige Garantie gegen Produktm\u00e4ngel.<\/p>\n<p><strong>Wichtige Funktionen<\/strong><\/p>\n<ul>\n<li>AGM (Absorbierende Glasmatte)<\/li>\n<li>12VDC<\/li>\n<li>7,2 Ampere<\/li>\n<li>7200 mAh Kapazit\u00e4t<\/li>\n<li>Abmessungen 151x65x94mm<\/li>\n<\/ul>\n<p><a href=\"https:\/\/webstore4.com\/Copyright\/\" target=\"_blank\" rel=\"noopener\"><span style=\"color: #ff6e03; font-size: 11px;\">\u00a9 Der Text ist urheberrechtlich gesch\u00fctzt<\/span><\/a><\/p>","protected":false},"excerpt":{"rendered":"<p>De WL4 SB-12-72-S is een onderhoudsvrije AGM back-up accu die 12VDC en 7,2 amp\u00e8re levert. De accu is geschikt voor een zonnepaneel installatie of als stroombron voor een andere installatie, zoals een alarm of toegangscontrole installatie. Op de accu wordt een garantie op product gebreken gegeven van 6 maanden. Belangrijke kenmerken AGM\u00a0(Absorbent Glass Mat) 12VDC<\/p>\n<div class=\"klb-readmore button\"><a class=\"btn link\" href=\"https:\/\/webstore4.com\/de\/product\/wl4-sb-12-72-s-accu-12vdc-72ah\/\">Mehr lesen <i class=\"klbth-icon-right-arrow\"><\/i><\/a><\/div>","protected":false},"featured_media":16715,"comment_status":"open","ping_status":"closed","template":"","meta":[],"pwb-brand":[3380],"product_cat":[4247,4255],"product_tag":[],"class_list":{"0":"post-16714","1":"product","2":"type-product","3":"status-publish","4":"has-post-thumbnail","6":"pwb-brand-wl4","7":"product_cat-duurzaamheid","8":"product_cat-accus","9":"product_shipping_class-pakket","10":"pa_capaciteit-accu-7200mah","11":"pa_merk-wl4","13":"first","14":"onbackorder","15":"taxable","16":"shipping-taxable","17":"purchasable","18":"product-type-simple"},"brands":[{"id":3380,"name":"WL4","slug":"wl4"}],"_links":{"self":[{"href":"https:\/\/webstore4.com\/de\/wp-json\/wp\/v2\/product\/16714","targetHints":{"allow":["GET"]}}],"collection":[{"href":"https:\/\/webstore4.com\/de\/wp-json\/wp\/v2\/product"}],"about":[{"href":"https:\/\/webstore4.com\/de\/wp-json\/wp\/v2\/types\/product"}],"replies":[{"embeddable":true,"href":"https:\/\/webstore4.com\/de\/wp-json\/wp\/v2\/comments?post=16714"}],"wp:featuredmedia":[{"embeddable":true,"href":"https:\/\/webstore4.com\/de\/wp-json\/wp\/v2\/media\/16715"}],"wp:attachment":[{"href":"https:\/\/webstore4.com\/de\/wp-json\/wp\/v2\/media?parent=16714"}],"wp:term":[{"taxonomy":"pwb-brand","embeddable":true,"href":"https:\/\/webstore4.com\/de\/wp-json\/wp\/v2\/pwb-brand?post=16714"},{"taxonomy":"product_cat","embeddable":true,"href":"https:\/\/webstore4.com\/de\/wp-json\/wp\/v2\/product_cat?post=16714"},{"taxonomy":"product_tag","embeddable":true,"href":"https:\/\/webstore4.com\/de\/wp-json\/wp\/v2\/product_tag?post=16714"}],"curies":[{"name":"wp","href":"https:\/\/api.w.org\/{rel}","templated":true}]}}