{"id":16547,"date":"2024-03-22T11:14:52","date_gmt":"2024-03-22T10:14:52","guid":{"rendered":"https:\/\/webstore4.com\/?post_type=product&#038;p=16547"},"modified":"2024-04-19T15:23:28","modified_gmt":"2024-04-19T14:23:28","slug":"dahua-ipc-hfw1230ds-saw-2mp-wi-fi-bullet-camera","status":"publish","type":"product","link":"https:\/\/webstore4.com\/de\/product\/dahua-ipc-hfw1230ds-saw-2mp-wi-fi-bullet-camera\/","title":{"rendered":"Dahua IPC-HFW1230DS-SAW Full HD 2MP Wi-Fi buiten bullet camera met 30m IR, microfoon en microSD"},"content":{"rendered":"<p>De Dahua IPC-HFW1230DS-SAW is een Full HD 2 megapixel Wi-Fi bullet camera met een lichtgevoelige beeldsensor en 30 meter infrarood nachtzicht, ingebouwde microfoon, Digital WDR en microSD opname voor binnen of buiten. De Wi-Fi camera is ideaal voor woonhuizen, kleine bedrijfsgebouwen en winkels. Doordat de camera eenvoudig verbonden kan worden met een Wi-Fi Netwerk Video Recorder van Dahua, is het een eenvoudig te installeren camerasysteem. Een geschikte recorder is opgenomen onder &#8216;Opties&#8217;.<\/p>\n<p><strong>M\u00f6glichkeiten<\/strong><\/p>\n<p>De Dahua IPC-HFW1230DS-SAW geeft beelden weer in een Full HD 1920&#215;1080 resolutie. De camera beschikt over een vaste 2.8 mm lens. De camera beschikt over Wi-Fi 2.4 Ghz en kan dus eenvoudig verbonden worden met het netwerk tot op een afstand van 80 meter (open gebied).\u00a0 Door de lichtgevoelige beeldsensor levert de camera met weinig omgevingslicht nog bruikbaar kleurenbeeld (0.025 lux).<\/p>\n<p>De camera heeft een ingebouwd automatisch dag\/nacht IR-cut filter en kan in donkere omstandigheden ook de ingebouwde IR verlichting inschakelen waardoor er zelfs in volledige duisternis (0 Lux) een haarscherp beeld is. De IR verlichting heeft een bereik van 30 meter. De camera beschikt over Digital Wide Dynamic Range (WDR) waardoor de camera zeer goed kan omgaan met complexe lichtomstandigheden als gevolg van bijvoorbeeld tegenlicht van de zon of auto koplampen.<\/p>\n<p>Beelden kunnen onder meer worden opgeslagen op een Netwerk Video Recorder (NVR). De camera beschikt ook over de mogelijkheid om in de camera op te nemen op een microSD geheugenkaart tot maximaal 256Gb (niet meegeleverd). Een geschikte microSD geheugenkaart is opgenomen onder &#8216;Opties&#8217;. De camera beschikt over een ingebouwde microfoon.<\/p>\n<p>Dahua bietet eine kostenlose niederl\u00e4ndische App f\u00fcr Apple iOS und Android an. Die Kamera verf\u00fcgt \u00fcber einen internen Webserver, der \u00fcber einen Webbrowser angezeigt und verwaltet werden kann. Video Management Software (VMS) f\u00fcr einen Computer kann kostenlos von der Dahua-Website heruntergeladen werden. Die Registerkarte \u201eDokumentation\u201c enth\u00e4lt einen Link zur Produktseite des Herstellers.<\/p>\n<p>De Dahua IPC-HFW1230DS-SAW heeft een IP67 rating waardoor de camera uitermate geschikt is voor gebruik buiten. De camera dient te worden gevoed met een meegeleverde 12V voeding adapter. Onder het tabblad &#8216;Opties&#8217; kan worden aangegeven of een Dahua montagebeugel moet worden meegeleverd. De camera is verstelbaar over 3 assen en daardoor ook zeer geschikt om verticaal tegen een wand te plaatsen.<\/p>\n<p><strong>Wichtigste Funktionen<\/strong><\/p>\n<ul>\n<li>2 megapixel Full HD Wi-Fi camera<\/li>\n<li>Motion Detection, Video tampering, audio detection<\/li>\n<li>Eingebautes Mikrophon<\/li>\n<li>Opnemen op microSD kaart tot 256 Gb<\/li>\n<li>Tag-\/Nachtkamera mit automatischem mechanischem IR-Sperrfilter<\/li>\n<li>IR-Nachtsichtbeleuchtung bis zu 30 Meter<\/li>\n<li>Auf 3 Achsen verstellbar<\/li>\n<li>Digital Wide Dynamic Range<\/li>\n<li>Zonen-optionale Hintergrundbeleuchtungskompensation (BLC)<\/li>\n<li>3D Noise Reduction (3D NR)<\/li>\n<li>ONVIF-Protokoll<\/li>\n<li>Voeding door 12VDC adapter (meegeleverd)<\/li>\n<\/ul>\n<p><a href=\"https:\/\/webstore4.com\/Copyright\/\" target=\"_blank\" rel=\"noopener\"><span style=\"color: #ff6e03; font-size: 11px;\">\u00a9 Der Text ist urheberrechtlich gesch\u00fctzt<\/span><\/a><\/p>","protected":false},"excerpt":{"rendered":"<p>De Dahua IPC-HFW1230DS-SAW is een Full HD 2 megapixel Wi-Fi bullet camera met een lichtgevoelige beeldsensor en 30 meter infrarood nachtzicht, ingebouwde microfoon, Digital WDR en microSD opname voor binnen of buiten. De Wi-Fi camera is ideaal voor woonhuizen, kleine bedrijfsgebouwen en winkels. Doordat de camera eenvoudig verbonden kan worden met een Wi-Fi Netwerk Video<\/p>\n<div class=\"klb-readmore button\"><a class=\"btn link\" href=\"https:\/\/webstore4.com\/de\/product\/dahua-ipc-hfw1230ds-saw-2mp-wi-fi-bullet-camera\/\">Mehr lesen <i class=\"klbth-icon-right-arrow\"><\/i><\/a><\/div>","protected":false},"featured_media":16548,"comment_status":"open","ping_status":"closed","template":"","meta":[],"pwb-brand":[3376],"product_cat":[3435,4184,4219,4199],"product_tag":[],"class_list":{"0":"post-16547","1":"product","2":"type-product","3":"status-publish","4":"has-post-thumbnail","6":"pwb-brand-dahua","7":"product_cat-ip-cameras","8":"product_cat-cameras","9":"product_cat-bullet-box-cameras-cameras","10":"product_cat-dahua-starlight-series","11":"product_shipping_class-pakket","12":"pa_audio-microfoon","13":"pa_beeldhoek-graden-horizontaal-3707","14":"pa_beeldsensor-1-2-8-cmos","15":"pa_dag-nacht-ir-cut-filter-ja","16":"pa_draadloos-ja","17":"pa_draadloos-protocol-wi-fi-802-11bgn","18":"pa_geheugenkaart-type-micro-sdsdhcsdxc-256gb","19":"pa_ingebouwd-type-nachtzicht-infrared-ir-led","20":"pa_lens-mm-2-8","21":"pa_megapixel-2mp","22":"pa_merk-dahua","23":"pa_minimale-verlichting-0-025-lux-0-lux-met-ir","24":"pa_mobiele-app-fabrikant-ja","25":"pa_nachtzicht-ja","26":"pa_omgeving-binnen-en-buiten","27":"pa_opnemen-op-sd-kaart-ja","28":"pa_poe-nee","29":"pa_product-status-k","30":"pa_resolutie-max-pixels-full-hd-1920x1080","31":"pa_vandaalbestendig-nee","32":"pa_verstelbare-assen-3631","33":"pa_voeding-12vdc","34":"pa_voeding-inclusief-adapter","35":"pa_wdr-ja","37":"first","38":"onbackorder","39":"taxable","40":"shipping-taxable","41":"purchasable","42":"product-type-simple"},"brands":[{"id":3376,"name":"Dahua","slug":"dahua"}],"_links":{"self":[{"href":"https:\/\/webstore4.com\/de\/wp-json\/wp\/v2\/product\/16547","targetHints":{"allow":["GET"]}}],"collection":[{"href":"https:\/\/webstore4.com\/de\/wp-json\/wp\/v2\/product"}],"about":[{"href":"https:\/\/webstore4.com\/de\/wp-json\/wp\/v2\/types\/product"}],"replies":[{"embeddable":true,"href":"https:\/\/webstore4.com\/de\/wp-json\/wp\/v2\/comments?post=16547"}],"wp:featuredmedia":[{"embeddable":true,"href":"https:\/\/webstore4.com\/de\/wp-json\/wp\/v2\/media\/16548"}],"wp:attachment":[{"href":"https:\/\/webstore4.com\/de\/wp-json\/wp\/v2\/media?parent=16547"}],"wp:term":[{"taxonomy":"pwb-brand","embeddable":true,"href":"https:\/\/webstore4.com\/de\/wp-json\/wp\/v2\/pwb-brand?post=16547"},{"taxonomy":"product_cat","embeddable":true,"href":"https:\/\/webstore4.com\/de\/wp-json\/wp\/v2\/product_cat?post=16547"},{"taxonomy":"product_tag","embeddable":true,"href":"https:\/\/webstore4.com\/de\/wp-json\/wp\/v2\/product_tag?post=16547"}],"curies":[{"name":"wp","href":"https:\/\/api.w.org\/{rel}","templated":true}]}}