{"id":16270,"date":"2024-03-08T10:55:27","date_gmt":"2024-03-08T09:55:27","guid":{"rendered":"https:\/\/webstore4.com\/?post_type=product&#038;p=16270"},"modified":"2026-04-05T22:59:44","modified_gmt":"2026-04-05T21:59:44","slug":"hikvision-hwi-b140ha-hiwatch-4mp-bullet","status":"publish","type":"product","link":"https:\/\/webstore4.com\/de\/product\/hikvision-hwi-b140ha-hiwatch-4mp-bullet\/","title":{"rendered":"Hikvision HWI-B140HA HiWatch Full HD 4MP buiten bullet camera met 30 meter IR nachtzicht, Motion Detection 2.0, WDR en PoE"},"content":{"rendered":"<p>De Hikvision HWI-B140HA is een Full HD 4 megapixel bullet met 30 meter IR nachtzicht, vaste 2.8mm lens en Digitale WDR voor binnen of buiten. Hikvision HiWatch producten hebben 3 jaar fabrieksgarantie.<\/p>\n<p><strong>M\u00f6glichkeiten<\/strong><\/p>\n<p>De Hikvision HWI-B140H HiWatch geeft beelden weer in een Full HD 2560&#215;1440 resolutie. De camera heeft een ingebouwd automatisch IR-cut filter en is daarmee een echte dag\/nacht camera. In donkere omstandigheden kan de camera de ingebouwde IR verlichting inschakelen waardoor er zelfs in volledige duisternis (0 Lux) een haarscherp beeld is. De IR verlichting heeft een bereik van 30 meter. De camera beschikt over digitale Wide Dynamic Range (WDR).<\/p>\n<p>De 2.8mm lens heeft een horizontale beeldhoek van 99 graden. De beveiligingscamera uit de\u00a0 HiWatch serie beschikt over onder andere bewegingsdetectie en privacy masking. Beelden kunnen onder meer worden opgeslagen op een Netwerk Video Recorder (NVR). De camera beschikt <u>nicht<\/u> \u00fcber die M\u00f6glichkeit der Aufnahme in der Kamera auf einer microSD-Speicherkarte.<\/p>\n<p>Het verschil tussen de Hikvision HWI-B140H en de Hikvision HWI-B140HA is dat de Hikvision HWI-B140HA beschikking heeft over de meest moderne technologie voor bewegingsdetectie, ook Motion Detection 2.0 genoemd. Daardoor is de camera in staat om verschil tussen mens en dier te maken. Daarnaast worden ook valse alarmen geminimaliseerd en beschikt de camera over voeding via PoE.<\/p>\n<p>Hikvision bietet eine kostenlose mobile App f\u00fcr Apple iOS und Android. Die Kamera verf\u00fcgt \u00fcber einen internen Webserver, der \u00fcber einen Webbrowser angezeigt und verwaltet werden kann. Die kostenlose Video Management Software (VMS) kann von der Hikvision HiWatch-Website heruntergeladen werden. Unter der Registerkarte \u201eDokumentation\u201c finden Sie einen Link zur Produktseite des Herstellers.<\/p>\n<p>De Hikvision HiWatch camera heeft een IP67 rating waardoor de camera uitermate geschikt is voor gebruik buiten. De behuizing van de camera is van metaal en kunststof. Voor installatiegemak kan de camera via de netwerkkabel worden gevoed met Power over Ethernet (standaard 802.3af POE). PoE kan worden verkregen door een PoE NVR, een PoE switch of met een PoE injector. De camera kan ook worden gevoed met een optionele 12VDC voeding adapter.<\/p>\n<p>Onder het tabblad \u2018Opties\u2019 kan worden aangegeven of een adapter moet worden meegeleverd.<\/p>\n<p><strong>Wichtigste Funktionen<\/strong><\/p>\n<ul>\n<li>4-Megapixel-Full-HD-Kamera<\/li>\n<li>Tag-\/Nachtkamera mit automatischem mechanischem IR-Sperrfilter<\/li>\n<li>Intelligente IR-Nachtsichtbeleuchtung bis zu 30 Meter<\/li>\n<li>Digital Wide Dynamic Range (WDR)<\/li>\n<li>Zonen-optionale Gegenlichtkompensation (BLC)<\/li>\n<li>3D-Digital-Rauschunterdr\u00fcckung (3D-DNR)<\/li>\n<li>Motion detection 2.0, Tampering alarm, Privacy mask<\/li>\n<li>ONVIF-Protokoll<\/li>\n<li>H.265+-Codec<\/li>\n<li>Stromversorgung \u00fcber 12VDC-Adapter oder \u00fcber PoE (802.3af)<\/li>\n<li>Wetterfest IP67<\/li>\n<li>Bitrate 32 Kbps &#8211; 8 Mbps<\/li>\n<li>Operationeel temperatuurbereik -30 \u00b0C &#8211; + 50 \u00b0C<\/li>\n<\/ul>\n<p><a href=\"https:\/\/webstore4.com\/Copyright\/\" target=\"_blank\" rel=\"noopener\"><span style=\"color: #ff6e03; font-size: 11px;\">\u00a9 Der Text ist urheberrechtlich gesch\u00fctzt<\/span><\/a><\/p>","protected":false},"excerpt":{"rendered":"<p>De Hikvision HWI-B140HA is een Full HD 4 megapixel bullet met 30 meter IR nachtzicht, vaste 2.8mm lens en Digitale WDR voor binnen of buiten. Hikvision HiWatch producten hebben 3 jaar fabrieksgarantie. Mogelijkheden De Hikvision HWI-B140H HiWatch geeft beelden weer in een Full HD 2560&#215;1440 resolutie. De camera heeft een ingebouwd automatisch IR-cut filter en<\/p>\n<div class=\"klb-readmore button\"><a class=\"btn link\" href=\"https:\/\/webstore4.com\/de\/product\/hikvision-hwi-b140ha-hiwatch-4mp-bullet\/\">Mehr lesen <i class=\"klbth-icon-right-arrow\"><\/i><\/a><\/div>","protected":false},"featured_media":16271,"comment_status":"open","ping_status":"closed","template":"","meta":[],"pwb-brand":[3367],"product_cat":[3435,4184,4219,4198,4221],"product_tag":[],"class_list":{"0":"post-16270","1":"product","2":"type-product","3":"status-publish","4":"has-post-thumbnail","6":"pwb-brand-hikvision","7":"product_cat-ip-cameras","8":"product_cat-cameras","9":"product_cat-bullet-box-cameras-cameras","10":"product_cat-series","11":"product_cat-hikvision-hiwatch-series","12":"product_shipping_class-pakket","13":"pa_alarm-ingang-uitgang-nee","14":"pa_audio-nee","15":"pa_beeldhoek-graden-horizontaal-4699","16":"pa_beeldsensor-13-cmos","17":"pa_dag-nacht-ir-cut-filter-ja","18":"pa_ingebouwd-type-nachtzicht-infrared-ir-led","19":"pa_lens-mm-2-8","20":"pa_materiaal-kunststof","21":"pa_materiaal-metaal","22":"pa_megapixel-4mp","23":"pa_merk-hikvision","24":"pa_minimale-verlichting-0-01-lux-0-lux-met-ir","25":"pa_mobiele-app-fabrikant-ja","26":"pa_nachtzicht-ja","27":"pa_omgeving-binnen-en-buiten","28":"pa_opnemen-op-sd-kaart-nee","29":"pa_poe-802-3af","30":"pa_resolutie-max-pixels-full-hd-2560x1440","31":"pa_vandaalbestendig-nee","32":"pa_voeding-12vdc","33":"pa_voeding-poe","34":"pa_wdr-ja","36":"first","37":"onbackorder","38":"taxable","39":"shipping-taxable","40":"purchasable","41":"product-type-simple"},"brands":[{"id":3367,"name":"Hikvision","slug":"hikvision"}],"_links":{"self":[{"href":"https:\/\/webstore4.com\/de\/wp-json\/wp\/v2\/product\/16270","targetHints":{"allow":["GET"]}}],"collection":[{"href":"https:\/\/webstore4.com\/de\/wp-json\/wp\/v2\/product"}],"about":[{"href":"https:\/\/webstore4.com\/de\/wp-json\/wp\/v2\/types\/product"}],"replies":[{"embeddable":true,"href":"https:\/\/webstore4.com\/de\/wp-json\/wp\/v2\/comments?post=16270"}],"wp:featuredmedia":[{"embeddable":true,"href":"https:\/\/webstore4.com\/de\/wp-json\/wp\/v2\/media\/16271"}],"wp:attachment":[{"href":"https:\/\/webstore4.com\/de\/wp-json\/wp\/v2\/media?parent=16270"}],"wp:term":[{"taxonomy":"pwb-brand","embeddable":true,"href":"https:\/\/webstore4.com\/de\/wp-json\/wp\/v2\/pwb-brand?post=16270"},{"taxonomy":"product_cat","embeddable":true,"href":"https:\/\/webstore4.com\/de\/wp-json\/wp\/v2\/product_cat?post=16270"},{"taxonomy":"product_tag","embeddable":true,"href":"https:\/\/webstore4.com\/de\/wp-json\/wp\/v2\/product_tag?post=16270"}],"curies":[{"name":"wp","href":"https:\/\/api.w.org\/{rel}","templated":true}]}}