{"id":16268,"date":"2024-03-08T10:40:29","date_gmt":"2024-03-08T09:40:29","guid":{"rendered":"https:\/\/webstore4.com\/?post_type=product&#038;p=16268"},"modified":"2024-04-19T15:22:54","modified_gmt":"2024-04-19T14:22:54","slug":"hikvision-hwi-b640ha-z-hiwatch-4mp-bullet","status":"publish","type":"product","link":"https:\/\/webstore4.com\/de\/product\/hikvision-hwi-b640ha-z-hiwatch-4mp-bullet\/","title":{"rendered":"Hikvision HWI-B640HA-Z HiWatch Full HD 4MP buiten bullet camera met IR nachtzicht, gemotoriseerde varifocale lens, Motion Detection 2.0, microSD, 120dB WDR en PoE"},"content":{"rendered":"<p>De Hikvision HWI-B640HA-Z HiWatch is een Full HD 4MP bullet beveiligingscamera met IR nachtzicht, gemotoriseerde varifocale lens, Motion Detection 2.0, microSD kaart opname mogelijkheid, 120dB WDR, PoE voor binnen of buiten.<\/p>\n<p>F\u00fcr Hikvision HiWatch-Produkte gilt eine Herstellergarantie von 3 Jahren.<\/p>\n<p><strong>M\u00f6glichkeiten<\/strong><\/p>\n<p>Die Hikvision HWI-B640H-Z HiWatch zeigt Bilder in einer Full HD-Aufl\u00f6sung von 2560 x 1440 an. Die Kamera verf\u00fcgt \u00fcber einen eingebauten automatischen IR-Sperrfilter, was sie zu einer echten Tag-\/Nachtkamera macht. Bei Dunkelheit kann die Kamera die integrierte IR-Beleuchtung einschalten, die auch bei v\u00f6lliger Dunkelheit (0 Lux) f\u00fcr ein gestochen scharfes Bild sorgt. Die IR-Beleuchtung hat eine Reichweite von 30 Metern. Die Kamera verf\u00fcgt \u00fcber einen 120 dB Wide Dynamic Range (WDR), wodurch die Kamera auch mit komplexen Lichtverh\u00e4ltnissen, beispielsweise durch Gegenlicht der Sonne oder Autoscheinwerfer, sehr gut zurechtkommt.<\/p>\n<p>Met de gemotoriseerde instelbare 2.8 tot 12mm varifocale lens is het mogelijk de camera op afstand scherp te stellen op een beeld ver weg of een beeld dichtbij. Door dit inzoomen en uitzoomen varieert de horizontale beeldhoek mee tussen de 95.9 en 29.2 graden.<\/p>\n<p>De Hikvision HWI-B640HA-Z HiWatch beschikt over onder andere bewegingsdetectie en privacy masking. Beelden kunnen onder meer worden opgeslagen op een Netwerk Video Recorder (NVR). De camera beschikt ook over de mogelijkheid om in de camera op te nemen op een microSD geheugenkaart tot maximaal 256Gb. Geschikte kaarten zijn opgenomen onder &#8216;Opties&#8217;.<\/p>\n<p>Het verschil tussen de Hikvision HWI-B640H-Z en de Hikvision HWI-B640HA-Z is dat de Hikvision HWI-B640HA-Z beschikking heeft over de meest moderne technologie voor bewegingsdetectie, ook Motion Detection 2.0 genoemd. Daardoor is de camera in staat om verschil tussen mens en dier te maken. Daarnaast worden ook valse alarmen geminimaliseerd door deze technologie. Ook is de horizontale beeldhoek anders geworden.<\/p>\n<p>Hikvision bietet eine kostenlose mobile App f\u00fcr Apple iOS und Android. Die Kamera verf\u00fcgt \u00fcber einen internen Webserver, der \u00fcber einen Webbrowser angezeigt und verwaltet werden kann. Die kostenlose Video Management Software (VMS) kann von der Hikvision HiWatch-Website heruntergeladen werden. Unter der Registerkarte \u201eDokumentation\u201c finden Sie einen Link zur Produktseite des Herstellers.<\/p>\n<p>De Hikvision HWI-B640HA-Z HiWatch heeft een IP67 rating waardoor de camera uitermate geschikt is voor gebruik buiten. De behuizing van de camera is van metaal. Voor installatiegemak kan de camera via de netwerkkabel worden gevoed met Power over Ethernet (standaard 802.3af POE). PoE kan worden verkregen door een PoE NVR, een PoE switch of met een PoE injector. De camera kan ook worden gevoed met een optionele 12VDC voeding adapter. Onder het tabblad &#8220;Opties&#8221; kan worden aangegeven of een adapter moet worden meegeleverd. Onder het tabblad &#8216;Opties&#8217; staan geschikte Hikvision montagebeugels.<\/p>\n<p><strong>Wichtigste Funktionen<\/strong><\/p>\n<ul>\n<li>4-Megapixel-Full-HD-Kamera mit motorisiertem Varioobjektiv f\u00fcr gestochen scharfe Bilder<\/li>\n<li>Tag-\/Nachtkamera mit automatischem mechanischem IR-Sperrfilter<\/li>\n<li>Intelligente IR-Nachtsichtbeleuchtung bis zu 30 Meter<\/li>\n<li>Aufnahme in der Kamera auf SD-Karte<\/li>\n<li>120 dB breiter Dynamikbereich (WDR)<\/li>\n<li>Zonen-optionale Gegenlichtkompensation (BLC)<\/li>\n<li>3D-Digital-Rauschunterdr\u00fcckung (3D-DNR)<\/li>\n<li>Motion detection 2.0, Tampering alarm, Privacy mask<\/li>\n<li>ONVIF-Protokoll<\/li>\n<li>H.265+-Codec<\/li>\n<li>Stromversorgung \u00fcber 12VDC-Adapter oder \u00fcber PoE (802.3af)<\/li>\n<li>Wetterfest IP67<\/li>\n<li>Bitrate 32 Kbps &#8211; 8 Mbps<\/li>\n<li>Betriebstemperaturbereich -30 \u00b0C \u2013 + 65 \u00b0C<\/li>\n<\/ul>\n<p><a href=\"https:\/\/webstore4.com\/Copyright\/\" target=\"_blank\" rel=\"noopener\"><span style=\"color: #ff6e03; font-size: 11px;\">\u00a9 Der Text ist urheberrechtlich gesch\u00fctzt<\/span><\/a><\/p>","protected":false},"excerpt":{"rendered":"<p>De Hikvision HWI-B640HA-Z HiWatch is een Full HD 4MP bullet beveiligingscamera met IR nachtzicht, gemotoriseerde varifocale lens, Motion Detection 2.0, microSD kaart opname mogelijkheid, 120dB WDR, PoE voor binnen of buiten. Hikvision HiWatch producten hebben 3 jaar fabrieksgarantie. Mogelijkheden De Hikvision HWI-B640HA-Z HiWatch bullet camera geeft beelden weer in een Full HD 2560&#215;1440 resolutie. De<\/p>\n<div class=\"klb-readmore button\"><a class=\"btn link\" href=\"https:\/\/webstore4.com\/de\/product\/hikvision-hwi-b640ha-z-hiwatch-4mp-bullet\/\">Mehr lesen <i class=\"klbth-icon-right-arrow\"><\/i><\/a><\/div>","protected":false},"featured_media":16269,"comment_status":"open","ping_status":"closed","template":"","meta":[],"pwb-brand":[3367],"product_cat":[3435,4184,4219,4198,4221],"product_tag":[],"class_list":{"0":"post-16268","1":"product","2":"type-product","3":"status-publish","4":"has-post-thumbnail","6":"pwb-brand-hikvision","7":"product_cat-ip-cameras","8":"product_cat-cameras","9":"product_cat-bullet-box-cameras-cameras","10":"product_cat-series","11":"product_cat-hikvision-hiwatch-series","12":"product_shipping_class-pakket","13":"pa_alarm-ingang-uitgang-nee","14":"pa_audio-nee","15":"pa_beeldhoek-graden-horizontaal-95-9-29-2","16":"pa_beeldsensor-13-cmos","17":"pa_dag-nacht-ir-cut-filter-ja","18":"pa_geheugenkaart-type-micro-sdsdhcsdxc-256gb","19":"pa_ingebouwd-type-nachtzicht-infrared-ir-led","20":"pa_lens-mm-2-8-12","21":"pa_materiaal-metaal","22":"pa_megapixel-4mp","23":"pa_merk-hikvision","24":"pa_minimale-verlichting-0-005-lux-0-lux-met-ir","25":"pa_mobiele-app-fabrikant-ja","26":"pa_nachtzicht-ja","27":"pa_omgeving-binnen-en-buiten","28":"pa_opnemen-op-sd-kaart-ja","29":"pa_poe-802-3af","30":"pa_resolutie-max-pixels-full-hd-2560x1440","31":"pa_vandaalbestendig-nee","32":"pa_voeding-12vdc","33":"pa_voeding-poe","34":"pa_wdr-ja","36":"first","37":"onbackorder","38":"taxable","39":"shipping-taxable","40":"purchasable","41":"product-type-simple"},"brands":[{"id":3367,"name":"Hikvision","slug":"hikvision"}],"_links":{"self":[{"href":"https:\/\/webstore4.com\/de\/wp-json\/wp\/v2\/product\/16268","targetHints":{"allow":["GET"]}}],"collection":[{"href":"https:\/\/webstore4.com\/de\/wp-json\/wp\/v2\/product"}],"about":[{"href":"https:\/\/webstore4.com\/de\/wp-json\/wp\/v2\/types\/product"}],"replies":[{"embeddable":true,"href":"https:\/\/webstore4.com\/de\/wp-json\/wp\/v2\/comments?post=16268"}],"wp:featuredmedia":[{"embeddable":true,"href":"https:\/\/webstore4.com\/de\/wp-json\/wp\/v2\/media\/16269"}],"wp:attachment":[{"href":"https:\/\/webstore4.com\/de\/wp-json\/wp\/v2\/media?parent=16268"}],"wp:term":[{"taxonomy":"pwb-brand","embeddable":true,"href":"https:\/\/webstore4.com\/de\/wp-json\/wp\/v2\/pwb-brand?post=16268"},{"taxonomy":"product_cat","embeddable":true,"href":"https:\/\/webstore4.com\/de\/wp-json\/wp\/v2\/product_cat?post=16268"},{"taxonomy":"product_tag","embeddable":true,"href":"https:\/\/webstore4.com\/de\/wp-json\/wp\/v2\/product_tag?post=16268"}],"curies":[{"name":"wp","href":"https:\/\/api.w.org\/{rel}","templated":true}]}}