{"id":16265,"date":"2024-03-08T09:51:12","date_gmt":"2024-03-08T08:51:12","guid":{"rendered":"https:\/\/webstore4.com\/?post_type=product&#038;p=16265"},"modified":"2024-04-19T15:22:53","modified_gmt":"2024-04-19T14:22:53","slug":"hikvision-hwi-b782h-z-hiwatch-8mp-bullet","status":"publish","type":"product","link":"https:\/\/webstore4.com\/de\/product\/hikvision-hwi-b782h-z-hiwatch-8mp-bullet\/","title":{"rendered":"Hikvision HWI-B782H-Z HiWatch Full HD 8MP buiten bullet camera met gemotoriseerde varifocale lens, 50 meter IR nachtzicht, WDR en PoE+"},"content":{"rendered":"<p>De Hikvision HWI-B782H-Z is een Full HD 8 megapixel bullet met maar liefst 50 meter IR nachtzicht, varifocale lens van 2.8-12 mm, Digitale WDR en PoE+ voor binnen of buiten. Hikvision HiWatch producten hebben 3 jaar fabrieksgarantie.<\/p>\n<p><strong>M\u00f6glichkeiten<\/strong><\/p>\n<p>De Hikvision HWI-B782H-Z HiWatch geeft beelden weer in een Full HD 3840&#215;2160 resolutie. De camera heeft een ingebouwd aanpasbare automatisch IR-cut filter en is daarmee een echte dag\/nacht camera. In donkere omstandigheden kan de camera de ingebouwde IR verlichting inschakelen waardoor er zelfs in volledige duisternis (0 Lux) een haarscherp beeld is. De IR verlichting heeft maar liefst een bereik van 50 meter. De camera beschikt over digitale Wide Dynamic Range (WDR).<\/p>\n<p>De 2.8-12 mm gemotoriseerde varifocale lens heeft een horizontale beeldhoek van 405 &#8211; 34.5 graden. De beveiligingscamera bezit allerlei slimme functies waaronder Region of Interest (ROI), Tripwire Detection, intrusion detection en gezichtsherkenning.\u00a0Beelden kunnen onder meer worden opgeslagen op een Netwerk Video Recorder (NVR). De camera beschikt ook over de mogelijkheid om in de camera op te nemen op een microSD geheugenkaart tot 256 Gb. Geschikte kaarten zijn opgenomen onder &#8216;Opties&#8217;.<\/p>\n<p>Hikvision bietet eine kostenlose mobile App f\u00fcr Apple iOS und Android. Die Kamera verf\u00fcgt \u00fcber einen internen Webserver, der \u00fcber einen Webbrowser angezeigt und verwaltet werden kann. Die kostenlose Video Management Software (VMS) kann von der Hikvision HiWatch-Website heruntergeladen werden. Unter der Registerkarte \u201eDokumentation\u201c finden Sie einen Link zur Produktseite des Herstellers.<\/p>\n<p>De Hikvision HWI-B782H-Z HiWatch heeft een IP67 rating waardoor de camera uitermate geschikt is voor gebruik buiten. Voor installatiegemak kan de camera via de netwerkkabel worden gevoed met Power over Ethernet (standaard 802.3at POE+). PoE kan worden verkregen door een PoE NVR, een PoE switch of met een PoE injector. De camera kan ook worden gevoed met een optionele 12V voeding adapter.<\/p>\n<p>Onder het tabblad \u2018Opties\u2019 kan worden aangegeven of een adapter moet worden meegeleverd. Onder het tabblad \u2018Opties\u2019 zijn ook de geschikte montagebeugels opgenomen.<\/p>\n<p><strong>Wichtigste Funktionen<\/strong><\/p>\n<ul>\n<li>8 megapixel Full HD bullet camera<\/li>\n<li>Tag-\/Nachtkamera mit automatischem mechanischem IR-Sperrfilter<\/li>\n<li>Intelligente IR-Nachtsichtbeleuchtung bis zu 50 Meter<\/li>\n<li>Digital Wide Dynamic Range (WDR)<\/li>\n<li>Zonen-optionale Gegenlichtkompensation (BLC)<\/li>\n<li>3D-Digital-Rauschunterdr\u00fcckung (3D-DNR)<\/li>\n<li>Region von Interesse (ROI)<\/li>\n<li>Tripwire Detection, intrusion detection, face detection<\/li>\n<li>ONVIF-Protokoll<\/li>\n<li>H.265+-Codec<\/li>\n<li>Voeding met 12VDC of PoE+ (802.3at)<\/li>\n<li>Wetterfest IP67<\/li>\n<li>Bitrate 32 Kbps &#8211; 8 Mbps<\/li>\n<li>Operationeel temperatuurbereik -30 \u00b0C &#8211; + 50 \u00b0C<\/li>\n<\/ul>\n<p><a href=\"https:\/\/webstore4.com\/Copyright\/\" target=\"_blank\" rel=\"noopener\"><span style=\"color: #ff6e03; font-size: 11px;\">\u00a9 Der Text ist urheberrechtlich gesch\u00fctzt<\/span><\/a><\/p>","protected":false},"excerpt":{"rendered":"<p>De Hikvision HWI-B782H-Z is een Full HD 8 megapixel bullet met maar liefst 50 meter IR nachtzicht, varifocale lens van 2.8-12 mm, Digitale WDR en PoE+ voor binnen of buiten. Hikvision HiWatch producten hebben 3 jaar fabrieksgarantie. Mogelijkheden De Hikvision HWI-B782H-Z HiWatch geeft beelden weer in een Full HD 3840&#215;2160 resolutie. De camera heeft een<\/p>\n<div class=\"klb-readmore button\"><a class=\"btn link\" href=\"https:\/\/webstore4.com\/de\/product\/hikvision-hwi-b782h-z-hiwatch-8mp-bullet\/\">Mehr lesen <i class=\"klbth-icon-right-arrow\"><\/i><\/a><\/div>","protected":false},"featured_media":16266,"comment_status":"open","ping_status":"closed","template":"","meta":[],"pwb-brand":[3367],"product_cat":[3435,4184,4219,4198,4221],"product_tag":[],"class_list":{"0":"post-16265","1":"product","2":"type-product","3":"status-publish","4":"has-post-thumbnail","6":"pwb-brand-hikvision","7":"product_cat-ip-cameras","8":"product_cat-cameras","9":"product_cat-bullet-box-cameras-cameras","10":"product_cat-series","11":"product_cat-hikvision-hiwatch-series","12":"product_shipping_class-pakket","13":"pa_alarm-ingang-uitgang-ja","14":"pa_audio-ingang-uitgang","15":"pa_beeldhoek-graden-horizontaal-105-34-5","16":"pa_beeldsensor-12-5-cmos","17":"pa_dag-nacht-ir-cut-filter-ja","18":"pa_geheugenkaart-type-micro-sdsdhcsdxc-256gb","19":"pa_ingebouwd-type-nachtzicht-infrared-ir-led","20":"pa_lens-mm-2-8-12","21":"pa_materiaal-metaal","22":"pa_megapixel-8mp","23":"pa_merk-hikvision","24":"pa_minimale-verlichting-0-01-lux-0-lux-met-ir","25":"pa_mobiele-app-fabrikant-ja","26":"pa_nachtzicht-ja","27":"pa_omgeving-binnen-en-buiten","28":"pa_opnemen-op-sd-kaart-ja","29":"pa_poe-802-3at","30":"pa_resolutie-max-pixels-full-hd-3840x2160","31":"pa_vandaalbestendig-nee","32":"pa_voeding-12vdc","33":"pa_voeding-poe","34":"pa_wdr-ja","36":"first","37":"onbackorder","38":"taxable","39":"shipping-taxable","40":"purchasable","41":"product-type-simple"},"brands":[{"id":3367,"name":"Hikvision","slug":"hikvision"}],"_links":{"self":[{"href":"https:\/\/webstore4.com\/de\/wp-json\/wp\/v2\/product\/16265","targetHints":{"allow":["GET"]}}],"collection":[{"href":"https:\/\/webstore4.com\/de\/wp-json\/wp\/v2\/product"}],"about":[{"href":"https:\/\/webstore4.com\/de\/wp-json\/wp\/v2\/types\/product"}],"replies":[{"embeddable":true,"href":"https:\/\/webstore4.com\/de\/wp-json\/wp\/v2\/comments?post=16265"}],"wp:featuredmedia":[{"embeddable":true,"href":"https:\/\/webstore4.com\/de\/wp-json\/wp\/v2\/media\/16266"}],"wp:attachment":[{"href":"https:\/\/webstore4.com\/de\/wp-json\/wp\/v2\/media?parent=16265"}],"wp:term":[{"taxonomy":"pwb-brand","embeddable":true,"href":"https:\/\/webstore4.com\/de\/wp-json\/wp\/v2\/pwb-brand?post=16265"},{"taxonomy":"product_cat","embeddable":true,"href":"https:\/\/webstore4.com\/de\/wp-json\/wp\/v2\/product_cat?post=16265"},{"taxonomy":"product_tag","embeddable":true,"href":"https:\/\/webstore4.com\/de\/wp-json\/wp\/v2\/product_tag?post=16265"}],"curies":[{"name":"wp","href":"https:\/\/api.w.org\/{rel}","templated":true}]}}