{"id":16254,"date":"2024-03-08T08:26:47","date_gmt":"2024-03-08T07:26:47","guid":{"rendered":"https:\/\/webstore4.com\/?post_type=product&#038;p=16254"},"modified":"2024-04-19T15:22:52","modified_gmt":"2024-04-19T14:22:52","slug":"hikvision-hwp-n4215ih-ded-hiwatch-2mp-ptz","status":"publish","type":"product","link":"https:\/\/webstore4.com\/de\/product\/hikvision-hwp-n4215ih-ded-hiwatch-2mp-ptz\/","title":{"rendered":"Hikvision HWP-N4215IH-DE(D) HiWatch Full HD 2MP PTZ-Au\u00dfenkamera mit 15-fach optischem Zoom, 100 m IR-Nachtsicht, microSD, 120 dB WDR und PoE"},"content":{"rendered":"<p>Die Hikvision HWP-N4215IH-DE(D) HiWatch ist eine Full HD 2MP PTZ mit 15-fachem optischem Zoom und 16-fachem Digitalzoom, 100 m IR-Nachtsicht, PoE-Stromversorgung und verf\u00fcgt \u00fcber die M\u00f6glichkeit zur Aufzeichnung auf einer microSD (nicht im Lieferumfang enthalten). Die Kamera verf\u00fcgt \u00fcber 120 dB WDR und ist f\u00fcr den Au\u00dfenbereich geeignet. Die Kamera kann geneigt, gedreht und gezoomt werden (Schwenken\/Neigen\/Zoomen).<\/p>\n<p><strong>M\u00f6glichkeiten<\/strong><\/p>\n<p>Der Hikvision HWP-N4215IH-DE(D) zeigt Bilder in einer Full-HD-Aufl\u00f6sung von 1920\u00d71080 an. Die Kamera verf\u00fcgt \u00fcber einen eingebauten automatischen IR-Sperrfilter, was sie zu einer echten Tag-\/Nachtkamera macht. Bei Dunkelheit kann die Kamera die integrierte IR-Beleuchtung einschalten, die auch bei v\u00f6lliger Dunkelheit (0 Lux) f\u00fcr ein gestochen scharfes Bild sorgt.<br \/>\nDie IR-Beleuchtung hat eine Reichweite von 100 Metern. Die Kamera verf\u00fcgt \u00fcber einen 120 dB Wide Dynamic Range (WDR), wodurch die Kamera auch mit komplexen Lichtverh\u00e4ltnissen, beispielsweise durch Gegenlicht der Sonne oder Autoscheinwerfer, sehr gut zurechtkommt.<\/p>\n<p>Das motorisierte 4,8- bis 120-mm-Varioobjektiv erm\u00f6glicht das Vergr\u00f6\u00dfern und Verkleinern der Kamera mit einem horizontalen Bildwinkel zwischen 57,6 und 2,5 Grad. Die Kamera verf\u00fcgt \u00fcber einen 25-fachen optischen Zoom und einen 16-fachen Digitalzoom. Die Kamera kann endlos um 360 Grad gedreht und mit einer Auto-Flip-Funktion zwischen -15 und 90 Grad geneigt werden. Die Rotations- und Neigungsgeschwindigkeit betr\u00e4gt 80 Grad pro Sekunde. Die Kamera verf\u00fcgt \u00fcber Voreinstellungs-, Auto-Pattern-, Auto-Patrol- und Auto-Pan-Funktionen.<\/p>\n<p>Der Hikvision HWP-N4215IH-DE(D) verf\u00fcgt \u00fcber 24 Privatsph\u00e4renmaskenbereiche und unterst\u00fctzt die Region of Interest (ROI), wodurch bestimmte Bereiche f\u00fcr eine zus\u00e4tzliche \u00dcberwachung ausgew\u00e4hlt werden k\u00f6nnen. Die Bilder k\u00f6nnen unter anderem auf einem Netzwerk-Videorecorder (NVR) gespeichert werden. Die Kamera verf\u00fcgt au\u00dferdem \u00fcber die M\u00f6glichkeit, in der Kamera auf einer microSD-Speicherkarte mit bis zu maximal 256 GB aufzuzeichnen.<\/p>\n<p>Hikvision bietet eine kostenlose mobile App f\u00fcr Apple iOS und Android. Die Kamera verf\u00fcgt \u00fcber einen internen Webserver, der \u00fcber einen Webbrowser angezeigt und verwaltet werden kann. Die kostenlose Video Management Software (VMS) kann von der Hikvision HiWatch-Website heruntergeladen werden. Unter der Registerkarte \u201eDokumentation\u201c finden Sie einen Link zur Produktseite des Herstellers.<\/p>\n<p>Die Hikvision DS-2DE4225IW-DE(T5) verf\u00fcgt \u00fcber die Schutzart IP66, wodurch sich die Kamera ideal f\u00fcr den Au\u00dfenbereich eignet. Das Geh\u00e4use der Kamera besteht aus Metall. Zur einfacheren Installation kann die Kamera \u00fcber das Netzwerkkabel mit Power over Ethernet (Standard 802.3at POE+) mit Strom versorgt werden. PoE kann \u00fcber einen PoE-NVR, einen PoE-Switch oder mit einem PoE-Injektor bezogen werden. Die Kamera kann auch mit einem 12-V-Gleichstrom-Netzteil mit Netzkabel betrieben werden. Die Kamera wird ohne Montagehalterung geliefert. Passende Hikvision-Montagehalterungen sind unter der Registerkarte \u201eOptionen\u201c erh\u00e4ltlich.<\/p>\n<p><strong>Wichtigste Funktionen<\/strong><\/p>\n<ul>\n<li>2-Megapixel-Full-HD-PTZ-Kamera mit 15-fachem optischen Zoom und 16-fachem Digitalzoom<\/li>\n<li>Tag-\/Nachtkamera mit automatischem mechanischem IR-Sperrfilter<\/li>\n<li>Intelligente IR-Nachtsichtbeleuchtung bis zu 100 Meter<\/li>\n<li>Aufnahme in der Kamera auf SD-Karte mit max. 256 GB (nicht im Lieferumfang enthalten)<\/li>\n<li>120 dB breiter Dynamikbereich (WDR)<\/li>\n<li>Zonen-optionale Gegenlichtkompensation (BLC)<\/li>\n<li>3D-Digital-Rauschunterdr\u00fcckung (3D-DNR)<\/li>\n<li>Bewegungserkennung, Privatzonenmaske, ROI<\/li>\n<li>300 Voreinstellungen, Musterscan, Patrouillenscan, automatischer Scan, Neigungsscan, Zufallsscan, Rahmenscan, Panoramascan<\/li>\n<li>ONVIF-Protokoll<\/li>\n<li>H.265+-Codec<\/li>\n<li>Stromversorgung \u00fcber den mitgelieferten 12-VDC-Adapter oder \u00fcber PoE + (802.3at)<\/li>\n<li>Wetterfest IP66<\/li>\n<li>Betriebstemperaturbereich -30 \u00b0C \u2013 + 65 \u00b0C<\/li>\n<\/ul>\n<p><a href=\"https:\/\/webstore4.com\/Copyright\/\" target=\"_blank\" rel=\"noopener\"><span style=\"color: #ff6e03; font-size: 11px;\">\u00a9 Der Text ist urheberrechtlich gesch\u00fctzt<\/span><\/a><\/p>","protected":false},"excerpt":{"rendered":"<p>Die Hikvision HWP-N4215IH-DE(D) HiWatch ist eine Full HD 2MP PTZ mit 15-fachem optischem Zoom und 16-fachem Digitalzoom, 100 m IR-Nachtsicht, PoE-Stromversorgung und verf\u00fcgt \u00fcber die M\u00f6glichkeit zur Aufzeichnung auf einer microSD (nicht im Lieferumfang enthalten). Die Kamera verf\u00fcgt \u00fcber 120 dB WDR und ist f\u00fcr den Au\u00dfenbereich geeignet. Die Kamera kann geneigt, gedreht und gezoomt werden (Schwenken\/Neigen\/Zoomen).<\/p>\n<div class=\"klb-readmore button\"><a class=\"btn link\" href=\"https:\/\/webstore4.com\/de\/product\/hikvision-hwp-n4215ih-ded-hiwatch-2mp-ptz\/\">Mehr lesen <i class=\"klbth-icon-right-arrow\"><\/i><\/a><\/div>","protected":false},"featured_media":16256,"comment_status":"open","ping_status":"closed","template":"","meta":[],"pwb-brand":[3367],"product_cat":[3435,4184,4185,4198,4221],"product_tag":[],"class_list":{"0":"post-16254","1":"product","2":"type-product","3":"status-publish","4":"has-post-thumbnail","6":"pwb-brand-hikvision","7":"product_cat-ip-cameras","8":"product_cat-cameras","9":"product_cat-180-360-ptz-cameras","10":"product_cat-series","11":"product_cat-hikvision-hiwatch-series","12":"product_shipping_class-pakket","13":"pa_alarm-ingang-uitgang-nee","14":"pa_audio-nee","15":"pa_beeldhoek-graden-horizontaal-53-8-4-0","16":"pa_beeldsensor-1-2-8-cmos","17":"pa_dag-nacht-ir-cut-filter-ja","18":"pa_geheugenkaart-type-micro-sdsdhcsdxc-256gb","19":"pa_ingebouwd-type-nachtzicht-infrared-ir-led","20":"pa_lens-mm-5-75","21":"pa_materiaal-metaal","22":"pa_megapixel-2mp","23":"pa_merk-hikvision","24":"pa_minimale-verlichting-0-005-lux-0-lux-met-ir","25":"pa_mobiele-app-fabrikant-ja","26":"pa_nachtzicht-ja","27":"pa_omgeving-binnen-en-buiten","28":"pa_opnemen-op-sd-kaart-ja","29":"pa_poe-802-3at","30":"pa_resolutie-max-pixels-full-hd-1920x1080","31":"pa_vandaalbestendig-nee","32":"pa_verstelbare-assen-3631","33":"pa_voeding-12vdc","34":"pa_voeding-inclusief-adapter","35":"pa_voeding-poe","36":"pa_wdr-ja","38":"first","39":"onbackorder","40":"taxable","41":"shipping-taxable","42":"purchasable","43":"product-type-simple"},"brands":[{"id":3367,"name":"Hikvision","slug":"hikvision"}],"_links":{"self":[{"href":"https:\/\/webstore4.com\/de\/wp-json\/wp\/v2\/product\/16254","targetHints":{"allow":["GET"]}}],"collection":[{"href":"https:\/\/webstore4.com\/de\/wp-json\/wp\/v2\/product"}],"about":[{"href":"https:\/\/webstore4.com\/de\/wp-json\/wp\/v2\/types\/product"}],"replies":[{"embeddable":true,"href":"https:\/\/webstore4.com\/de\/wp-json\/wp\/v2\/comments?post=16254"}],"wp:featuredmedia":[{"embeddable":true,"href":"https:\/\/webstore4.com\/de\/wp-json\/wp\/v2\/media\/16256"}],"wp:attachment":[{"href":"https:\/\/webstore4.com\/de\/wp-json\/wp\/v2\/media?parent=16254"}],"wp:term":[{"taxonomy":"pwb-brand","embeddable":true,"href":"https:\/\/webstore4.com\/de\/wp-json\/wp\/v2\/pwb-brand?post=16254"},{"taxonomy":"product_cat","embeddable":true,"href":"https:\/\/webstore4.com\/de\/wp-json\/wp\/v2\/product_cat?post=16254"},{"taxonomy":"product_tag","embeddable":true,"href":"https:\/\/webstore4.com\/de\/wp-json\/wp\/v2\/product_tag?post=16254"}],"curies":[{"name":"wp","href":"https:\/\/api.w.org\/{rel}","templated":true}]}}