{"id":16243,"date":"2024-03-08T07:45:45","date_gmt":"2024-03-08T06:45:45","guid":{"rendered":"https:\/\/webstore4.com\/?post_type=product&#038;p=16243"},"modified":"2024-04-19T15:22:51","modified_gmt":"2024-04-19T14:22:51","slug":"hikvision-hwi-b121h-hiwatch-2mp-bullet-camera","status":"publish","type":"product","link":"https:\/\/webstore4.com\/de\/product\/hikvision-hwi-b121h-hiwatch-2mp-bullet-camera\/","title":{"rendered":"Hikvision HWI-B121H HiWatch Full HD 2MP buiten bullet camera met 30 meter IR nachtzicht, WDR en PoE"},"content":{"rendered":"<p>De Hikvision HWI-B121H is een Full HD 2 megapixel bullet camera met 30 meter IR nachtzicht, vaste 2.8mm lens, Digitale WDR en PoE voor binnen of buiten. Hikvision HiWatch producten hebben 3 jaar fabrieksgarantie.<\/p>\n<p><strong>M\u00f6glichkeiten<\/strong><\/p>\n<p>Die Hikvision HWI-B121H HiWatch zeigt Bilder in einer Full-HD-Aufl\u00f6sung von 1920 x 1080 an. Die Kamera verf\u00fcgt \u00fcber einen eingebauten automatischen IR-Sperrfilter, was sie zu einer echten Tag-\/Nachtkamera macht. Bei Dunkelheit kann die Kamera die integrierte IR-Beleuchtung einschalten, die auch bei v\u00f6lliger Dunkelheit (0 Lux) f\u00fcr ein gestochen scharfes Bild sorgt. Die IR-Beleuchtung hat eine Reichweite von 30 Metern. Die Kamera verf\u00fcgt \u00fcber einen digitalen Wide Dynamic Range (WDR).<\/p>\n<p>De 2.8mm lens heeft een horizontale beeldhoek van 114,8 graden.<\/p>\n<p>De beveiligingscamera uit de\u00a0 HiWatch serie beschikt over onder andere bewegingsdetectie en privacy masking. Beelden kunnen onder meer worden opgeslagen op een Netwerk Video Recorder (NVR). De camera beschikt <u>nicht<\/u> \u00fcber die M\u00f6glichkeit der Aufnahme in der Kamera auf einer microSD-Speicherkarte.<\/p>\n<p>Hikvision bietet eine kostenlose mobile App f\u00fcr Apple iOS und Android. Die Kamera verf\u00fcgt \u00fcber einen internen Webserver, der \u00fcber einen Webbrowser angezeigt und verwaltet werden kann. Die kostenlose Video Management Software (VMS) kann von der Hikvision HiWatch-Website heruntergeladen werden. Unter der Registerkarte \u201eDokumentation\u201c finden Sie einen Link zur Produktseite des Herstellers.<\/p>\n<p>De Hikvision bullet camera heeft een IP67 rating waardoor de camera uitermate geschikt is voor gebruik buiten. De behuizing van de camera is van metaal. Voor installatiegemak kan de camera via de netwerkkabel worden gevoed met Power over Ethernet (standaard 802.3af POE). PoE kan worden verkregen door een PoE NVR, een PoE switch of met een PoE injector. De camera kan ook worden gevoed met een optionele 12VDC voeding adapter.<\/p>\n<p>Onder &#8216;Opties&#8217; kan worden aangegeven of een adapter moet worden meegeleverd.<\/p>\n<p><strong>Wichtigste Funktionen<\/strong><\/p>\n<ul>\n<li>2-Megapixel-Full-HD-Bullet-Kamera<\/li>\n<li>Tag-\/Nachtkamera mit automatischem mechanischem IR-Sperrfilter<\/li>\n<li>Intelligente IR-Nachtsichtbeleuchtung bis zu 30 Meter<\/li>\n<li>Digital Wide Dynamic Range (WDR)<\/li>\n<li>Zonen-optionale Gegenlichtkompensation (BLC)<\/li>\n<li>3D-Digital-Rauschunterdr\u00fcckung (3D-DNR)<\/li>\n<li>Bewegungserkennung, Manipulationsalarm, Privatzonenmaske<\/li>\n<li>ONVIF-Protokoll<\/li>\n<li>H.265+-Codec<\/li>\n<li>Stromversorgung \u00fcber 12VDC-Adapter oder \u00fcber PoE (802.3af)<\/li>\n<li>Wetterfest IP67<\/li>\n<li>Bitrate 32 Kbps &#8211; 8 Mbps<\/li>\n<li>Operationeel temperatuurbereik -30 \u00b0C &#8211; + 50 \u00b0C<\/li>\n<\/ul>\n<p><a href=\"https:\/\/webstore4.com\/Copyright\/\" target=\"_blank\" rel=\"noopener\"><span style=\"color: #ff6e03; font-size: 11px;\">\u00a9 Der Text ist urheberrechtlich gesch\u00fctzt<\/span><\/a><\/p>","protected":false},"excerpt":{"rendered":"<p>De Hikvision HWI-B121H is een Full HD 2 megapixel bullet camera met 30 meter IR nachtzicht, vaste 2.8mm lens, Digitale WDR en PoE voor binnen of buiten. Hikvision HiWatch producten hebben 3 jaar fabrieksgarantie. Mogelijkheden De Hikvision HWI-B121H HiWatch geeft beelden weer in een Full HD 1920&#215;1080 resolutie. De camera heeft een ingebouwd automatisch IR-cut<\/p>\n<div class=\"klb-readmore button\"><a class=\"btn link\" href=\"https:\/\/webstore4.com\/de\/product\/hikvision-hwi-b121h-hiwatch-2mp-bullet-camera\/\">Mehr lesen <i class=\"klbth-icon-right-arrow\"><\/i><\/a><\/div>","protected":false},"featured_media":16245,"comment_status":"open","ping_status":"closed","template":"","meta":[],"pwb-brand":[3367],"product_cat":[3435,4184,4219,4198,4221],"product_tag":[],"class_list":{"0":"post-16243","1":"product","2":"type-product","3":"status-publish","4":"has-post-thumbnail","6":"pwb-brand-hikvision","7":"product_cat-ip-cameras","8":"product_cat-cameras","9":"product_cat-bullet-box-cameras-cameras","10":"product_cat-series","11":"product_cat-hikvision-hiwatch-series","12":"product_shipping_class-pakket","13":"pa_alarm-ingang-uitgang-nee","14":"pa_audio-nee","15":"pa_beeldhoek-graden-horizontaal-112-1","16":"pa_beeldsensor-1-2-8-cmos","17":"pa_dag-nacht-ir-cut-filter-ja","18":"pa_ingebouwd-type-nachtzicht-infrared-ir-led","19":"pa_lens-mm-2-8","20":"pa_materiaal-kunststof","21":"pa_materiaal-metaal","22":"pa_megapixel-2mp","23":"pa_merk-hikvision","24":"pa_minimale-verlichting-0-01-lux-0-lux-met-ir","25":"pa_mobiele-app-fabrikant-ja","26":"pa_nachtzicht-ja","27":"pa_omgeving-binnen-en-buiten","28":"pa_opnemen-op-sd-kaart-nee","29":"pa_poe-802-3af","30":"pa_resolutie-max-pixels-full-hd-1920x1080","31":"pa_vandaalbestendig-nee","32":"pa_voeding-12vdc","33":"pa_voeding-poe","34":"pa_wdr-ja","36":"first","37":"onbackorder","38":"taxable","39":"shipping-taxable","40":"purchasable","41":"product-type-simple"},"brands":[{"id":3367,"name":"Hikvision","slug":"hikvision"}],"_links":{"self":[{"href":"https:\/\/webstore4.com\/de\/wp-json\/wp\/v2\/product\/16243","targetHints":{"allow":["GET"]}}],"collection":[{"href":"https:\/\/webstore4.com\/de\/wp-json\/wp\/v2\/product"}],"about":[{"href":"https:\/\/webstore4.com\/de\/wp-json\/wp\/v2\/types\/product"}],"replies":[{"embeddable":true,"href":"https:\/\/webstore4.com\/de\/wp-json\/wp\/v2\/comments?post=16243"}],"wp:featuredmedia":[{"embeddable":true,"href":"https:\/\/webstore4.com\/de\/wp-json\/wp\/v2\/media\/16245"}],"wp:attachment":[{"href":"https:\/\/webstore4.com\/de\/wp-json\/wp\/v2\/media?parent=16243"}],"wp:term":[{"taxonomy":"pwb-brand","embeddable":true,"href":"https:\/\/webstore4.com\/de\/wp-json\/wp\/v2\/pwb-brand?post=16243"},{"taxonomy":"product_cat","embeddable":true,"href":"https:\/\/webstore4.com\/de\/wp-json\/wp\/v2\/product_cat?post=16243"},{"taxonomy":"product_tag","embeddable":true,"href":"https:\/\/webstore4.com\/de\/wp-json\/wp\/v2\/product_tag?post=16243"}],"curies":[{"name":"wp","href":"https:\/\/api.w.org\/{rel}","templated":true}]}}