{"id":16229,"date":"2024-03-07T20:55:55","date_gmt":"2024-03-07T19:55:55","guid":{"rendered":"https:\/\/webstore4.com\/?post_type=product&#038;p=16229"},"modified":"2024-04-19T15:22:43","modified_gmt":"2024-04-19T14:22:43","slug":"hikvision-hwi-t220ha-hiwatch-2mp-eyeball","status":"publish","type":"product","link":"https:\/\/webstore4.com\/de\/product\/hikvision-hwi-t220ha-hiwatch-2mp-eyeball\/","title":{"rendered":"Hikvision HWI-T220HA HiWatch Full HD 2MP buiten eyeball camera met vaste 2.8 mm lens, Motion Detection 2.0, IR nachtzicht, 120dB WDR en PoE"},"content":{"rendered":"<p>De Hikvision HWI-T220HA HiWatch is een Full HD 2MP turret met vaste 2.8mm lens, Motion Detection 2.0, infrarood nachtzicht, 120dB WDR, PoE en is geschikt voor binnen of buiten. De camera kan <strong>nicht<\/strong> in de camera opnemen op een microSD kaart.<\/p>\n<p>F\u00fcr Hikvision HiWatch-Produkte gilt eine Herstellergarantie von 3 Jahren.<\/p>\n<p><strong>M\u00f6glichkeiten<\/strong><\/p>\n<p>De Hikvision HWI-T220HA HiWatch geeft beelden weer in een Full HD 1920&#215;1080 resolutie. De camera heeft een ingebouwd automatisch IR-cut filter en is daarmee een echte dag\/nacht camera. In donkere omstandigheden kan de camera de ingebouwde IR verlichting inschakelen waardoor er zelfs in volledige duisternis (0 Lux) een haarscherp beeld is. De IR verlichting heeft een bereik van 30 meter. De camera beschikt over 120 dB Wide Dynamic Range (WDR) waardoor de camera zeer goed kan omgaan met complexe lichtomstandigheden als gevolg van bijvoorbeeld tegenlicht van de zon of auto koplampen.<\/p>\n<p>De vaste lens van 2.8mm heeft een horizontale beeldhoek van 104 graden. De Hikvision HWI-T220HA HiWatch beschikt over onder andere bewegingsdetectie en privacy masking. Beelden kunnen onder meer worden opgeslagen op een Netwerk Video Recorder (NVR). Een aantal Netwerk Video Recorders zijn opgenomen onder &#8216;Opties&#8217;.<\/p>\n<p>Hikvision bietet eine kostenlose mobile App f\u00fcr Apple iOS und Android. Die Kamera verf\u00fcgt \u00fcber einen internen Webserver, der \u00fcber einen Webbrowser angezeigt und verwaltet werden kann. Die kostenlose Video Management Software (VMS) kann von der Hikvision HiWatch-Website heruntergeladen werden. Unter der Registerkarte \u201eDokumentation\u201c finden Sie einen Link zur Produktseite des Herstellers.<\/p>\n<p>De Hikvision HWI-T220HA heeft beschikking over de meest moderne technologie voor bewegingsdetectie, ook Motion Detection 2.0 genoemd. Daardoor is de camera in staat om verschil tussen mens en dier te maken. Daarnaast worden ook valse alarmen geminimaliseerd.<\/p>\n<p>De Hikvision HWI-T220HA HiWatch heeft een IP67 rating waardoor de camera uitermate geschikt is voor gebruik buiten. De behuizing van de camera is van metaal en kunststof. Voor installatiegemak kan de camera via de netwerkkabel worden gevoed met Power over Ethernet (standaard 802.3af POE). PoE kan worden verkregen door een PoE NVR, een PoE switch of met een PoE injector. De camera kan ook worden gevoed met een optionele 12VDC voeding adapter. Onder het tabblad &#8216;Opties&#8217; kan worden aangegeven of een adapter moet worden meegeleverd. Onder het tabblad &#8216;Opties&#8217; staan ook geschikte Hikvision montagebeugels.<\/p>\n<p><strong>Wichtigste Funktionen<\/strong><\/p>\n<ul>\n<li>2 megapixel Full HD camera met vaste 2.8 mm lens<\/li>\n<li>Tag-\/Nachtkamera mit automatischem mechanischem IR-Sperrfilter<\/li>\n<li>Intelligente IR-Nachtsichtbeleuchtung bis zu 30 Meter<\/li>\n<li>120 dB breiter Dynamikbereich (WDR)<\/li>\n<li>Zonen-optionale Gegenlichtkompensation (BLC)<\/li>\n<li>3D-Digital-Rauschunterdr\u00fcckung (3D-DNR)<\/li>\n<li>Motion detection 2.0, Tampering alarm, Privacy mask<\/li>\n<li>ONVIF-Protokoll<\/li>\n<li>H.265+-Codec<\/li>\n<li>Stromversorgung \u00fcber 12VDC-Adapter oder \u00fcber PoE (802.3af)<\/li>\n<li>Wetterfest IP67<\/li>\n<li>Betriebstemperaturbereich -30\u00b0C ~ +60\u00b0C<\/li>\n<\/ul>\n<p><a href=\"https:\/\/webstore4.com\/Copyright\/\" target=\"_blank\" rel=\"noopener\"><span style=\"color: #ff6e03; font-size: 11px;\">\u00a9 Der Text ist urheberrechtlich gesch\u00fctzt<\/span><\/a><\/p>","protected":false},"excerpt":{"rendered":"<p>De Hikvision HWI-T220HA HiWatch is een Full HD 2MP turret met vaste 2.8mm lens, Motion Detection 2.0, infrarood nachtzicht, 120dB WDR, PoE en is geschikt voor binnen of buiten. De camera kan niet in de camera opnemen op een microSD kaart. Hikvision HiWatch producten hebben 3 jaar fabrieksgarantie. Mogelijkheden De Hikvision HWI-T220HA HiWatch geeft beelden<\/p>\n<div class=\"klb-readmore button\"><a class=\"btn link\" href=\"https:\/\/webstore4.com\/de\/product\/hikvision-hwi-t220ha-hiwatch-2mp-eyeball\/\">Mehr lesen <i class=\"klbth-icon-right-arrow\"><\/i><\/a><\/div>","protected":false},"featured_media":16230,"comment_status":"open","ping_status":"closed","template":"","meta":[],"pwb-brand":[3367],"product_cat":[3435,4184,4200,4198,4221],"product_tag":[],"class_list":{"0":"post-16229","1":"product","2":"type-product","3":"status-publish","4":"has-post-thumbnail","6":"pwb-brand-hikvision","7":"product_cat-ip-cameras","8":"product_cat-cameras","9":"product_cat-dome-eyeball-cameras-cameras","10":"product_cat-series","11":"product_cat-hikvision-hiwatch-series","12":"product_shipping_class-pakket","13":"pa_alarm-ingang-uitgang-nee","14":"pa_audio-nee","15":"pa_beeldhoek-graden-horizontaal-3856","16":"pa_beeldsensor-12-9-cmos","17":"pa_dag-nacht-ir-cut-filter-ja","18":"pa_ingebouwd-type-nachtzicht-infrared-ir-led","19":"pa_lens-mm-2-8","20":"pa_materiaal-kunststof","21":"pa_materiaal-metaal","22":"pa_megapixel-2mp","23":"pa_merk-hikvision","24":"pa_minimale-verlichting-0-01-lux-0-lux-met-ir","25":"pa_mobiele-app-fabrikant-ja","26":"pa_nachtzicht-ja","27":"pa_omgeving-binnen-en-buiten","28":"pa_opnemen-op-sd-kaart-nee","29":"pa_poe-802-3af","30":"pa_resolutie-max-pixels-full-hd-1920x1080","31":"pa_vandaalbestendig-nee","32":"pa_voeding-12vdc","33":"pa_voeding-poe","34":"pa_wdr-ja","36":"first","37":"onbackorder","38":"taxable","39":"shipping-taxable","40":"purchasable","41":"product-type-simple"},"brands":[{"id":3367,"name":"Hikvision","slug":"hikvision"}],"_links":{"self":[{"href":"https:\/\/webstore4.com\/de\/wp-json\/wp\/v2\/product\/16229","targetHints":{"allow":["GET"]}}],"collection":[{"href":"https:\/\/webstore4.com\/de\/wp-json\/wp\/v2\/product"}],"about":[{"href":"https:\/\/webstore4.com\/de\/wp-json\/wp\/v2\/types\/product"}],"replies":[{"embeddable":true,"href":"https:\/\/webstore4.com\/de\/wp-json\/wp\/v2\/comments?post=16229"}],"wp:featuredmedia":[{"embeddable":true,"href":"https:\/\/webstore4.com\/de\/wp-json\/wp\/v2\/media\/16230"}],"wp:attachment":[{"href":"https:\/\/webstore4.com\/de\/wp-json\/wp\/v2\/media?parent=16229"}],"wp:term":[{"taxonomy":"pwb-brand","embeddable":true,"href":"https:\/\/webstore4.com\/de\/wp-json\/wp\/v2\/pwb-brand?post=16229"},{"taxonomy":"product_cat","embeddable":true,"href":"https:\/\/webstore4.com\/de\/wp-json\/wp\/v2\/product_cat?post=16229"},{"taxonomy":"product_tag","embeddable":true,"href":"https:\/\/webstore4.com\/de\/wp-json\/wp\/v2\/product_tag?post=16229"}],"curies":[{"name":"wp","href":"https:\/\/api.w.org\/{rel}","templated":true}]}}