{"id":16210,"date":"2024-03-07T18:03:13","date_gmt":"2024-03-07T17:03:13","guid":{"rendered":"https:\/\/webstore4.com\/?post_type=product&#038;p=16210"},"modified":"2026-03-02T11:25:19","modified_gmt":"2026-03-02T10:25:19","slug":"hikvision-hwi-d121h-hiwatch","status":"publish","type":"product","link":"https:\/\/webstore4.com\/de\/product\/hikvision-hwi-d121h-hiwatch\/","title":{"rendered":"Hikvision HWI-D121H HiWatch Full HD 2MP buiten dome camera met IR nachtzicht, WDR en PoE"},"content":{"rendered":"<p>Die Hikvision HWI-D121H-M HiWatch ist eine Full HD 2MP-Domekamera mit IR-Nachtsicht, festem Objektiv, 120 dB WDR und PoE f\u00fcr den Innen- und Au\u00dfenbereich.<\/p>\n<p>F\u00fcr Hikvision HiWatch-Produkte gilt eine Herstellergarantie von 3 Jahren.<\/p>\n<p><strong>M\u00f6glichkeiten<\/strong><\/p>\n<p>Die Hikvision HWI-D121H-M HiWatch zeigt Bilder in einer Full-HD-Aufl\u00f6sung von 9120 x 1080 an. Die Kamera verf\u00fcgt \u00fcber einen eingebauten automatischen IR-Sperrfilter, was sie zu einer echten Tag-\/Nachtkamera macht. Bei Dunkelheit kann die Kamera die integrierte IR-Beleuchtung einschalten, die auch bei v\u00f6lliger Dunkelheit (0 Lux) f\u00fcr ein gestochen scharfes Bild sorgt. Die IR-Beleuchtung hat eine Reichweite von bis zu 30 Metern. Die Kamera verf\u00fcgt \u00fcber Digital Wide Dynamic Range (DWDR), wodurch die Kamera komplexe Lichtverh\u00e4ltnisse bew\u00e4ltigen kann, beispielsweise durch Gegenlicht der Sonne oder Autoscheinwerfer.<\/p>\n<p>Met de camera heeft een vaste 2.8mm lens. De Hikvision HWI-D121H HiWatch beschikt over onder andere bewegingsdetectie. Beelden kunnen onder meer worden opgeslagen op een Netwerk Video Recorder (NVR). De camera beschikt <u>nicht<\/u> \u00fcber die M\u00f6glichkeit der Aufnahme in der Kamera auf einer microSD-Speicherkarte.<\/p>\n<p>Hikvision bietet eine kostenlose mobile App f\u00fcr Apple iOS und Android. Die Kamera verf\u00fcgt \u00fcber einen internen Webserver, der \u00fcber einen Webbrowser angezeigt und verwaltet werden kann. Die kostenlose Video Management Software (VMS) kann von der Hikvision HiWatch-Website heruntergeladen werden. Unter der Registerkarte \u201eDokumentation\u201c finden Sie einen Link zur Produktseite des Herstellers.<\/p>\n<p>De Hikvision HWI-D121H HiWatch heeft een IP67 rating waardoor de camera uitermate geschikt is voor gebruik buiten. De behuizing van de camera is van metaal en kunststof. Voor installatiegemak kan de camera via de netwerkkabel worden gevoed met Power over Ethernet (standaard 802.3af POE). PoE kan worden verkregen door een PoE NVR, een PoE switch of met een PoE injector.<br \/>\nDe camera kan ook worden gevoed met een optionele 12VDC voeding adapter. Onder het tabblad &#8216;Opties&#8217; kan een adapter worden mee besteld. Onder het tabblad &#8216;Opties&#8217; staan ook de geschikte Hikvision montagebeugels. De camera heeft een IK10 klasse vandaalbestendigheid en de lensrichting is verstelbaar over 3 assen.<\/p>\n<p><strong>Wichtigste Funktionen<\/strong><\/p>\n<ul>\n<li>2-Megapixel-Full-HD-Kamera<\/li>\n<li>Tag-\/Nachtkamera mit automatischem mechanischem IR-Sperrfilter<\/li>\n<li>Intelligente IR-Nachtsichtbeleuchtung bis zu 30 Meter<\/li>\n<li>120 dB True Wide Dynamic Range (WDR)<\/li>\n<li>Bewegungserkennung<\/li>\n<li>ONVIF-Protokoll<\/li>\n<li>H.265+-Codec<\/li>\n<li>Stromversorgung \u00fcber 12VDC-Adapter oder \u00fcber PoE (802.3af)<\/li>\n<li>Wetterfest IP67<\/li>\n<li>IK10<\/li>\n<\/ul>\n<p><a href=\"https:\/\/webstore4.com\/Copyright\/\" target=\"_blank\" rel=\"noopener\"><span style=\"color: #ff6e03; font-size: 11px;\">\u00a9 Der Text ist urheberrechtlich gesch\u00fctzt<\/span><\/a><\/p>","protected":false},"excerpt":{"rendered":"<p>De Hikvision HWI-D121H HiWatch is een Full HD 2MP dome met IR nachtzicht, vaste lens, 120dB WDR en PoE voor binnen of buiten. Hikvision HiWatch producten hebben 3 jaar fabrieksgarantie. Mogelijkheden De Hikvision HWI-D121H HiWatch geeft beelden weer in een Full HD 1920&#215;1080 resolutie. De camera heeft een ingebouwd automatisch IR-cut filter en is daarmee<\/p>\n<div class=\"klb-readmore button\"><a class=\"btn link\" href=\"https:\/\/webstore4.com\/de\/product\/hikvision-hwi-d121h-hiwatch\/\">Mehr lesen <i class=\"klbth-icon-right-arrow\"><\/i><\/a><\/div>","protected":false},"featured_media":16211,"comment_status":"open","ping_status":"closed","template":"","meta":[],"pwb-brand":[3367],"product_cat":[3435,4184,4200,4198,4221],"product_tag":[],"class_list":{"0":"post-16210","1":"product","2":"type-product","3":"status-publish","4":"has-post-thumbnail","6":"pwb-brand-hikvision","7":"product_cat-ip-cameras","8":"product_cat-cameras","9":"product_cat-dome-eyeball-cameras-cameras","10":"product_cat-series","11":"product_cat-hikvision-hiwatch-series","12":"product_shipping_class-pakket","13":"pa_alarm-ingang-uitgang-nee","14":"pa_audio-nee","15":"pa_beeldhoek-graden-horizontaal-3743","16":"pa_beeldsensor-12-7-cmos","17":"pa_dag-nacht-ir-cut-filter-ja","18":"pa_ingebouwd-type-nachtzicht-infrared-ir-led","19":"pa_lens-mm-2-8","20":"pa_materiaal-metaal","21":"pa_megapixel-2mp","22":"pa_merk-hikvision","23":"pa_minimale-verlichting-0-01-lux-0-lux-met-ir","24":"pa_mobiele-app-fabrikant-ja","25":"pa_nachtzicht-ja","26":"pa_omgeving-binnen-en-buiten","27":"pa_opnemen-op-sd-kaart-nee","28":"pa_poe-802-3af","29":"pa_resolutie-max-pixels-full-hd-1920x1080","30":"pa_vandaalbestendig-ik10","31":"pa_voeding-12vdc","32":"pa_voeding-poe","33":"pa_wdr-ja","35":"first","36":"onbackorder","37":"taxable","38":"shipping-taxable","39":"purchasable","40":"product-type-simple"},"brands":[{"id":3367,"name":"Hikvision","slug":"hikvision"}],"_links":{"self":[{"href":"https:\/\/webstore4.com\/de\/wp-json\/wp\/v2\/product\/16210","targetHints":{"allow":["GET"]}}],"collection":[{"href":"https:\/\/webstore4.com\/de\/wp-json\/wp\/v2\/product"}],"about":[{"href":"https:\/\/webstore4.com\/de\/wp-json\/wp\/v2\/types\/product"}],"replies":[{"embeddable":true,"href":"https:\/\/webstore4.com\/de\/wp-json\/wp\/v2\/comments?post=16210"}],"wp:featuredmedia":[{"embeddable":true,"href":"https:\/\/webstore4.com\/de\/wp-json\/wp\/v2\/media\/16211"}],"wp:attachment":[{"href":"https:\/\/webstore4.com\/de\/wp-json\/wp\/v2\/media?parent=16210"}],"wp:term":[{"taxonomy":"pwb-brand","embeddable":true,"href":"https:\/\/webstore4.com\/de\/wp-json\/wp\/v2\/pwb-brand?post=16210"},{"taxonomy":"product_cat","embeddable":true,"href":"https:\/\/webstore4.com\/de\/wp-json\/wp\/v2\/product_cat?post=16210"},{"taxonomy":"product_tag","embeddable":true,"href":"https:\/\/webstore4.com\/de\/wp-json\/wp\/v2\/product_tag?post=16210"}],"curies":[{"name":"wp","href":"https:\/\/api.w.org\/{rel}","templated":true}]}}