{"id":16115,"date":"2024-03-05T08:46:18","date_gmt":"2024-03-05T07:46:18","guid":{"rendered":"https:\/\/webstore4.com\/?post_type=product&#038;p=16115"},"modified":"2024-06-21T13:40:18","modified_gmt":"2024-06-21T12:40:18","slug":"bluetti-kit-met-ac200p-pv350-zonnepaneel","status":"publish","type":"product","link":"https:\/\/webstore4.com\/de\/product\/bluetti-kit-met-ac200p-pv350-zonnepaneel\/","title":{"rendered":"BLUETTI KIT met AC200P accu en PV350 zonnepaneel met een accu van 2000Wh met vier 12V uitgangen, twee 230VAC uitgangen, vijf USB poorten en gratis applicatie"},"content":{"rendered":"<p>De BLUETTI KIT met de AC200P en PV350 is een ideale kit om direct een basis accu met zonnepaneel in huis te halen. Vanwege het totale gewicht van deze kit, theoretisch 41,4 kilogram, wordt er vaak een trolley mee besteld. De geschikte trolley is beschikbaar onder \u2018Opties\u2019.<\/p>\n<p>BLUETTI ist eine f\u00fchrende Marke f\u00fcr nachhaltige Energie und tragbare Stromversorgungsl\u00f6sungen. Das Unternehmen ist auf die Entwicklung und Produktion von Heimbatteries\u00e4tzen, tragbaren Kraftwerken, Solarenergie und zugeh\u00f6rigen Produkten spezialisiert. Mit dem Produktprogramm richten sie sich sowohl an Verbraucher als auch an den gewerblichen professionellen Einsatz.<\/p>\n<p><strong>M\u00f6glichkeiten<br \/>\n<\/strong>Der schwarze AC200P-Akku hat eine maximale Kapazit\u00e4t von 2000 Wh und eine maximale Ausgangsleistung von 2000 Watt. Da der LiFePO4-Akku \u00fcber mehrere Stromausg\u00e4nge verf\u00fcgt, ist der Akku ideal f\u00fcr Orte, an denen kein oder nur begrenzt Strom verf\u00fcgbar ist.<\/p>\n<p>Der AC200MAX verf\u00fcgt \u00fcber vier AC-Ausg\u00e4nge, vier USB-A-Ausg\u00e4nge, einen USB-C-Ausgang, drei 12-V-Ausg\u00e4nge und einen Carport-Ausgang (12 V\/10 A). Dar\u00fcber hinaus verf\u00fcgt der AC200MAX \u00fcber zwei 15-Watt-Funkausg\u00e4nge und einen integrierten LCD-Bildschirm, der eine einfache Bedienung des Akkus erm\u00f6glicht.<\/p>\n<p>De BLUETTI PV350 is een 350 watt inklapbaar zonnepaneel. Het zonnepaneel levert maximaal 37,5VDC. Het paneel bestaat uit vier inklapbare delen. Het paneel is gemakkelijk te vervoeren doordat het inklapbaar is.<\/p>\n<p>De portable accu&#8217;s en zonnepanelen van BLUETTI worden veelal ingezet op plekken waar beperkt stroom beschikbaar is. Veelal is het de oplossing op de camping, boot of in bergachtig gebied of bij een stroomstoring. Daarnaast is het mogelijk om met een portable accu een (tijdelijk) camerasysteem, alarmsysteem of toegangscontrolesysteem te laten functioneren op de accu.<\/p>\n<p>De accu wordt gevoed met een AC voeding of met de meegeleverde accu. Doordat BLUETTI bij de nieuwere modellen een gratis applicatie aanbiedt, is het bij houden van de gegevens van de accu zeer eenvoudig. De applicatie werkt met een QR-code die op het BLUETTI product gescand wordt, daarna is na registratie in de applicatie het product live bij te houden. Zo kan de overgebleven capaciteit bekeken worden, maar ook tijdens het laden kan de informatie opgehaald worden. Eventueel kunnen er uitgangen aan en uitgezet worden, de manier en capaciteit van laden kan aangepast worden. Onder de link naar de applicatie kunnen alle overige mogelijkheden worden bekeken. De link naar de applicatie is opgenomen onder het tabblad &#8216;Documentatie&#8217;.<\/p>\n<p>Im Lieferumfang des AC200MAX sind ein \u00fcbersichtliches Handbuch, ein Netzteil, ein Autoladeger\u00e4t und ein Solarpanel-Ladekabel enthalten. Wir empfehlen Ihnen, das Benutzerhandbuch und die Produktseite des Herstellers unter der Registerkarte \u201eDokumentation\u201c anzuzeigen.<\/p>\n<p>Der Akku kann beispielsweise mit dem BLUETTI B300 oder dem BLUETTI B230 zu einem Akkusatz erweitert werden. Der AC200MAX kann mit bis zu zwei zus\u00e4tzlichen Batterien erweitert werden. Die passenden Erweiterungen finden Sie unter \u201eOptionen\u201c.<\/p>\n<p>Voor verdere details van de producten, verwijzen we naar de producten zelf. Die zijn opgenomen onder &#8216;Opties&#8217;.<\/p>\n<p><strong>Belangrijkste kenmerken accu<\/strong><\/p>\n<ul>\n<li>Batteriekapazit\u00e4t 2000Wh<\/li>\n<li>Kostenlose Bewerbung<\/li>\n<li>Maximale Ausgangsleistung 2000 W<\/li>\n<li>DC-Ausgang<br \/>\n1x12V\/25A DC RV<br \/>\n1x12V\/10A f\u00fcr das Auto<br \/>\n2x12V\/3A DC5521<br \/>\n2x15W kabellose Ladeger\u00e4te<\/li>\n<li>AC-Ausgang 2x Wechselstrom 220-240V<\/li>\n<li>USB-Ausgang<br \/>\n4x 5V\/3A USB-A<br \/>\n1x USB-C (Schnellladeger\u00e4t)<\/li>\n<li>Integrierter Touchscreen-LCD-Bildschirm<\/li>\n<li>Erweiterbar mit 2 zus\u00e4tzlichen Batterien<\/li>\n<li>Stromversorgung AC 400W oder Solarpanel<\/li>\n<\/ul>\n<p><strong>Belangrijkste kenmerken zonnepaneel<\/strong><\/p>\n<ul>\n<li>350 Watt zonnepaneel 5842x6096mm (uitgeklapt)<\/li>\n<li>Monokristalline Zellen<\/li>\n<li>Maximaal 37,5 VDC<\/li>\n<\/ul>\n<p><a href=\"https:\/\/webstore4.com\/Copyright\/\" target=\"_blank\" rel=\"noopener\"><span style=\"color: #ff6e03; font-size: 11px;\">\u00a9 Der Text ist urheberrechtlich gesch\u00fctzt<\/span><\/a><\/p>","protected":false},"excerpt":{"rendered":"<p>De BLUETTI KIT met de AC200P en PV350 is een ideale kit om direct een basis accu met zonnepaneel in huis te halen. Vanwege het totale gewicht van deze kit, theoretisch 41,4 kilogram, wordt er vaak een trolley mee besteld. De geschikte trolley is beschikbaar onder \u2018Opties\u2019. BLUETTI is een toonaangevend merk op het gebied<\/p>\n<div class=\"klb-readmore button\"><a class=\"btn link\" href=\"https:\/\/webstore4.com\/de\/product\/bluetti-kit-met-ac200p-pv350-zonnepaneel\/\">Mehr lesen <i class=\"klbth-icon-right-arrow\"><\/i><\/a><\/div>","protected":false},"featured_media":16116,"comment_status":"open","ping_status":"closed","template":"","meta":[],"pwb-brand":[4674],"product_cat":[4247,4248],"product_tag":[],"class_list":{"0":"post-16115","1":"product","2":"type-product","3":"status-publish","4":"has-post-thumbnail","6":"pwb-brand-bluetti","7":"product_cat-duurzaamheid","8":"product_cat-zonnepanelen","9":"product_shipping_class-palletzending","10":"pa_capaciteit-accu-166666mah","11":"pa_garantie-3-jaar","12":"pa_merk-bluetti","13":"pa_product-complete-kit","14":"pa_usb-uitgang-ja","15":"pa_wattage-zonnepaneel-350-watt","17":"first","18":"onbackorder","19":"taxable","20":"shipping-taxable","21":"purchasable","22":"product-type-simple"},"brands":[{"id":4674,"name":"BLUETTI","slug":"bluetti"}],"_links":{"self":[{"href":"https:\/\/webstore4.com\/de\/wp-json\/wp\/v2\/product\/16115","targetHints":{"allow":["GET"]}}],"collection":[{"href":"https:\/\/webstore4.com\/de\/wp-json\/wp\/v2\/product"}],"about":[{"href":"https:\/\/webstore4.com\/de\/wp-json\/wp\/v2\/types\/product"}],"replies":[{"embeddable":true,"href":"https:\/\/webstore4.com\/de\/wp-json\/wp\/v2\/comments?post=16115"}],"wp:featuredmedia":[{"embeddable":true,"href":"https:\/\/webstore4.com\/de\/wp-json\/wp\/v2\/media\/16116"}],"wp:attachment":[{"href":"https:\/\/webstore4.com\/de\/wp-json\/wp\/v2\/media?parent=16115"}],"wp:term":[{"taxonomy":"pwb-brand","embeddable":true,"href":"https:\/\/webstore4.com\/de\/wp-json\/wp\/v2\/pwb-brand?post=16115"},{"taxonomy":"product_cat","embeddable":true,"href":"https:\/\/webstore4.com\/de\/wp-json\/wp\/v2\/product_cat?post=16115"},{"taxonomy":"product_tag","embeddable":true,"href":"https:\/\/webstore4.com\/de\/wp-json\/wp\/v2\/product_tag?post=16115"}],"curies":[{"name":"wp","href":"https:\/\/api.w.org\/{rel}","templated":true}]}}