{"id":16089,"date":"2024-03-04T15:45:14","date_gmt":"2024-03-04T14:45:14","guid":{"rendered":"https:\/\/webstore4.com\/?post_type=product&#038;p=16089"},"modified":"2024-04-19T15:22:29","modified_gmt":"2024-04-19T14:22:29","slug":"bluetti-lab-mc4-zonnepaneel-oplaadkabel-voor-ac300","status":"publish","type":"product","link":"https:\/\/webstore4.com\/de\/product\/bluetti-lab-mc4-zonnepaneel-oplaadkabel-voor-ac300\/","title":{"rendered":"BLUETTI LAB-MC4 Solarpanel-Ladekabel f\u00fcr AC300"},"content":{"rendered":"<p>Das BLUETTI LAB-MC4 ist ein Solarpanel-Ladekabel f\u00fcr den BLUETTI AC300.<\/p>\n<p>BLUETTI ist eine f\u00fchrende Marke f\u00fcr nachhaltige Energie und tragbare Stromversorgungsl\u00f6sungen. Das Unternehmen ist auf die Entwicklung und Produktion von Heimbatteries\u00e4tzen, tragbaren Kraftwerken, Solarenergie und zugeh\u00f6rigen Produkten spezialisiert. Mit dem Produktprogramm richten sie sich sowohl an Verbraucher als auch an den gewerblichen professionellen Einsatz.<\/p>\n<p>Das LAB-MC4 ist ein Ladekabel, das mit dem BLUETTI AC300 kompatibel ist. Das Kabel wird mit der Batterie und dem Solarpanel verbunden, sodass die Batterie aufgeladen werden kann. Der Akku ist unter \u201eOptionen\u201c aufgef\u00fchrt.<\/p>\n<p><strong>Wichtigste Funktionen<\/strong><\/p>\n<ul>\n<li>Ladekabel f\u00fcr BLUETTI-Akkus<\/li>\n<li>Kompatibel mit dem BLUETTI AC300A<\/li>\n<li>L\u00e4nge von 500 cm<\/li>\n<\/ul>\n<p><a href=\"https:\/\/webstore4.com\/Copyright\/\" target=\"_blank\" rel=\"noopener\"><span style=\"color: #ff6e03; font-size: 11px;\">\u00a9 Der Text ist urheberrechtlich gesch\u00fctzt<\/span><\/a><\/p>","protected":false},"excerpt":{"rendered":"<p>De BLUETTI LAB-MC4 is een zonnepaneel oplaadkabel voor de BLUETTI AC300. BLUETTI is een toonaangevend merk op het gebied van duurzame energie en draagbare stroomoplossingen. Het bedrijf is gespecialiseerd in het ontwerpen en produceren van thuis accu pakketten, draagbare power stations, zonne-energie en de daarbij behorende producten. Ze richten zich met het product programma zowel<\/p>\n<div class=\"klb-readmore button\"><a class=\"btn link\" href=\"https:\/\/webstore4.com\/de\/product\/bluetti-lab-mc4-zonnepaneel-oplaadkabel-voor-ac300\/\">Mehr lesen <i class=\"klbth-icon-right-arrow\"><\/i><\/a><\/div>","protected":false},"featured_media":16090,"comment_status":"open","ping_status":"closed","template":"","meta":[],"pwb-brand":[4674],"product_cat":[4247,4255],"product_tag":[],"class_list":{"0":"post-16089","1":"product","2":"type-product","3":"status-publish","4":"has-post-thumbnail","6":"pwb-brand-bluetti","7":"product_cat-duurzaamheid","8":"product_cat-accus","9":"product_shipping_class-pakket","10":"pa_garantie-3-jaar","11":"pa_merk-bluetti","13":"first","14":"onbackorder","15":"taxable","16":"shipping-taxable","17":"purchasable","18":"product-type-simple"},"brands":[{"id":4674,"name":"BLUETTI","slug":"bluetti"}],"_links":{"self":[{"href":"https:\/\/webstore4.com\/de\/wp-json\/wp\/v2\/product\/16089","targetHints":{"allow":["GET"]}}],"collection":[{"href":"https:\/\/webstore4.com\/de\/wp-json\/wp\/v2\/product"}],"about":[{"href":"https:\/\/webstore4.com\/de\/wp-json\/wp\/v2\/types\/product"}],"replies":[{"embeddable":true,"href":"https:\/\/webstore4.com\/de\/wp-json\/wp\/v2\/comments?post=16089"}],"wp:featuredmedia":[{"embeddable":true,"href":"https:\/\/webstore4.com\/de\/wp-json\/wp\/v2\/media\/16090"}],"wp:attachment":[{"href":"https:\/\/webstore4.com\/de\/wp-json\/wp\/v2\/media?parent=16089"}],"wp:term":[{"taxonomy":"pwb-brand","embeddable":true,"href":"https:\/\/webstore4.com\/de\/wp-json\/wp\/v2\/pwb-brand?post=16089"},{"taxonomy":"product_cat","embeddable":true,"href":"https:\/\/webstore4.com\/de\/wp-json\/wp\/v2\/product_cat?post=16089"},{"taxonomy":"product_tag","embeddable":true,"href":"https:\/\/webstore4.com\/de\/wp-json\/wp\/v2\/product_tag?post=16089"}],"curies":[{"name":"wp","href":"https:\/\/api.w.org\/{rel}","templated":true}]}}