{"id":16066,"date":"2024-03-04T13:48:06","date_gmt":"2024-03-04T12:48:06","guid":{"rendered":"https:\/\/webstore4.com\/?post_type=product&#038;p=16066"},"modified":"2026-01-07T19:27:12","modified_gmt":"2026-01-07T18:27:12","slug":"bluetti-b230-uitbreidingsaccu","status":"publish","type":"product","link":"https:\/\/webstore4.com\/de\/product\/bluetti-b230-uitbreidingsaccu\/","title":{"rendered":"BLUETTI B230 Erweiterungsakku f\u00fcr AC200MAX und AC200P mit 2048 Wh, 12-V-Ausgang f\u00fcr das Auto, zwei USB-Anschl\u00fcssen und kostenloser Anwendung"},"content":{"rendered":"<p>Der BLUETTI B230 ist eine Erweiterung des tragbaren Akkus AC200MAX und des AC200P, die unter \u201eOptionen\u201c aufgef\u00fchrt sind. Die B230-Erweiterung hat eine Kapazit\u00e4t von 2048 Watt pro Stunde (Wh). Der Akku ist mit seinem theoretischen Gewicht von 21,8 Kilogramm sehr kompakt, tragbar und leicht zu heben.<\/p>\n<p>BLUETTI ist eine f\u00fchrende Marke f\u00fcr nachhaltige Energie und tragbare Stromversorgungsl\u00f6sungen. Das Unternehmen ist auf die Entwicklung und Produktion von Heimbatteries\u00e4tzen, tragbaren Kraftwerken, Solarenergie und zugeh\u00f6rigen Produkten spezialisiert. Mit dem Produktprogramm richten sie sich sowohl an Verbraucher als auch an den gewerblichen professionellen Einsatz.<\/p>\n<p><strong>M\u00f6glichkeiten<br \/>\n<\/strong>Der schwarze B230 ist eine Erweiterung f\u00fcr den AC200MAX und den AC200P. An den AC200MAX und AC200P k\u00f6nnen maximal zwei zus\u00e4tzliche Akkus angeschlossen werden. Die tragbare Batterie oder der Akku hat eine maximale Kapazit\u00e4t von 2048 Wh. Da der LiFePO4-Akku \u00fcber mehrere Stromausg\u00e4nge verf\u00fcgt, ist die Erweiterung ideal f\u00fcr Orte, an denen kein oder nur begrenzt Strom zur Verf\u00fcgung steht.<\/p>\n<p>Der Akku verf\u00fcgt \u00fcber einen USB-A-Ausgang, einen USB-C-Ausgang und einen 12\/10A-Ausgang f\u00fcr ein Auto. Tragbare BLUETTI-Batterien werden h\u00e4ufig an Orten verwendet, an denen nur begrenzt Strom verf\u00fcgbar ist. Dies ist oft die L\u00f6sung auf einem Campingplatz, auf einem Boot oder in einer Bergregion oder bei einem Stromausfall. Dar\u00fcber hinaus besteht die M\u00f6glichkeit, mit einem tragbaren Akku ein (tempor\u00e4res) Kamerasystem, Alarmsystem oder Zutrittskontrollsystem am Akku zu betreiben.<\/p>\n<p>Der Akku kann mit einem Autoladeger\u00e4t (12V\/24V) oder einem 400W-Adapter betrieben werden. Es besteht auch die M\u00f6glichkeit, den Akku mit einem passenden tragbaren Solarpanel aufzuladen. Die tragbaren Solarmodule von BLUETTI, das PV120, das PV200 oder das PV350, werden oft mit der Batterie bestellt. Die passenden Solarmodule finden Sie unter \u201eOptionen\u201c.<\/p>\n<p>Da BLUETTI bei den neueren Modellen eine kostenlose Anwendung anbietet, ist es sehr einfach, den \u00dcberblick \u00fcber die Batteriedaten zu behalten. Die Anwendung funktioniert mit einem QR-Code, der auf dem BLUETTI-Produkt gescannt wird, woraufhin das Produkt nach der Registrierung in der Anwendung live verfolgt werden kann. So kann die verbleibende Kapazit\u00e4t eingesehen, aber auch w\u00e4hrend des Ladevorgangs Informationen abgerufen werden. Bei Bedarf k\u00f6nnen Ausg\u00e4nge ein- und ausgeschaltet sowie die Ladeart und -kapazit\u00e4t angepasst werden. Alle weiteren M\u00f6glichkeiten k\u00f6nnen Sie unter dem Link zur Bewerbung einsehen. Der Link zur Bewerbung finden Sie unter der Registerkarte \u201eDokumentation\u201c.<\/p>\n<p>Der Akku wird mit einer \u00fcbersichtlichen Anleitung und einem Kabel zum Anschluss des Akkus an den AC200P und AC200MAX geliefert. Wir empfehlen Ihnen, das Benutzerhandbuch des Herstellers unter der Registerkarte \u201eDokumentation\u201c einzusehen.<\/p>\n<p><strong>Wichtigste Funktionen<\/strong><\/p>\n<ul>\n<li>Batteriekapazit\u00e4t 2048Wh<\/li>\n<li>DC-Ausgang<br \/>\n1x12V f\u00fcr das Auto<\/li>\n<li>USB-Ausgang 2 Mal USB-A und 1 Mal USB-C (Schnellladeger\u00e4t)<\/li>\n<li>Stromversorgung AC 400 W, 12V\/24V Autoladeger\u00e4t oder Solarpanel<\/li>\n<li>Schwarz<\/li>\n<\/ul>\n<p><a href=\"https:\/\/webstore4.com\/Copyright\/\" target=\"_blank\" rel=\"noopener\"><span style=\"color: #ff6e03; font-size: 11px;\">\u00a9 Der Text ist urheberrechtlich gesch\u00fctzt<\/span><\/a><\/p>\n<div style=\"width: 960px;\" class=\"wp-video\"><video class=\"wp-video-shortcode\" id=\"video-16066-1\" width=\"960\" height=\"540\" preload=\"metadata\" controls=\"controls\"><source type=\"video\/mp4\" src=\"https:\/\/webstore4.com\/wp-content\/uploads\/2024\/03\/BLUETTI-B230-uitbreidingsaccu.mp4?_=1\" \/><a href=\"https:\/\/webstore4.com\/wp-content\/uploads\/2024\/03\/BLUETTI-B230-uitbreidingsaccu.mp4\">https:\/\/webstore4.com\/wp-content\/uploads\/2024\/03\/BLUETTI-B230-uitbreidingsaccu.mp4<\/a><\/video><\/div>","protected":false},"excerpt":{"rendered":"<p>De BLUETTI B230 is een uitbreiding van de draagbare accu AC200MAX en de AC200P, die staan opgenomen onder &#8216;Opties&#8217;. De B230 uitbreiding heeft een vermogen van 2048 wattage per uur (Wh). De accu is zeer compact, draagbaar en met zijn theoretische gewicht van 21,8 kilogram eenvoudig te tillen. BLUETTI is een toonaangevend merk op het<\/p>\n<div class=\"klb-readmore button\"><a class=\"btn link\" href=\"https:\/\/webstore4.com\/de\/product\/bluetti-b230-uitbreidingsaccu\/\">Mehr lesen <i class=\"klbth-icon-right-arrow\"><\/i><\/a><\/div>","protected":false},"featured_media":16068,"comment_status":"open","ping_status":"closed","template":"","meta":[],"pwb-brand":[4674],"product_cat":[4247,4255,4728],"product_tag":[],"class_list":{"0":"post-16066","1":"product","2":"type-product","3":"status-publish","4":"has-post-thumbnail","6":"pwb-brand-bluetti","7":"product_cat-duurzaamheid","8":"product_cat-accus","9":"product_cat-thuisbatterij","10":"product_shipping_class-pakket","11":"pa_capaciteit-accu-170666mah","12":"pa_garantie-3-jaar","13":"pa_merk-bluetti","15":"first","16":"outofstock","17":"taxable","18":"shipping-taxable","19":"purchasable","20":"product-type-simple"},"brands":[{"id":4674,"name":"BLUETTI","slug":"bluetti"}],"_links":{"self":[{"href":"https:\/\/webstore4.com\/de\/wp-json\/wp\/v2\/product\/16066","targetHints":{"allow":["GET"]}}],"collection":[{"href":"https:\/\/webstore4.com\/de\/wp-json\/wp\/v2\/product"}],"about":[{"href":"https:\/\/webstore4.com\/de\/wp-json\/wp\/v2\/types\/product"}],"replies":[{"embeddable":true,"href":"https:\/\/webstore4.com\/de\/wp-json\/wp\/v2\/comments?post=16066"}],"wp:featuredmedia":[{"embeddable":true,"href":"https:\/\/webstore4.com\/de\/wp-json\/wp\/v2\/media\/16068"}],"wp:attachment":[{"href":"https:\/\/webstore4.com\/de\/wp-json\/wp\/v2\/media?parent=16066"}],"wp:term":[{"taxonomy":"pwb-brand","embeddable":true,"href":"https:\/\/webstore4.com\/de\/wp-json\/wp\/v2\/pwb-brand?post=16066"},{"taxonomy":"product_cat","embeddable":true,"href":"https:\/\/webstore4.com\/de\/wp-json\/wp\/v2\/product_cat?post=16066"},{"taxonomy":"product_tag","embeddable":true,"href":"https:\/\/webstore4.com\/de\/wp-json\/wp\/v2\/product_tag?post=16066"}],"curies":[{"name":"wp","href":"https:\/\/api.w.org\/{rel}","templated":true}]}}