{"id":16059,"date":"2024-03-04T13:16:40","date_gmt":"2024-03-04T12:16:40","guid":{"rendered":"https:\/\/webstore4.com\/?post_type=product&#038;p=16059"},"modified":"2024-09-14T15:40:57","modified_gmt":"2024-09-14T14:40:57","slug":"bluetti-ac200max-krachtige-accu","status":"publish","type":"product","link":"https:\/\/webstore4.com\/de\/product\/bluetti-ac200max-krachtige-accu\/","title":{"rendered":"BLUETTI AC200MAX leistungsstarker Akku 2048 Wh mit zwei 12-V-Ausg\u00e4ngen, vier 230-VAC-Ausg\u00e4ngen, f\u00fcnf USB-Anschl\u00fcssen und kostenloser Anwendung"},"content":{"rendered":"<p>Der BLUETTI AC200MAX ist ein sehr leistungsstarker und umfangreicher Akku mit einer gro\u00dfen Kapazit\u00e4t von 2048 Watt pro Stunde (Wh). Der Akku ist relativ einfach zu transportieren, da er sehr kompakt ist. Bei diesem Batterietyp wird aufgrund des Gewichts von theoretisch 28,1 Kilogramm regelm\u00e4\u00dfig ein zus\u00e4tzlicher Trolley f\u00fcr den Transport angeschafft. Ein passender Trolley ist unter \u201eOptionen\u201c aufgef\u00fchrt.<\/p>\n<p>BLUETTI ist eine f\u00fchrende Marke f\u00fcr nachhaltige Energie und tragbare Stromversorgungsl\u00f6sungen. Das Unternehmen ist auf die Entwicklung und Produktion von Heimbatteries\u00e4tzen, tragbaren Kraftwerken, Solarenergie und zugeh\u00f6rigen Produkten spezialisiert. Mit dem Produktprogramm richten sie sich sowohl an Verbraucher als auch an den gewerblichen professionellen Einsatz.<\/p>\n<p><strong>M\u00f6glichkeiten<br \/>\n<\/strong>Der schwarze AC200MAX-Akku hat eine maximale Kapazit\u00e4t von 2048 Wh und eine maximale Ausgangsleistung von 2200 Watt. Da der LiFePO4-Akku \u00fcber mehrere Stromausg\u00e4nge verf\u00fcgt, ist der Akku ideal f\u00fcr Orte, an denen kein oder nur begrenzt Strom verf\u00fcgbar ist.<\/p>\n<p>Der AC200MAX verf\u00fcgt \u00fcber vier AC-Ausg\u00e4nge, vier USB-A-Ausg\u00e4nge, einen USB-C-Ausgang, drei 12-V-Ausg\u00e4nge und einen Carport-Ausgang (12 V\/10 A). Dar\u00fcber hinaus verf\u00fcgt der AC200MAX \u00fcber zwei 15-Watt-Funkausg\u00e4nge und einen integrierten LCD-Bildschirm, der eine einfache Bedienung des Akkus erm\u00f6glicht.<\/p>\n<p>Tragbare BLUETTI-Batterien werden h\u00e4ufig an Orten verwendet, an denen nur begrenzt Strom verf\u00fcgbar ist. Dies ist oft die L\u00f6sung auf einem Campingplatz, auf einem Boot oder in einer Bergregion oder bei einem Stromausfall. Dar\u00fcber hinaus besteht die M\u00f6glichkeit, mit einem tragbaren Akku ein (tempor\u00e4res) Kamerasystem, Alarmsystem oder Zutrittskontrollsystem am Akku zu betreiben.<\/p>\n<p>Die Batterie wird \u00fcber ein Wechselstromnetzteil mit Strom versorgt. Die durchschnittliche Ladezeit dieses Akkus liegt zwischen 5,5 und 6 Stunden. Es besteht auch die M\u00f6glichkeit, den Akku mit einem passenden tragbaren Solarpanel aufzuladen. Die tragbaren Solarmodule von BLUETTI, PV120, PV200 und PV350, werden h\u00e4ufig mit dieser Batterie bestellt. Die passenden Solarmodule finden Sie unter \u201eOptionen\u201c.<\/p>\n<p>Da BLUETTI bei den neueren Modellen eine kostenlose Anwendung anbietet, ist es sehr einfach, den \u00dcberblick \u00fcber die Batteriedaten zu behalten. Die Anwendung funktioniert mit einem QR-Code, der auf dem BLUETTI-Produkt gescannt wird, woraufhin das Produkt nach der Registrierung in der Anwendung live verfolgt werden kann. So kann die verbleibende Kapazit\u00e4t eingesehen, aber auch w\u00e4hrend des Ladevorgangs Informationen abgerufen werden. Bei Bedarf k\u00f6nnen Ausg\u00e4nge ein- und ausgeschaltet sowie die Ladeart und -kapazit\u00e4t angepasst werden. Alle weiteren M\u00f6glichkeiten k\u00f6nnen Sie unter dem Link zur Bewerbung einsehen. Der Link zur Bewerbung finden Sie unter der Registerkarte \u201eDokumentation\u201c.<\/p>\n<p>Im Lieferumfang des AC200MAX sind ein \u00fcbersichtliches Handbuch, ein Netzteil, ein Autoladeger\u00e4t und ein Solarpanel-Ladekabel enthalten. Wir empfehlen Ihnen, das Benutzerhandbuch und die Produktseite des Herstellers unter der Registerkarte \u201eDokumentation\u201c anzuzeigen.<\/p>\n<p>Der Akku kann beispielsweise mit dem BLUETTI B300 oder dem BLUETTI B230 zu einem Akkusatz erweitert werden. Der AC200MAX kann mit bis zu zwei zus\u00e4tzlichen Batterien erweitert werden. Die passenden Erweiterungen finden Sie unter \u201eOptionen\u201c.<\/p>\n<p><strong>Wichtigste Funktionen<\/strong><\/p>\n<ul>\n<li>Batteriekapazit\u00e4t 2048Wh<\/li>\n<li>Kostenlose Bewerbung<\/li>\n<li>Maximale Ausgangsleistung 2200 W<\/li>\n<li>DC-Ausgang<br \/>\n1x12V\/30A DC RV<br \/>\n1x12V f\u00fcr das Auto<br \/>\n2x12V\/10A DC5521<br \/>\n2x15W kabellose Ladeger\u00e4te<\/li>\n<li>AC-Ausgang 4x Wechselstrom 220-240V<\/li>\n<li>USB-Ausgang<br \/>\n2x 5V\/3A USB-A<br \/>\n2x18W USB-A<br \/>\n1x USB-C (Schnellladeger\u00e4t)<\/li>\n<li>Integrierter Touchscreen-LCD-Bildschirm<\/li>\n<li>Erweiterbar mit 2 zus\u00e4tzlichen Batterien<\/li>\n<li>Stromversorgung AC 400W oder Solarpanel<\/li>\n<li>Schwarz<\/li>\n<\/ul>\n<p><a href=\"https:\/\/webstore4.com\/Copyright\/\" target=\"_blank\" rel=\"noopener\"><span style=\"color: #ff6e03; font-size: 11px;\">\u00a9 Der Text ist urheberrechtlich gesch\u00fctzt<\/span><\/a><\/p>\n<div style=\"width: 960px;\" class=\"wp-video\"><video class=\"wp-video-shortcode\" id=\"video-16059-1\" width=\"960\" height=\"540\" preload=\"metadata\" controls=\"controls\"><source type=\"video\/mp4\" src=\"https:\/\/webstore4.com\/wp-content\/uploads\/2024\/03\/BLUETTI-AC200MAX-WebStore4.mp4?_=1\" \/><a href=\"https:\/\/webstore4.com\/wp-content\/uploads\/2024\/03\/BLUETTI-AC200MAX-WebStore4.mp4\">https:\/\/webstore4.com\/wp-content\/uploads\/2024\/03\/BLUETTI-AC200MAX-WebStore4.mp4<\/a><\/video><\/div>","protected":false},"excerpt":{"rendered":"<p>Der BLUETTI AC200MAX ist ein sehr leistungsstarker und umfangreicher Akku mit einer gro\u00dfen Kapazit\u00e4t von 2048 Watt pro Stunde (Wh). Der Akku ist relativ einfach zu transportieren, da er sehr kompakt ist. Bei diesem Batterietyp wird aufgrund des Gewichts von theoretisch 28,1 Kilogramm regelm\u00e4\u00dfig ein zus\u00e4tzlicher Trolley f\u00fcr den Transport angeschafft. Ein passender Trolley ist unter \u201eOptionen\u201c aufgef\u00fchrt.<\/p>\n<div class=\"klb-readmore button\"><a class=\"btn link\" href=\"https:\/\/webstore4.com\/de\/product\/bluetti-ac200max-krachtige-accu\/\">Mehr lesen <i class=\"klbth-icon-right-arrow\"><\/i><\/a><\/div>","protected":false},"featured_media":16061,"comment_status":"open","ping_status":"closed","template":"","meta":[],"pwb-brand":[4674],"product_cat":[4247,4255,4728],"product_tag":[],"class_list":{"0":"post-16059","1":"product","2":"type-product","3":"status-publish","4":"has-post-thumbnail","6":"pwb-brand-bluetti","7":"product_cat-duurzaamheid","8":"product_cat-accus","9":"product_cat-thuisbatterij","10":"product_shipping_class-pakket","11":"pa_capaciteit-accu-170666mah","12":"pa_garantie-3-jaar","13":"pa_merk-bluetti","15":"first","16":"onbackorder","17":"taxable","18":"shipping-taxable","19":"purchasable","20":"product-type-simple"},"brands":[{"id":4674,"name":"BLUETTI","slug":"bluetti"}],"_links":{"self":[{"href":"https:\/\/webstore4.com\/de\/wp-json\/wp\/v2\/product\/16059","targetHints":{"allow":["GET"]}}],"collection":[{"href":"https:\/\/webstore4.com\/de\/wp-json\/wp\/v2\/product"}],"about":[{"href":"https:\/\/webstore4.com\/de\/wp-json\/wp\/v2\/types\/product"}],"replies":[{"embeddable":true,"href":"https:\/\/webstore4.com\/de\/wp-json\/wp\/v2\/comments?post=16059"}],"wp:featuredmedia":[{"embeddable":true,"href":"https:\/\/webstore4.com\/de\/wp-json\/wp\/v2\/media\/16061"}],"wp:attachment":[{"href":"https:\/\/webstore4.com\/de\/wp-json\/wp\/v2\/media?parent=16059"}],"wp:term":[{"taxonomy":"pwb-brand","embeddable":true,"href":"https:\/\/webstore4.com\/de\/wp-json\/wp\/v2\/pwb-brand?post=16059"},{"taxonomy":"product_cat","embeddable":true,"href":"https:\/\/webstore4.com\/de\/wp-json\/wp\/v2\/product_cat?post=16059"},{"taxonomy":"product_tag","embeddable":true,"href":"https:\/\/webstore4.com\/de\/wp-json\/wp\/v2\/product_tag?post=16059"}],"curies":[{"name":"wp","href":"https:\/\/api.w.org\/{rel}","templated":true}]}}