{"id":16034,"date":"2024-03-04T07:18:31","date_gmt":"2024-03-04T06:18:31","guid":{"rendered":"https:\/\/webstore4.com\/?post_type=product&#038;p=16034"},"modified":"2025-09-28T22:29:15","modified_gmt":"2025-09-28T21:29:15","slug":"wl4-ups600va-ups-back-up-accu-230vac-600va-360watt","status":"publish","type":"product","link":"https:\/\/webstore4.com\/de\/product\/wl4-ups600va-ups-back-up-accu-230vac-600va-360watt\/","title":{"rendered":"WL4 UPS600VA USV-Unterbrechungsfreie Stromversorgung, Backup-Batterie 230Vac 600VA 360Watt"},"content":{"rendered":"<p>Die USV Safire UPS600VA-2 ist eine intelligente und wartungsfreie Backup-Batterie, die 230 VAC, 600 VA und 360 Watt liefert. Mit der USV (unterbrechungsfreie Stromversorgung) funktionieren beispielsweise eine IP-Kamera, ein Netzwerk-Videorecorder (NVR), eine Zutrittskontrolle, ein Smart Home oder eine Gegensprechanlage auch bei einem Stromausfall aufgrund beispielsweise von Sabotage oder St\u00f6rung weiter an das Stromnetz anschlie\u00dfen. Neben der Backup-Funktion sch\u00fctzt die USV auch angeschlossene Ger\u00e4te vor \u00dcberspannung.<\/p>\n<p><strong>M\u00f6glichkeiten<\/strong><\/p>\n<p>De WL4 UPS600VA UPS heeft een uitgangvermogen van 230Vac en 360Watt. Hiermee is het mogelijk om bijvoorbeeld 1 NVR en 5 IP camera&#8217;s een paar uur van stroom te voorzien. De WL4 UPS600VA UPS heeft zes SCHUKO EU stekker aansluitingen. De oplaadtijd is tussen de 6 en 8 uur (@90%).<\/p>\n<p>De UPS600VA wordt veelal toegepast als back-up accu voor een camerabewaking systeem, alarmsysteem of als batterij voor op vakantie. De accu wordt geladen met een 220-240VAC stekker. Op de accu zit een autostart-functie.<br \/>\nBij de accu wordt installatiemateriaal en instructie meegeleverd.<\/p>\n<p><strong>Wichtige Funktionen<\/strong><\/p>\n<ul>\n<li>230Vac en 360Watt uitgang<\/li>\n<li>6 x SCHUKO stekker aansluitingen<\/li>\n<li>220 \u2013 240 VAC Eingang<\/li>\n<li>Schutz angeschlossener Ger\u00e4te vor \u00dcberspannung<\/li>\n<\/ul>\n<p><a href=\"https:\/\/webstore4.com\/Copyright\/\" target=\"_blank\" rel=\"noopener\"><span style=\"color: #ff6e03; font-size: 11px;\">\u00a9 Der Text ist urheberrechtlich gesch\u00fctzt<\/span><\/a><\/p>","protected":false},"excerpt":{"rendered":"<p>De WL4 UPS600VA UPS is een slimme en onderhoudsvrije back-up accu die 230Vac en 600VA\/360Watt levert. Met de UPS (uninterruptible power supply) blijft bijvoorbeeld een IP camera, Netwerk Video Recorder (NVR), toegangscontrole, smart home of intercom systeem werken ingeval de stroomvoorziening uitvalt door bijvoorbeeld sabotage of storing in de netstroom. Naast de back-up functie beschermt<\/p>\n<div class=\"klb-readmore button\"><a class=\"btn link\" href=\"https:\/\/webstore4.com\/de\/product\/wl4-ups600va-ups-back-up-accu-230vac-600va-360watt\/\">Mehr lesen <i class=\"klbth-icon-right-arrow\"><\/i><\/a><\/div>","protected":false},"featured_media":16037,"comment_status":"open","ping_status":"closed","template":"","meta":[],"pwb-brand":[3380],"product_cat":[4730],"product_tag":[],"class_list":{"0":"post-16034","1":"product","2":"type-product","3":"status-publish","4":"has-post-thumbnail","6":"pwb-brand-wl4","7":"product_cat-ups-accus","8":"product_shipping_class-pakket","9":"pa_merk-wl4","11":"first","12":"onbackorder","13":"taxable","14":"shipping-taxable","15":"purchasable","16":"product-type-simple"},"brands":[{"id":3380,"name":"WL4","slug":"wl4"}],"_links":{"self":[{"href":"https:\/\/webstore4.com\/de\/wp-json\/wp\/v2\/product\/16034","targetHints":{"allow":["GET"]}}],"collection":[{"href":"https:\/\/webstore4.com\/de\/wp-json\/wp\/v2\/product"}],"about":[{"href":"https:\/\/webstore4.com\/de\/wp-json\/wp\/v2\/types\/product"}],"replies":[{"embeddable":true,"href":"https:\/\/webstore4.com\/de\/wp-json\/wp\/v2\/comments?post=16034"}],"wp:featuredmedia":[{"embeddable":true,"href":"https:\/\/webstore4.com\/de\/wp-json\/wp\/v2\/media\/16037"}],"wp:attachment":[{"href":"https:\/\/webstore4.com\/de\/wp-json\/wp\/v2\/media?parent=16034"}],"wp:term":[{"taxonomy":"pwb-brand","embeddable":true,"href":"https:\/\/webstore4.com\/de\/wp-json\/wp\/v2\/pwb-brand?post=16034"},{"taxonomy":"product_cat","embeddable":true,"href":"https:\/\/webstore4.com\/de\/wp-json\/wp\/v2\/product_cat?post=16034"},{"taxonomy":"product_tag","embeddable":true,"href":"https:\/\/webstore4.com\/de\/wp-json\/wp\/v2\/product_tag?post=16034"}],"curies":[{"name":"wp","href":"https:\/\/api.w.org\/{rel}","templated":true}]}}