{"id":16003,"date":"2024-03-01T13:37:18","date_gmt":"2024-03-01T12:37:18","guid":{"rendered":"https:\/\/webstore4.com\/?post_type=product&#038;p=16003"},"modified":"2024-08-14T06:19:11","modified_gmt":"2024-08-14T05:19:11","slug":"bluetti-eb3a-draagbare-accu","status":"publish","type":"product","link":"https:\/\/webstore4.com\/de\/product\/bluetti-eb3a-draagbare-accu\/","title":{"rendered":"Tragbarer BLUETTI EB3A-Akku mit 268 Wh mit zwei 12-V-Ausg\u00e4ngen, einem 230-VAC-Ausgang, drei USB-Anschl\u00fcssen und kostenloser Anwendung"},"content":{"rendered":"<p>Der BLUETTI EB3A ist ein tragbarer Akku mit einer Kapazit\u00e4t von 268,8 Watt pro Stunde (Wh). Der Akku l\u00e4sst sich relativ leicht transportieren, da er sehr kompakt und nicht schwer ist.<\/p>\n<p>BLUETTI ist eine f\u00fchrende Marke f\u00fcr nachhaltige Energie und tragbare Stromversorgungsl\u00f6sungen. Das Unternehmen ist auf die Entwicklung und Produktion von Heimbatteries\u00e4tzen, tragbaren Kraftwerken, Solarenergie und zugeh\u00f6rigen Produkten spezialisiert. Mit dem Produktprogramm richten sie sich sowohl an Verbraucher als auch an den gewerblichen professionellen Einsatz.<\/p>\n<p><strong>M\u00f6glichkeiten<br \/>\n<\/strong>Der EB3A ist ein tragbarer Akku mit einer maximalen Kapazit\u00e4t von 268,8 Wh und einer maximalen Ausgangsleistung von 600 Watt. Da der LiFePO4-Akku \u00fcber mehrere Stromausg\u00e4nge verf\u00fcgt, ist der Akku ideal f\u00fcr Orte, an denen kein oder nur begrenzt Strom verf\u00fcgbar ist.<\/p>\n<p>Der Akku verf\u00fcgt \u00fcber einen AC-Ausgang, zwei USB-A-Ausg\u00e4nge, einen USB-C-Ausgang, einen Autoausgang (12V\/10A) und zwei 12V-Ausg\u00e4nge. Dar\u00fcber hinaus verf\u00fcgt der EB3A \u00fcber eine 15-Watt-Funkleistung und einen integrierten LCD-Bildschirm, der eine einfache Bedienung des Akkus erm\u00f6glicht.<\/p>\n<p>Tragbare BLUETTI-Batterien werden h\u00e4ufig an Orten verwendet, an denen nur begrenzt Strom verf\u00fcgbar ist. Dies ist oft die L\u00f6sung auf einem Campingplatz, auf einem Boot oder in einer Bergregion oder bei einem Stromausfall. Dar\u00fcber hinaus besteht die M\u00f6glichkeit, mit einem tragbaren Akku ein (tempor\u00e4res) Kamerasystem, Alarmsystem oder Zutrittskontrollsystem am Akku zu betreiben.<\/p>\n<p>Da BLUETTI bei den neueren Modellen eine kostenlose Anwendung anbietet, ist es sehr einfach, den \u00dcberblick \u00fcber die Batteriedaten zu behalten. Die Anwendung funktioniert mit einem QR-Code, der auf dem BLUETTI-Produkt gescannt wird, woraufhin das Produkt nach der Registrierung in der Anwendung live verfolgt werden kann. So kann die verbleibende Kapazit\u00e4t eingesehen, aber auch w\u00e4hrend des Ladevorgangs Informationen abgerufen werden. Bei Bedarf k\u00f6nnen Ausg\u00e4nge ein- und ausgeschaltet sowie die Ladeart und -kapazit\u00e4t angepasst werden. Alle weiteren M\u00f6glichkeiten k\u00f6nnen Sie unter dem Link zur Bewerbung einsehen. Der Link zur Bewerbung finden Sie unter der Registerkarte \u201eDokumentation\u201c.<\/p>\n<p>Der Akku wird \u00fcber ein Wechselstromnetzteil mit Strom versorgt und ist in etwa zwei Stunden aufgeladen. Es besteht auch die M\u00f6glichkeit, den Akku mit einem passenden tragbaren Solarpanel aufzuladen. Die tragbaren Solarmodule von BLUETTI, das PV120 und das PV200, werden h\u00e4ufig mit dieser Batterie bestellt.<br \/>\nDie passenden Solarmodule finden Sie unter \u201eOptionen\u201c. Es ist auch m\u00f6glich, mit einem 12V- oder 24V-Netzteil mit l\u00e4ngerer Ladezeit zu laden.<\/p>\n<p>Der Akku wird mit einer \u00fcbersichtlichen Bedienungsanleitung, einem Netzteilkabel und einem Solarpanel-Ladekabel geliefert. Wir empfehlen Ihnen, das Benutzerhandbuch und die Produktseite des Herstellers unter der Registerkarte \u201eDokumentation\u201c anzuzeigen.<\/p>\n<p><strong>Wichtigste Funktionen<\/strong><\/p>\n<ul>\n<li>Batteriekapazit\u00e4t 268,8 Wh<\/li>\n<li>Maximale Ausgangsleistung 600 W<\/li>\n<li>Eingang 1x AC, 1x DC<\/li>\n<li>DC-Ausgang<br \/>\n1x12V\/10A Auto<br \/>\n2x12V\/10A DC5521<br \/>\n1x15W kabellose Ladeger\u00e4te<\/li>\n<li>AC-Ausgang 1x Wechselstrom 220-240 V<\/li>\n<li>USB-Ausgang 2 Mal USB-A und 1 Mal USB-C (Schnellladeger\u00e4t)<\/li>\n<li>Integrierter LCD-Bildschirm<\/li>\n<li>Stromversorgung AC, 12V\/28V oder Solarpanel<\/li>\n<\/ul>\n<p><a href=\"https:\/\/webstore4.com\/Copyright\/\" target=\"_blank\" rel=\"noopener\"><span style=\"color: #ff6e03; font-size: 11px;\">\u00a9 Text ist urheberrechtlich gesch\u00fctzt7<\/span><\/a><\/p>","protected":false},"excerpt":{"rendered":"<p>De BLUETTI EB3A is een draagbare accu met een vermogen van 268.8 wattage per uur (Wh). De accu is relatief eenvoudig te vervoeren omdat deze zeer compact en niet zwaar is. BLUETTI is een toonaangevend merk op het gebied van duurzame energie en draagbare stroomoplossingen. Het bedrijf is gespecialiseerd in het ontwerpen en produceren van<\/p>\n<div class=\"klb-readmore button\"><a class=\"btn link\" href=\"https:\/\/webstore4.com\/de\/product\/bluetti-eb3a-draagbare-accu\/\">Mehr lesen <i class=\"klbth-icon-right-arrow\"><\/i><\/a><\/div>","protected":false},"featured_media":16005,"comment_status":"open","ping_status":"closed","template":"","meta":[],"pwb-brand":[4674],"product_cat":[4247,4255],"product_tag":[],"class_list":{"0":"post-16003","1":"product","2":"type-product","3":"status-publish","4":"has-post-thumbnail","6":"pwb-brand-bluetti","7":"product_cat-duurzaamheid","8":"product_cat-accus","9":"product_shipping_class-pakket","10":"pa_capaciteit-accu-22400mah","11":"pa_garantie-3-jaar","12":"pa_merk-bluetti","14":"first","15":"onbackorder","16":"taxable","17":"shipping-taxable","18":"purchasable","19":"product-type-simple"},"brands":[{"id":4674,"name":"BLUETTI","slug":"bluetti"}],"_links":{"self":[{"href":"https:\/\/webstore4.com\/de\/wp-json\/wp\/v2\/product\/16003","targetHints":{"allow":["GET"]}}],"collection":[{"href":"https:\/\/webstore4.com\/de\/wp-json\/wp\/v2\/product"}],"about":[{"href":"https:\/\/webstore4.com\/de\/wp-json\/wp\/v2\/types\/product"}],"replies":[{"embeddable":true,"href":"https:\/\/webstore4.com\/de\/wp-json\/wp\/v2\/comments?post=16003"}],"wp:featuredmedia":[{"embeddable":true,"href":"https:\/\/webstore4.com\/de\/wp-json\/wp\/v2\/media\/16005"}],"wp:attachment":[{"href":"https:\/\/webstore4.com\/de\/wp-json\/wp\/v2\/media?parent=16003"}],"wp:term":[{"taxonomy":"pwb-brand","embeddable":true,"href":"https:\/\/webstore4.com\/de\/wp-json\/wp\/v2\/pwb-brand?post=16003"},{"taxonomy":"product_cat","embeddable":true,"href":"https:\/\/webstore4.com\/de\/wp-json\/wp\/v2\/product_cat?post=16003"},{"taxonomy":"product_tag","embeddable":true,"href":"https:\/\/webstore4.com\/de\/wp-json\/wp\/v2\/product_tag?post=16003"}],"curies":[{"name":"wp","href":"https:\/\/api.w.org\/{rel}","templated":true}]}}