{"id":15997,"date":"2024-03-01T12:23:38","date_gmt":"2024-03-01T11:23:38","guid":{"rendered":"https:\/\/webstore4.com\/?post_type=product&#038;p=15997"},"modified":"2024-09-05T15:54:56","modified_gmt":"2024-09-05T14:54:56","slug":"bluetti-ac60p-draagbare-accu","status":"publish","type":"product","link":"https:\/\/webstore4.com\/de\/product\/bluetti-ac60p-draagbare-accu\/","title":{"rendered":"BLUETTI AC60P draagbare accu 504Wh met 12V uitgang, twee 230VAC uitgangen, drie USB poorten en gratis applicatie"},"content":{"rendered":"<p>De BLUETTI AC60P is een draagbare accu met een vermogen van 504 wattage per uur (Wh). De accu is relatief eenvoudig te vervoeren omdat deze zeer compact en niet zwaar is.<\/p>\n<p>BLUETTI ist eine f\u00fchrende Marke f\u00fcr nachhaltige Energie und tragbare Stromversorgungsl\u00f6sungen. Das Unternehmen ist auf die Entwicklung und Produktion von Heimbatteries\u00e4tzen, tragbaren Kraftwerken, Solarenergie und zugeh\u00f6rigen Produkten spezialisiert. Mit dem Produktprogramm richten sie sich sowohl an Verbraucher als auch an den gewerblichen professionellen Einsatz.<\/p>\n<p><strong>M\u00f6glichkeiten<br \/>\n<\/strong>De zwarte AC60P draagbare batterij of accu heeft een maximale capaciteit van 504Wh en een maximaal uitgangsvermogen van 600 watt. Doordat de LiFePO4 accu meerdere stroomuitgangen heeft is de accu ideaal voor plaatsen waar geen of beperkt stroom beschikbaar is.<\/p>\n<p>De accu heeft twee AC uitgangen, twee USB-A uitgangen, \u00e9\u00e9n USB-C uitgang en \u00e9\u00e9n carport uitgang (12V\/10A). Daarnaast beschikt de AC60P over een draadloze uitgang van 15 watt en een ge\u00efntegreerd Lcd-scherm waarmee de accu eenvoudig te bedienen is.<\/p>\n<p>Tragbare BLUETTI-Batterien werden h\u00e4ufig an Orten verwendet, an denen nur begrenzt Strom verf\u00fcgbar ist. Dies ist oft die L\u00f6sung auf einem Campingplatz, auf einem Boot oder in einer Bergregion oder bei einem Stromausfall. Dar\u00fcber hinaus besteht die M\u00f6glichkeit, mit einem tragbaren Akku ein (tempor\u00e4res) Kamerasystem, Alarmsystem oder Zutrittskontrollsystem am Akku zu betreiben.<\/p>\n<p>De accu wordt gevoed met een AC voeding en is tussen de drie en vier uur laden vol. Daarnaast is het mogelijk om de accu te laden met een bijpassend portable zonnepaneel. De draagbare zonnepanelen van BLUETTI, de PV120 en de PV200, worden vaak mee besteld bij deze accu.<br \/>\nDie passenden Solarmodule finden Sie unter \u201eOptionen\u201c. Es ist auch m\u00f6glich, mit einem 12V- oder 24V-Netzteil mit l\u00e4ngerer Ladezeit zu laden.<\/p>\n<p>Da BLUETTI bei den neueren Modellen eine kostenlose Anwendung anbietet, ist es sehr einfach, den \u00dcberblick \u00fcber die Batteriedaten zu behalten. Die Anwendung funktioniert mit einem QR-Code, der auf dem BLUETTI-Produkt gescannt wird, woraufhin das Produkt nach der Registrierung in der Anwendung live verfolgt werden kann. So kann die verbleibende Kapazit\u00e4t eingesehen, aber auch w\u00e4hrend des Ladevorgangs Informationen abgerufen werden. Bei Bedarf k\u00f6nnen Ausg\u00e4nge ein- und ausgeschaltet sowie die Ladeart und -kapazit\u00e4t angepasst werden. Alle weiteren M\u00f6glichkeiten k\u00f6nnen Sie unter dem Link zur Bewerbung einsehen. Der Link zur Bewerbung finden Sie unter der Registerkarte \u201eDokumentation\u201c.<\/p>\n<p>Het unieke aan BLUETTI AC60P is dat deze uitgebreid kan worden met meerdere accu&#8217;s. Zo kunnen er maximaal twee BLUETTI B80P uitbreidingsaccu&#8217;s worden verbonden. Daarmee wordt de stroomcapaciteit een stuk groter. De geschikte BLUETTI B80P is mee te bestellen onder &#8216;Opties&#8217;.<\/p>\n<p>Im Lieferumfang des AC200MAX sind ein \u00fcbersichtliches Handbuch, ein Netzteil, ein Autoladeger\u00e4t und ein Solarpanel-Ladekabel enthalten. Wir empfehlen Ihnen, das Benutzerhandbuch und die Produktseite des Herstellers unter der Registerkarte \u201eDokumentation\u201c anzuzeigen.<\/p>\n<p><strong>Wichtigste Funktionen<\/strong><\/p>\n<ul>\n<li>Capaciteit accu 504Wh<\/li>\n<li>Kostenlose Bewerbung<\/li>\n<li>Maximale Ausgangsleistung 600 W<\/li>\n<li>DC-Ausgang<br \/>\n1x12V f\u00fcr das Auto<br \/>\n1x15W kabellose Ladeger\u00e4te<\/li>\n<li>AC output 2x wisselstroom 230 V<\/li>\n<li>USB-Ausgang 2 Mal USB-A und 1 Mal USB-C (Schnellladeger\u00e4t)<\/li>\n<li>Integrierter LCD-Bildschirm<\/li>\n<li>Voeding AC 200W, 12V\/28V of zonnepaneel<\/li>\n<li>IP65 wetterfest<\/li>\n<li>Schwarz<\/li>\n<\/ul>\n<p><a href=\"https:\/\/webstore4.com\/Copyright\/\" target=\"_blank\" rel=\"noopener\"><span style=\"color: #ff6e03; font-size: 11px;\">\u00a9 Der Text ist urheberrechtlich gesch\u00fctzt<\/span><\/a><\/p>","protected":false},"excerpt":{"rendered":"<p>De BLUETTI AC60P is een draagbare accu met een vermogen van 504 wattage per uur (Wh). De accu is relatief eenvoudig te vervoeren omdat deze zeer compact en niet zwaar is. BLUETTI is een toonaangevend merk op het gebied van duurzame energie en draagbare stroomoplossingen. Het bedrijf is gespecialiseerd in het ontwerpen en produceren van<\/p>\n<div class=\"klb-readmore button\"><a class=\"btn link\" href=\"https:\/\/webstore4.com\/de\/product\/bluetti-ac60p-draagbare-accu\/\">Mehr lesen <i class=\"klbth-icon-right-arrow\"><\/i><\/a><\/div>","protected":false},"featured_media":15999,"comment_status":"open","ping_status":"closed","template":"","meta":[],"pwb-brand":[4674],"product_cat":[4247,4255],"product_tag":[],"class_list":{"0":"post-15997","1":"product","2":"type-product","3":"status-publish","4":"has-post-thumbnail","6":"pwb-brand-bluetti","7":"product_cat-duurzaamheid","8":"product_cat-accus","9":"product_shipping_class-pakket","10":"pa_capaciteit-accu-42000mah","11":"pa_garantie-3-jaar","12":"pa_merk-bluetti","14":"first","15":"onbackorder","16":"taxable","17":"shipping-taxable","18":"purchasable","19":"product-type-simple"},"brands":[{"id":4674,"name":"BLUETTI","slug":"bluetti"}],"_links":{"self":[{"href":"https:\/\/webstore4.com\/de\/wp-json\/wp\/v2\/product\/15997","targetHints":{"allow":["GET"]}}],"collection":[{"href":"https:\/\/webstore4.com\/de\/wp-json\/wp\/v2\/product"}],"about":[{"href":"https:\/\/webstore4.com\/de\/wp-json\/wp\/v2\/types\/product"}],"replies":[{"embeddable":true,"href":"https:\/\/webstore4.com\/de\/wp-json\/wp\/v2\/comments?post=15997"}],"wp:featuredmedia":[{"embeddable":true,"href":"https:\/\/webstore4.com\/de\/wp-json\/wp\/v2\/media\/15999"}],"wp:attachment":[{"href":"https:\/\/webstore4.com\/de\/wp-json\/wp\/v2\/media?parent=15997"}],"wp:term":[{"taxonomy":"pwb-brand","embeddable":true,"href":"https:\/\/webstore4.com\/de\/wp-json\/wp\/v2\/pwb-brand?post=15997"},{"taxonomy":"product_cat","embeddable":true,"href":"https:\/\/webstore4.com\/de\/wp-json\/wp\/v2\/product_cat?post=15997"},{"taxonomy":"product_tag","embeddable":true,"href":"https:\/\/webstore4.com\/de\/wp-json\/wp\/v2\/product_tag?post=15997"}],"curies":[{"name":"wp","href":"https:\/\/api.w.org\/{rel}","templated":true}]}}