{"id":15993,"date":"2024-03-01T11:58:36","date_gmt":"2024-03-01T10:58:36","guid":{"rendered":"https:\/\/webstore4.com\/?post_type=product&#038;p=15993"},"modified":"2024-06-21T13:59:16","modified_gmt":"2024-06-21T12:59:16","slug":"bluetti-eb55-draagbare-accu","status":"publish","type":"product","link":"https:\/\/webstore4.com\/de\/product\/bluetti-eb55-draagbare-accu\/","title":{"rendered":"BLUETTI EB55 draagbare accu 537Wh met twee 12V uitgangen, twee 230VAC uitgangen en vijf USB poorten"},"content":{"rendered":"<p>Der BLUETTI EB3A ist ein tragbarer Akku mit einer Kapazit\u00e4t von 268,8 Watt pro Stunde (Wh). Der Akku l\u00e4sst sich relativ leicht transportieren, da er sehr kompakt und nicht schwer ist.<\/p>\n<p>BLUETTI ist eine f\u00fchrende Marke f\u00fcr nachhaltige Energie und tragbare Stromversorgungsl\u00f6sungen. Das Unternehmen ist auf die Entwicklung und Produktion von Heimbatteries\u00e4tzen, tragbaren Kraftwerken, Solarenergie und zugeh\u00f6rigen Produkten spezialisiert. Mit dem Produktprogramm richten sie sich sowohl an Verbraucher als auch an den gewerblichen professionellen Einsatz.<\/p>\n<p><strong>M\u00f6glichkeiten<br \/>\n<\/strong>De grijze EB55 draagbare batterij of accu heeft een maximale capaciteit van 537Wh en een maximaal uitgangsvermogen van 700 watt. Doordat de LiFePO4 accu meerdere stroomuitgangen heeft is de accu ideaal voor plaatsen waar geen of beperkt stroom beschikbaar is.<\/p>\n<p>De accu heeft twee AC uitgangen, vier USB-A uitgangen, \u00e9\u00e9n USB-C uitgang, \u00e9\u00e9n carport uitgang (12V\/10A) en twee 12V uitgangen. Daarnaast beschikt de EB55\u00a0 over een draadloze uitgang van 15 watt en een ge\u00efntegreerd Lcd-scherm waarmee de accu eenvoudig te bedienen is.<\/p>\n<p>Tragbare BLUETTI-Batterien werden h\u00e4ufig an Orten verwendet, an denen nur begrenzt Strom verf\u00fcgbar ist. Dies ist oft die L\u00f6sung auf einem Campingplatz, auf einem Boot oder in einer Bergregion oder bei einem Stromausfall. Dar\u00fcber hinaus besteht die M\u00f6glichkeit, mit einem tragbaren Akku ein (tempor\u00e4res) Kamerasystem, Alarmsystem oder Zutrittskontrollsystem am Akku zu betreiben.<\/p>\n<p>Der Akku wird \u00fcber ein Wechselstromnetzteil mit Strom versorgt und ist in etwa zwei Stunden aufgeladen. Es besteht auch die M\u00f6glichkeit, den Akku mit einem passenden tragbaren Solarpanel aufzuladen. Die tragbaren Solarmodule von BLUETTI, das PV120 und das PV200, werden h\u00e4ufig mit dieser Batterie bestellt.<br \/>\nDie passenden Solarmodule finden Sie unter \u201eOptionen\u201c. Es ist auch m\u00f6glich, mit einem 12V- oder 24V-Netzteil mit l\u00e4ngerer Ladezeit zu laden.<\/p>\n<p>Im Lieferumfang des AC200MAX sind ein \u00fcbersichtliches Handbuch, ein Netzteil, ein Autoladeger\u00e4t und ein Solarpanel-Ladekabel enthalten. Wir empfehlen Ihnen, das Benutzerhandbuch und die Produktseite des Herstellers unter der Registerkarte \u201eDokumentation\u201c anzuzeigen.<\/p>\n<p><strong>Wichtigste Funktionen<\/strong><\/p>\n<ul>\n<li>Capaciteit accu 537 Wh<\/li>\n<li>Maximaal uitgangsvermogen 700W<\/li>\n<li>Eingang 1x AC, 1x DC<\/li>\n<li>DC-Ausgang<br \/>\n1x12V\/10A Auto<br \/>\n2x12V\/10A DC5521<br \/>\n1x15W kabellose Ladeger\u00e4te<\/li>\n<li>AC output 2x wisselstroom 220-240 V<\/li>\n<li>USB-Ausgang 2 Mal USB-A und 1 Mal USB-C (Schnellladeger\u00e4t)<\/li>\n<li>Integrierter LCD-Bildschirm<\/li>\n<li>Voeding AC 200W, 12V\/28V of zonnepaneel<\/li>\n<li>Grau<\/li>\n<\/ul>\n<p><a href=\"https:\/\/webstore4.com\/Copyright\/\" target=\"_blank\" rel=\"noopener\"><span style=\"color: #ff6e03; font-size: 11px;\">\u00a9 Text ist urheberrechtlich gesch\u00fctzt7<\/span><\/a><\/p>","protected":false},"excerpt":{"rendered":"<p>De BLUETTI EB55 is een draagbare accu met een vermogen van 537 wattage per uur (Wh). De accu is relatief eenvoudig te vervoeren omdat deze zeer compact en niet zwaar is. BLUETTI is een toonaangevend merk op het gebied van duurzame energie en draagbare stroomoplossingen. Het bedrijf is gespecialiseerd in het ontwerpen en produceren van<\/p>\n<div class=\"klb-readmore button\"><a class=\"btn link\" href=\"https:\/\/webstore4.com\/de\/product\/bluetti-eb55-draagbare-accu\/\">Mehr lesen <i class=\"klbth-icon-right-arrow\"><\/i><\/a><\/div>","protected":false},"featured_media":15995,"comment_status":"open","ping_status":"closed","template":"","meta":[],"pwb-brand":[4674],"product_cat":[4247,4255],"product_tag":[],"class_list":{"0":"post-15993","1":"product","2":"type-product","3":"status-publish","4":"has-post-thumbnail","6":"pwb-brand-bluetti","7":"product_cat-duurzaamheid","8":"product_cat-accus","9":"product_shipping_class-pakket","10":"pa_capaciteit-accu-44750mah","11":"pa_garantie-3-jaar","12":"pa_merk-bluetti","14":"first","15":"onbackorder","16":"taxable","17":"shipping-taxable","18":"purchasable","19":"product-type-simple"},"brands":[{"id":4674,"name":"BLUETTI","slug":"bluetti"}],"_links":{"self":[{"href":"https:\/\/webstore4.com\/de\/wp-json\/wp\/v2\/product\/15993","targetHints":{"allow":["GET"]}}],"collection":[{"href":"https:\/\/webstore4.com\/de\/wp-json\/wp\/v2\/product"}],"about":[{"href":"https:\/\/webstore4.com\/de\/wp-json\/wp\/v2\/types\/product"}],"replies":[{"embeddable":true,"href":"https:\/\/webstore4.com\/de\/wp-json\/wp\/v2\/comments?post=15993"}],"wp:featuredmedia":[{"embeddable":true,"href":"https:\/\/webstore4.com\/de\/wp-json\/wp\/v2\/media\/15995"}],"wp:attachment":[{"href":"https:\/\/webstore4.com\/de\/wp-json\/wp\/v2\/media?parent=15993"}],"wp:term":[{"taxonomy":"pwb-brand","embeddable":true,"href":"https:\/\/webstore4.com\/de\/wp-json\/wp\/v2\/pwb-brand?post=15993"},{"taxonomy":"product_cat","embeddable":true,"href":"https:\/\/webstore4.com\/de\/wp-json\/wp\/v2\/product_cat?post=15993"},{"taxonomy":"product_tag","embeddable":true,"href":"https:\/\/webstore4.com\/de\/wp-json\/wp\/v2\/product_tag?post=15993"}],"curies":[{"name":"wp","href":"https:\/\/api.w.org\/{rel}","templated":true}]}}