{"id":15883,"date":"2024-02-27T17:47:30","date_gmt":"2024-02-27T16:47:30","guid":{"rendered":"https:\/\/webstore4.com\/?post_type=product&#038;p=15883"},"modified":"2025-11-19T16:28:51","modified_gmt":"2025-11-19T15:28:51","slug":"dahua-nvr4216-4ks2-l-16-kanaals-video-recorder","status":"publish","type":"product","link":"https:\/\/webstore4.com\/de\/product\/dahua-nvr4216-4ks2-l-16-kanaals-video-recorder\/","title":{"rendered":"Dahua NVR4216-4KS2\/L 16-Kanal-4K-Ultra-HD-Netzwerk-Videorecorder ohne PoE-Eing\u00e4nge"},"content":{"rendered":"<p>Der Dahua NVR4216-4KS2\/L ist ein 4K-Ultra-HD-PoE-Netzwerkvideorecorder (NVR), an den 16 IP-Kameras zur Aufzeichnung und Verwaltung von Kamerabildern angeschlossen werden k\u00f6nnen. Aufgrund seiner gro\u00dfen Funktionalit\u00e4t, einfachen Installation und hohen Benutzerfreundlichkeit eignet sich der NVR ideal f\u00fcr den Einsatz in Privathaushalten, Gesch\u00e4ften und Unternehmen.<\/p>\n<p><strong>M\u00f6glichkeiten<\/strong><\/p>\n<p>\u00dcber das Netzwerk k\u00f6nnen maximal 16 IP-Kameras mit dem NVR verbunden werden. Die Funktionen des Dahua NVR4216-4KS2\/L <strong>verf\u00fcgt \u00fcber keine PoE-Ports<\/strong>.<br \/>\nDer NVR kann eigenst\u00e4ndig arbeiten, kann aber auch mit dem Netzwerk verbunden werden. Auf den NVR kann dann \u00fcber einen Webbrowser, die Dahua-Videoverwaltungssoftware und mit der kostenlosen Dahua-App f\u00fcr Smartphone und Tablet zugegriffen werden.<\/p>\n<p>Der NVR verf\u00fcgt \u00fcber einen HDMI- und VGA-Ausgang mit einer maximalen Aufl\u00f6sung von 3840 x 2160 (4K Ultra HD) zum Anschluss an einen normalen Fernseher, unter anderem zur Bildanzeige. Au\u00dferdem gibt es einen USB-Anschluss, um beispielsweise eine Maus anzuschlie\u00dfen. Der NVR4216-4KS2\/L unterst\u00fctzt bis zu 8 Megapixel.<\/p>\n<p><strong>Festplatten<\/strong><\/p>\n<p>Der Dahua NVR4216-4KS2\/L unterst\u00fctzt zwei 3,5-Zoll-Festplatten mit jeweils bis zu 10 Terabyte. Der Dahua NVR4216-4KS2\/L wird standardm\u00e4\u00dfig ohne Festplatte geliefert. Unter dem Reiter \u201eOptionen\u201c k\u00f6nnen eine oder zwei Festplatten ausgew\u00e4hlt werden. Wir liefern Western Digital Purple-Festplatten, die speziell f\u00fcr \u00dcberwachungszwecke rund um die Uhr entwickelt wurden.<\/p>\n<p>F\u00fcr weitere Spezifikationen empfehlen wir Ihnen, das Datenblatt zu konsultieren, das unter der Registerkarte \u201eDokumentation\u201c enthalten ist.<\/p>\n<p><strong>Wichtigste Funktionen<\/strong><\/p>\n<ul>\n<li>Geeignet f\u00fcr 16 IP-Kameras<\/li>\n<li>Geeignet f\u00fcr 3840\u00d72160 4K Ultra HD-Aufl\u00f6sung<\/li>\n<li>200 Mbit\/s eingehende Bandbreite<\/li>\n<li>H.265+ High Efficiency Video Codec (HEVC)<\/li>\n<li>Funktioniert mit IP-Kameras anderer Marken<\/li>\n<li>Audio- und Alarmeingang\/-ausgang<\/li>\n<li>ANR-Technologie (Automatic Network Replenishment).<\/li>\n<li>HDMI\/VGA-Ausgang<\/li>\n<li>Ohne PoE-Ports<\/li>\n<li>2x 3,5 Zoll Festplatten mit bis zu 10 TB<\/li>\n<\/ul>\n<p><a href=\"https:\/\/webstore4.com\/Copyright\/\" target=\"_blank\" rel=\"noopener\"><span style=\"color: #ff6e03; font-size: 11px;\">\u00a9 Der Text ist urheberrechtlich gesch\u00fctzt<\/span><\/a><\/p>","protected":false},"excerpt":{"rendered":"<p>De Dahua NVR4216-4KS2\/L is een 4K ultra HD PoE Netwerk Video Recorder (NVR) waar 16 IP camera&#8217;s mee kunnen worden verbonden voor het opnemen en beheren van camerabeelden. Door de grote functionaliteit, het installatiegemak en hoge bruikbaarheid is de NVR ideaal voor gebruik in zowel woningen, winkels als bedrijven. Mogelijkheden Op de NVR kunnen maximaal<\/p>\n<div class=\"klb-readmore button\"><a class=\"btn link\" href=\"https:\/\/webstore4.com\/de\/product\/dahua-nvr4216-4ks2-l-16-kanaals-video-recorder\/\">Mehr lesen <i class=\"klbth-icon-right-arrow\"><\/i><\/a><\/div>","protected":false},"featured_media":15884,"comment_status":"open","ping_status":"closed","template":"","meta":[],"pwb-brand":[3376],"product_cat":[3441,4210],"product_tag":[],"class_list":{"0":"post-15883","1":"product","2":"type-product","3":"status-publish","4":"has-post-thumbnail","6":"pwb-brand-dahua","7":"product_cat-benodigdheden","8":"product_cat-recorders-opslagmedia-benodigdheden","9":"product_shipping_class-pakket","10":"pa_harddisk-type-2-x-3-5-inch-max-10tb","11":"pa_maximaal-ip-camera-kanalen-3652","12":"pa_maximum-aantal-harddisks-3647","13":"pa_merk-dahua","14":"pa_omgeving-binnen","15":"pa_poe-nee","16":"pa_product-nvr","17":"pa_product-status-a","18":"pa_rj45-lan-aansluiting-1x-101001000","19":"pa_voeding-230vac","20":"pa_voeding-inclusief-adapter","22":"first","23":"instock","24":"taxable","25":"shipping-taxable","26":"purchasable","27":"product-type-simple"},"brands":[{"id":3376,"name":"Dahua","slug":"dahua"}],"_links":{"self":[{"href":"https:\/\/webstore4.com\/de\/wp-json\/wp\/v2\/product\/15883","targetHints":{"allow":["GET"]}}],"collection":[{"href":"https:\/\/webstore4.com\/de\/wp-json\/wp\/v2\/product"}],"about":[{"href":"https:\/\/webstore4.com\/de\/wp-json\/wp\/v2\/types\/product"}],"replies":[{"embeddable":true,"href":"https:\/\/webstore4.com\/de\/wp-json\/wp\/v2\/comments?post=15883"}],"wp:featuredmedia":[{"embeddable":true,"href":"https:\/\/webstore4.com\/de\/wp-json\/wp\/v2\/media\/15884"}],"wp:attachment":[{"href":"https:\/\/webstore4.com\/de\/wp-json\/wp\/v2\/media?parent=15883"}],"wp:term":[{"taxonomy":"pwb-brand","embeddable":true,"href":"https:\/\/webstore4.com\/de\/wp-json\/wp\/v2\/pwb-brand?post=15883"},{"taxonomy":"product_cat","embeddable":true,"href":"https:\/\/webstore4.com\/de\/wp-json\/wp\/v2\/product_cat?post=15883"},{"taxonomy":"product_tag","embeddable":true,"href":"https:\/\/webstore4.com\/de\/wp-json\/wp\/v2\/product_tag?post=15883"}],"curies":[{"name":"wp","href":"https:\/\/api.w.org\/{rel}","templated":true}]}}