{"id":15740,"date":"2024-02-19T16:24:29","date_gmt":"2024-02-19T15:24:29","guid":{"rendered":"https:\/\/webstore4.com\/?post_type=product&#038;p=15740"},"modified":"2026-02-12T14:55:39","modified_gmt":"2026-02-12T13:55:39","slug":"wl4-vpmt54-telescopische-verplaatsbare-mast-54m","status":"publish","type":"product","link":"https:\/\/webstore4.com\/de\/product\/wl4-vpmt54-telescopische-verplaatsbare-mast-54m\/","title":{"rendered":"WL4 VPMT54 Teleskopischer universeller beweglicher Aluminium-Ballastmast 5,4 m f\u00fcr Kamera oder kleine Antenne"},"content":{"rendered":"<p>Der WL4 VPMT54 ist ein beweglicher, teleskopierbarer Universal-Aluminiummast mit einer H\u00f6he von 5,4 Metern, beispielsweise zur Montage einer oder mehrerer Kameras oder kleiner Antennen. F\u00fcr schwere Anwendungen ist der Antennenmast nicht geeignet, da der WL4 VPMT54 nicht mit Abspannseilen unterst\u00fctzt wird. Dieser Mast ist universell und beweglich. Der Mast wird stabiler, indem schwere Ziegel oder Steine in den Mastfu\u00df gelegt werden.<br \/>\nDer Teleskopmast ist leicht zu transportieren, schnell zu montieren und kann auch vor\u00fcbergehend aufgestellt werden. Eine konkrete Bodenverankerung ist nicht erforderlich.<\/p>\n<p>Der Ballastmast des WL4 VPMT54 besteht aus 4 (Teleskop-)Teilen und wird inklusive aller Montagematerialien und ohne Beschwerung f\u00fcr den Mastfu\u00df geliefert.<\/p>\n<p>F\u00fcr die korrekte Installation des Kameramasts empfehlen wir Ihnen, die Bedienungsanleitung zu Rate zu ziehen, die unter der Registerkarte \u201eDokumentation\u201c enthalten ist. F\u00fcr schwerere Anwendungen verweisen wir auf den WL4 MT65 oder den WL4 MT100, die unter \u201eOptionen\u201c zu finden sind.<\/p>\n<p><strong>Verzendtijd<\/strong><\/p>\n<p>De verzendtijd van dit artikel is langer dan bij reguliere artikelen die voorradig zijn bij WebStore4. Dit komt omdat wij willen verzorgen dat het product zo goed mogelijk ingepakt wordt om eventuele schade te voorkomen. Normaalgesproken is de standaard levertijd bij voorraadproducten: voor 15:00 uur besteld, dezelfde dag verstuurd. Bij dit product is de standaard levertijd: voor 15:00 uur besteld, binnen 2 werkdagen verstuurd. Wanneer het product niet voorradig is in onze magazijnen, staat er naast het artikelnummer een verzendtijd opgegeven.<\/p>\n<p><strong>Wichtigste Funktionen<\/strong><\/p>\n<ul>\n<li>Teleskopischer 4-teiliger beweglicher Aluminiummast<\/li>\n<li>Inklusive Montagematerial, exklusive Mastbeschwerung<\/li>\n<li>Durchmesser Oberteil: 45 MM<\/li>\n<li>Innenma\u00dfe des Sockels: 400\u00d7400 MM<\/li>\n<li>Au\u00dfenma\u00dfe des kompletten Sockels: 1650\u00d71650 MM<\/li>\n<li>Transporth\u00f6he 1,5 Meter<\/li>\n<li>Leicht zu transportieren und einfach und schnell aufzubauen und zu bewegen<\/li>\n<li>Standardversandkosten aufgrund der geringen Gr\u00f6\u00dfe<\/li>\n<\/ul>\n<p><a href=\"https:\/\/webstore4.com\/Copyright\/\" target=\"_blank\" rel=\"noopener\"><span style=\"color: #ff6e03; font-size: 11px;\">\u00a9 Der Text ist urheberrechtlich gesch\u00fctzt<\/span><\/a><\/p>\n<p>&nbsp;<\/p>\n<p><a href=\"https:\/\/webstore4.com\/wp-content\/uploads\/2020\/03\/WL4-MT65-WebStore4.jpg\"><img fetchpriority=\"high\" decoding=\"async\" class=\"alignnone wp-image-15625\" src=\"https:\/\/webstore4.com\/wp-content\/uploads\/2020\/03\/WL4-MT65-WebStore4-300x260.jpg\" alt=\"\" width=\"254\" height=\"220\" srcset=\"https:\/\/webstore4.com\/wp-content\/uploads\/2020\/03\/WL4-MT65-WebStore4-300x260.jpg 300w, https:\/\/webstore4.com\/wp-content\/uploads\/2020\/03\/WL4-MT65-WebStore4-768x666.jpg 768w, https:\/\/webstore4.com\/wp-content\/uploads\/2020\/03\/WL4-MT65-WebStore4-14x12.jpg 14w, https:\/\/webstore4.com\/wp-content\/uploads\/2020\/03\/WL4-MT65-WebStore4-600x520.jpg 600w, https:\/\/webstore4.com\/wp-content\/uploads\/2020\/03\/WL4-MT65-WebStore4-62x54.jpg 62w, https:\/\/webstore4.com\/wp-content\/uploads\/2020\/03\/WL4-MT65-WebStore4.jpg 950w\" sizes=\"(max-width: 254px) 100vw, 254px\" \/><\/a><\/p>","protected":false},"excerpt":{"rendered":"<p>De WL4 VPMT54 is een verplaatsbare telescopische universele aluminium mast van 5,4 meter hoog voor het monteren van bijvoorbeeld een of enkele camera&#8217;s of\u00a0 kleine antennes. De antennemast is niet geschikt voor zware toepassingen, gezien de WL4 VPMT54 niet met tuikabels wordt gesteund. Deze mast is universeel en verplaatsbaar. De mast staat stevig door het<\/p>\n<div class=\"klb-readmore button\"><a class=\"btn link\" href=\"https:\/\/webstore4.com\/de\/product\/wl4-vpmt54-telescopische-verplaatsbare-mast-54m\/\">Mehr lesen <i class=\"klbth-icon-right-arrow\"><\/i><\/a><\/div>","protected":false},"featured_media":15741,"comment_status":"open","ping_status":"closed","template":"","meta":[],"pwb-brand":[3380],"product_cat":[4464,4466],"product_tag":[],"class_list":{"0":"post-15740","1":"product","2":"type-product","3":"status-publish","4":"has-post-thumbnail","6":"pwb-brand-wl4","7":"product_cat-palen-en-masten","8":"product_cat-telescoop-masten","9":"product_shipping_class-pakket","10":"pa_hoogte-54-meter","11":"pa_merk-wl4","12":"pa_omgeving-binnen-en-buiten","14":"first","15":"onbackorder","16":"taxable","17":"shipping-taxable","18":"purchasable","19":"product-type-simple"},"brands":[{"id":3380,"name":"WL4","slug":"wl4"}],"_links":{"self":[{"href":"https:\/\/webstore4.com\/de\/wp-json\/wp\/v2\/product\/15740","targetHints":{"allow":["GET"]}}],"collection":[{"href":"https:\/\/webstore4.com\/de\/wp-json\/wp\/v2\/product"}],"about":[{"href":"https:\/\/webstore4.com\/de\/wp-json\/wp\/v2\/types\/product"}],"replies":[{"embeddable":true,"href":"https:\/\/webstore4.com\/de\/wp-json\/wp\/v2\/comments?post=15740"}],"wp:featuredmedia":[{"embeddable":true,"href":"https:\/\/webstore4.com\/de\/wp-json\/wp\/v2\/media\/15741"}],"wp:attachment":[{"href":"https:\/\/webstore4.com\/de\/wp-json\/wp\/v2\/media?parent=15740"}],"wp:term":[{"taxonomy":"pwb-brand","embeddable":true,"href":"https:\/\/webstore4.com\/de\/wp-json\/wp\/v2\/pwb-brand?post=15740"},{"taxonomy":"product_cat","embeddable":true,"href":"https:\/\/webstore4.com\/de\/wp-json\/wp\/v2\/product_cat?post=15740"},{"taxonomy":"product_tag","embeddable":true,"href":"https:\/\/webstore4.com\/de\/wp-json\/wp\/v2\/product_tag?post=15740"}],"curies":[{"name":"wp","href":"https:\/\/api.w.org\/{rel}","templated":true}]}}