{"id":15721,"date":"2024-02-19T14:07:17","date_gmt":"2024-02-19T13:07:17","guid":{"rendered":"https:\/\/webstore4.com\/?post_type=product&#038;p=15721"},"modified":"2024-04-19T15:22:06","modified_gmt":"2024-04-19T14:22:06","slug":"hikvision-ds-pdcm15pf-ir","status":"publish","type":"product","link":"https:\/\/webstore4.com\/de\/product\/hikvision-ds-pdcm15pf-ir\/","title":{"rendered":"Hikvision DS-PDCM15PF-IR AX PRO IR-Kamera f\u00fcr den drahtlosen Bewegungsmelder DS-PDTT15AM-LM-WE"},"content":{"rendered":"<div class=\"video-frame-box\" style=\"width: 100%; max-width: 480px; max-height: 270px; float: right; padding: 0px 10px 10px 10px;\">\n<div class=\"video-frame\"><iframe src=\"\/\/www.youtube.com\/embed\/AEH_-ssPE90?rel=0&amp;modestbranding=1&amp;showinfo=0&amp;autohide=1\" width=\"480\" height=\"270\" frameborder=\"0\"><\/iframe><\/div>\n<\/div>\n<p>De Hikvision DS-PDCM15PF-IR is een toevoeging voor de DS-PDTT15AM-LM-WE. Beide producten zijn onderdeel van het Hikvision AX PRO beveiligingssysteem. Hikvision AX PRO is een draadloos inbraak-, smart home en videoverificatiesysteem van Hikvision geschikt voor zowel woningen als bedrijfsgebouwen. Het AX PRO alarmsysteem bestaat uit een centrale alarm hub met en een brede keuze aan detectoren en andere accessoires, zoals slimme stekkers, repeaters, bedienpanelen, kaartlezers, sirene en een voedingsmodule.<\/p>\n<p>Das AX PRO-System funktioniert sehr einfach mit der Hik-Connect-App f\u00fcr Endbenutzer, die auch f\u00fcr andere Hikvision-Produkte wie IP-Kameras verwendet wird. Auf diese Weise k\u00f6nnen Sie als Kunde alle Hikvision-Produkte in einer Anwendung verwalten.<\/p>\n<p><strong>M\u00f6glichkeiten<\/strong><\/p>\n<p>De Hikvision DS-PDCM15PF-IR is een optionele camera die mee besteld kan worden bij de DS-PDTT15AM-LM-WE. De DS-PDTT15AM-LM-WE is onder dit artikel mee te bestellen onder &#8216;Opties&#8217;. De DS-PDCM15PF-IR is de camera die op en eventueel ook onder de bewegingsdetector geplaatst kan worden. Het is mogelijk om maximaal twee camera&#8217;s te verbinden met de DS-PDTT15AM-LM-WE. De camera\u00a0is voor gebruik in het Hikvision AX PRO alarmsysteem en werkt samen met de centrale van het Hikvision AX PRO alarmsysteem op een maximale afstand van 1600 meter in open ruimte.<\/p>\n<p>De camera beschikt over een IP66 weersbestendigheid en is dus ook voor gebruik in de buitenomgeving. De detector wordt veelal gemonteerd aan de gevel van een gebouw of woonhuis. Het detectiegebied van de detector kan worden ingesteld van 90 tot 180 graden en heeft een bereik tot vijftien meter. De DS-PDCM15PF-IR heeft een vaste lens van 2 mm. De camera kan op de juiste positie ingesteld worden en heeft een horizontale beeldhoek van 137,2 graden met een bereik van ongeveer 15 meter. In de nacht maakt de camera gebruik van IR-verlichting, waardoor er ook bij nacht duidelijke beelden zijn.<\/p>\n<p>Door gebruik van de 3D Digital Noise Reduction (3D NR), voorkomt de camera dat er geluiden worden ontvangen die ruis veroorzaken. De beelden worden in verschillende korte elementen (GIF) weergegeven in de applicatie. De voeding van de camera wordt direct verzorgd door de bewegingsdetector. Er is dus geen extra batterij of voeding nodig.<\/p>\n<p>WebStore4 ist offizieller H\u00e4ndler von Hikvision AX PRO. Wir liefern Hikvision AX PRO auf Selbstkonfigurationsbasis. F\u00fcr gr\u00f6\u00dfere Mengen k\u00f6nnen wir auf Anfrage einen wettbewerbsf\u00e4higeren Preis anbieten und auf Anfrage auch die Installation anbieten.<\/p>\n<p><strong>Wichtigste Funktionen<\/strong><\/p>\n<ul>\n<li>Verwaltung mit der Hik-Connect-Anwendung<\/li>\n<li>PIR camera detectie tot 15 meter<\/li>\n<li>Horizontale beeldhoek: 137,2 graden<\/li>\n<li>Kann drinnen und drau\u00dfen verwendet werden<\/li>\n<li>Empfohlene Montageh\u00f6he: 0,8 \u2013 1,2 Meter<\/li>\n<li>IP66 wetterfest<\/li>\n<li>Wei\u00df<\/li>\n<\/ul>\n<p><a href=\"https:\/\/webstore4.com\/Copyright\/\" target=\"_blank\" rel=\"noopener\"><span style=\"color: #ff6e03; font-size: 11px;\">\u00a9 Der Text ist urheberrechtlich gesch\u00fctzt<\/span><\/a><\/p>\n<p><iframe title=\"Drahtloser Dreifachsignaldetektor von Hikvision\" width=\"960\" height=\"540\" src=\"https:\/\/www.youtube.com\/embed\/mV7YeYt5oZA?feature=oembed&#038;enablejsapi=1&#038;origin=https:\/\/webstore4.com\" frameborder=\"0\" allow=\"accelerometer; autoplay; clipboard-write; encrypted-media; gyroscope; picture-in-picture; web-share\" allowfullscreen><\/iframe><\/p>","protected":false},"excerpt":{"rendered":"<p>De Hikvision DS-PDCM15PF-IR is een toevoeging voor de DS-PDTT15AM-LM-WE. Beide producten zijn onderdeel van het Hikvision AX PRO beveiligingssysteem. Hikvision AX PRO is een draadloos inbraak-, smart home en videoverificatiesysteem van Hikvision geschikt voor zowel woningen als bedrijfsgebouwen. Het AX PRO alarmsysteem bestaat uit een centrale alarm hub met en een brede keuze aan detectoren<\/p>\n<div class=\"klb-readmore button\"><a class=\"btn link\" href=\"https:\/\/webstore4.com\/de\/product\/hikvision-ds-pdcm15pf-ir\/\">Mehr lesen <i class=\"klbth-icon-right-arrow\"><\/i><\/a><\/div>","protected":false},"featured_media":15722,"comment_status":"open","ping_status":"closed","template":"","meta":[],"pwb-brand":[3367],"product_cat":[3466,4224,3483],"product_tag":[],"class_list":{"0":"post-15721","1":"product","2":"type-product","3":"status-publish","4":"has-post-thumbnail","6":"pwb-brand-hikvision","7":"product_cat-alarm","8":"product_cat-alarmsystemen","9":"product_cat-hikvision-ax-pro","10":"product_shipping_class-pakket","11":"pa_kleur-wit","12":"pa_merk-hikvision","13":"pa_product-accessoires","15":"first","16":"onbackorder","17":"taxable","18":"shipping-taxable","19":"purchasable","20":"product-type-simple"},"brands":[{"id":3367,"name":"Hikvision","slug":"hikvision"}],"_links":{"self":[{"href":"https:\/\/webstore4.com\/de\/wp-json\/wp\/v2\/product\/15721","targetHints":{"allow":["GET"]}}],"collection":[{"href":"https:\/\/webstore4.com\/de\/wp-json\/wp\/v2\/product"}],"about":[{"href":"https:\/\/webstore4.com\/de\/wp-json\/wp\/v2\/types\/product"}],"replies":[{"embeddable":true,"href":"https:\/\/webstore4.com\/de\/wp-json\/wp\/v2\/comments?post=15721"}],"wp:featuredmedia":[{"embeddable":true,"href":"https:\/\/webstore4.com\/de\/wp-json\/wp\/v2\/media\/15722"}],"wp:attachment":[{"href":"https:\/\/webstore4.com\/de\/wp-json\/wp\/v2\/media?parent=15721"}],"wp:term":[{"taxonomy":"pwb-brand","embeddable":true,"href":"https:\/\/webstore4.com\/de\/wp-json\/wp\/v2\/pwb-brand?post=15721"},{"taxonomy":"product_cat","embeddable":true,"href":"https:\/\/webstore4.com\/de\/wp-json\/wp\/v2\/product_cat?post=15721"},{"taxonomy":"product_tag","embeddable":true,"href":"https:\/\/webstore4.com\/de\/wp-json\/wp\/v2\/product_tag?post=15721"}],"curies":[{"name":"wp","href":"https:\/\/api.w.org\/{rel}","templated":true}]}}