{"id":15717,"date":"2024-02-19T13:43:58","date_gmt":"2024-02-19T12:43:58","guid":{"rendered":"https:\/\/webstore4.com\/?post_type=product&#038;p=15717"},"modified":"2024-04-19T15:22:06","modified_gmt":"2024-04-19T14:22:06","slug":"hikvision-ds-pdtt15am-lm-we","status":"publish","type":"product","link":"https:\/\/webstore4.com\/de\/product\/hikvision-ds-pdtt15am-lm-we\/","title":{"rendered":"Hikvision DS-PDTT15AM-LM-WE AX PRO Funk-Bewegungsmelder bis zu 15 Meter f\u00fcr den Au\u00dfenbereich IP65"},"content":{"rendered":"<div class=\"video-frame-box\" style=\"width: 100%; max-width: 480px; max-height: 270px; float: right; padding: 0px 10px 10px 10px;\">\n<div class=\"video-frame\"><iframe src=\"\/\/www.youtube.com\/embed\/AEH_-ssPE90?rel=0&amp;modestbranding=1&amp;showinfo=0&amp;autohide=1\" width=\"480\" height=\"270\" frameborder=\"0\"><\/iframe><\/div>\n<\/div>\n<p>Der Hikvision DS-PDTT15AM-LM-WE ist Teil des Hikvision AX PRO-Sicherheitssystems. Hikvision AX PRO ist ein drahtloses Einbruch-, Smart-Home- und Videoverifizierungssystem von Hikvision, das sowohl f\u00fcr Privath\u00e4user als auch f\u00fcr Gewerbegeb\u00e4ude geeignet ist. Das AX PRO-Alarmsystem besteht aus einem zentralen Alarm-Hub mit einer gro\u00dfen Auswahl an Detektoren und anderem Zubeh\u00f6r wie Smart Plugs, Repeatern, Bedienfeldern, Kartenlesern, Sirene und einem Strommodul.<\/p>\n<p>Das AX PRO-System funktioniert sehr einfach mit der Hik-Connect-App f\u00fcr Endbenutzer, die auch f\u00fcr andere Hikvision-Produkte wie IP-Kameras verwendet wird. Auf diese Weise k\u00f6nnen Sie als Kunde alle Hikvision-Produkte in einer Anwendung verwalten.<\/p>\n<p><strong>M\u00f6glichkeiten<\/strong><\/p>\n<p>Der Hikvision DS-PDTT15AM-LM-WE ist ein kabelloser Zwei-Wege-Dual-Detektor f\u00fcr den Au\u00dfenbereich. Der Kontakt ist f\u00fcr den Einsatz im Hikvision AX PRO-Alarmsystem vorgesehen und arbeitet mit der Zentraleinheit des Hikvision AX PRO-Alarmsystems in einer maximalen Entfernung von 1600 Metern im offenen Raum zusammen.<\/p>\n<p>Der kompakte DS-PDTT15AM-LM-WE ist als Melder f\u00fcr den Innen- und Au\u00dfenbereich gedacht. Da der Bewegungsmelder \u00fcber die Wetterbest\u00e4ndigkeit IP65 verf\u00fcgt, ist der Magnetkontakt auch ideal f\u00fcr den Einsatz im Au\u00dfenbereich geeignet. Der Melder wird h\u00e4ufig an der Fassade eines Geb\u00e4udes oder Hauses montiert. Der Erfassungsbereich l\u00e4sst sich von 90 bis 180 Grad verstellen und hat eine Reichweite von bis zu f\u00fcnfzehn Metern.<\/p>\n<p>Der kabellose Zwei-Wege-Dual-Detektor verf\u00fcgt au\u00dferdem \u00fcber eine Funktion, um Tiere von Benachrichtigungen auszuschlie\u00dfen. Der Bewegungsmelder verf\u00fcgt \u00fcber eine blaue LED-Anzeige, die im Alarmfall blau leuchtet. Der DS-PDC10AM-EG2-WE verf\u00fcgt au\u00dferdem \u00fcber eine Anti-Masking-Funktion, was bedeutet, dass bei Abdeckung des PIR sofort ein Signal an die AX PRO-Zentrale gesendet wird. Beim Abdecken des PIR leuchtet die LED gr\u00fcn-orange.<\/p>\n<p>Das Ger\u00e4t wird mit f\u00fcnf mitgelieferten CR123A-Batterien betrieben. Die Batterien haben eine gesch\u00e4tzte Lebensdauer von f\u00fcnf Jahren und sind leicht auszutauschen. Unter dem Reiter \u201eDokumentation\u201c gibt es einen Link zum Datenblatt und zur Produktseite des Herstellers mit Informationen zum Produkt. Der Dreifach-Bewegungsmelder kann mit einer Kamera, der DS-PDCM15PF-IR, erweitert werden, die unter \u201eOptionen\u201c enthalten ist.<\/p>\n<p>WebStore4 ist offizieller H\u00e4ndler von Hikvision AX PRO. Wir liefern Hikvision AX PRO auf Selbstkonfigurationsbasis. F\u00fcr gr\u00f6\u00dfere Mengen k\u00f6nnen wir auf Anfrage einen wettbewerbsf\u00e4higeren Preis anbieten und auf Anfrage auch die Installation anbieten.<\/p>\n<p><strong>Wichtigste Funktionen<\/strong><\/p>\n<ul>\n<li>Verwaltung mit der Hik-Connect-Anwendung<\/li>\n<li>Bewegungserkennung bis zu 15 Meter<\/li>\n<li>Kann drinnen und drau\u00dfen verwendet werden<\/li>\n<li>Kann in einem Freiraum von 1600 Metern an die AX PRO-Zentraleinheit angeschlossen werden<\/li>\n<li>Tierfreundlich bis 45 KG<\/li>\n<li>Empfohlene Montageh\u00f6he: 0,8 \u2013 1,2 Meter<\/li>\n<li>Batterien im Lieferumfang enthalten, Batterien sind von der Garantie ausgeschlossen<\/li>\n<li>IP65 wetterfest<\/li>\n<li>Wei\u00df<\/li>\n<\/ul>\n<p><a href=\"https:\/\/webstore4.com\/Copyright\/\" target=\"_blank\" rel=\"noopener\"><span style=\"color: #ff6e03; font-size: 11px;\">\u00a9 Der Text ist urheberrechtlich gesch\u00fctzt<\/span><\/a><\/p>\n<p><iframe title=\"Drahtloser Dreifachsignaldetektor von Hikvision\" width=\"960\" height=\"540\" src=\"https:\/\/www.youtube.com\/embed\/mV7YeYt5oZA?feature=oembed&#038;enablejsapi=1&#038;origin=https:\/\/webstore4.com\" frameborder=\"0\" allow=\"accelerometer; autoplay; clipboard-write; encrypted-media; gyroscope; picture-in-picture; web-share\" allowfullscreen><\/iframe><\/p>","protected":false},"excerpt":{"rendered":"<p>Der Hikvision DS-PDTT15AM-LM-WE ist Teil des Hikvision AX PRO-Sicherheitssystems. Hikvision AX PRO ist ein drahtloses Einbruch-, Smart-Home- und Videoverifizierungssystem von Hikvision, das sowohl f\u00fcr Privath\u00e4user als auch f\u00fcr Gewerbegeb\u00e4ude geeignet ist. Das AX PRO-Alarmsystem besteht aus einem zentralen Alarm-Hub mit einer gro\u00dfen Auswahl an Detektoren und anderem Zubeh\u00f6r wie Smart Plugs, Repeatern, Bedienfeldern, Kartenlesern, Sirene und einem Strommodul.<\/p>\n<div class=\"klb-readmore button\"><a class=\"btn link\" href=\"https:\/\/webstore4.com\/de\/product\/hikvision-ds-pdtt15am-lm-we\/\">Mehr lesen <i class=\"klbth-icon-right-arrow\"><\/i><\/a><\/div>","protected":false},"featured_media":15718,"comment_status":"open","ping_status":"closed","template":"","meta":[],"pwb-brand":[3367],"product_cat":[3466,4224,3483],"product_tag":[],"class_list":{"0":"post-15717","1":"product","2":"type-product","3":"status-publish","4":"has-post-thumbnail","6":"pwb-brand-hikvision","7":"product_cat-alarm","8":"product_cat-alarmsystemen","9":"product_cat-hikvision-ax-pro","10":"product_shipping_class-pakket","11":"pa_kleur-wit","12":"pa_merk-hikvision","13":"pa_product-bewegingsdetectie","15":"first","16":"onbackorder","17":"taxable","18":"shipping-taxable","19":"purchasable","20":"product-type-simple"},"brands":[{"id":3367,"name":"Hikvision","slug":"hikvision"}],"_links":{"self":[{"href":"https:\/\/webstore4.com\/de\/wp-json\/wp\/v2\/product\/15717","targetHints":{"allow":["GET"]}}],"collection":[{"href":"https:\/\/webstore4.com\/de\/wp-json\/wp\/v2\/product"}],"about":[{"href":"https:\/\/webstore4.com\/de\/wp-json\/wp\/v2\/types\/product"}],"replies":[{"embeddable":true,"href":"https:\/\/webstore4.com\/de\/wp-json\/wp\/v2\/comments?post=15717"}],"wp:featuredmedia":[{"embeddable":true,"href":"https:\/\/webstore4.com\/de\/wp-json\/wp\/v2\/media\/15718"}],"wp:attachment":[{"href":"https:\/\/webstore4.com\/de\/wp-json\/wp\/v2\/media?parent=15717"}],"wp:term":[{"taxonomy":"pwb-brand","embeddable":true,"href":"https:\/\/webstore4.com\/de\/wp-json\/wp\/v2\/pwb-brand?post=15717"},{"taxonomy":"product_cat","embeddable":true,"href":"https:\/\/webstore4.com\/de\/wp-json\/wp\/v2\/product_cat?post=15717"},{"taxonomy":"product_tag","embeddable":true,"href":"https:\/\/webstore4.com\/de\/wp-json\/wp\/v2\/product_tag?post=15717"}],"curies":[{"name":"wp","href":"https:\/\/api.w.org\/{rel}","templated":true}]}}