{"id":15707,"date":"2024-02-19T12:29:18","date_gmt":"2024-02-19T11:29:18","guid":{"rendered":"https:\/\/webstore4.com\/?post_type=product&#038;p=15707"},"modified":"2024-04-19T15:22:05","modified_gmt":"2024-04-19T14:22:05","slug":"hikvision-ds-pdcl12-eg2-we","status":"publish","type":"product","link":"https:\/\/webstore4.com\/de\/product\/hikvision-ds-pdcl12-eg2-we\/","title":{"rendered":"Hikvision DS-PDCL12-EG2-WE AX PRO draadloos plafond PIR bewegingsdetector"},"content":{"rendered":"<div class=\"video-frame-box\" style=\"width: 100%; max-width: 480px; max-height: 270px; float: right; padding: 0px 10px 10px 10px;\">\n<div class=\"video-frame\"><iframe src=\"\/\/www.youtube.com\/embed\/AEH_-ssPE90?rel=0&amp;modestbranding=1&amp;showinfo=0&amp;autohide=1\" width=\"480\" height=\"270\" frameborder=\"0\"><\/iframe><\/div>\n<\/div>\n<p>De Hikvision DS-PDCL12-EG2-WE is onderdeel van het Hikvision AX PRO beveiligingssysteem. Hikvision AX PRO is een draadloos inbraak-, smart home en videoverificatiesysteem van Hikvision geschikt voor zowel woningen als bedrijfsgebouwen. Het AX PRO alarmsysteem bestaat uit een centrale alarm hub met en een brede keuze aan detectoren en andere accessoires, zoals slimme stekkers, repeaters, bedienpanelen, kaartlezers, sirene en een voedingsmodule.<\/p>\n<p>Das AX PRO-System funktioniert sehr einfach mit der Hik-Connect-App f\u00fcr Endbenutzer, die auch f\u00fcr andere Hikvision-Produkte wie IP-Kameras verwendet wird. Auf diese Weise k\u00f6nnen Sie als Kunde alle Hikvision-Produkte in einer Anwendung verwalten.<\/p>\n<p><strong>M\u00f6glichkeiten<\/strong><\/p>\n<p>De Hikvision DS-PDCL12-EG2-WE is een draadloos tweeweg plafond PIR detector. Het contact is voor gebruik in het Hikvision AX PRO alarmsysteem en werkt samen met de centrale van het Hikvision AX PRO alarmsysteem op een maximale afstand van 1600 meter in open ruimte.<\/p>\n<p>Het compacte DS-PDCL12-EG2-WE is de ideale oplossing voor bewegingsdetectie aan het plafond. De bewegingsdetector kijkt 360 graden om zich heen in een straal tot 12 meter. Zo kunnen er met deze plafond PIR detector in \u00e9\u00e9n keer complete ruimtes worden beveiligd. Door de geavanceerde Smart Environmental Control (SEC) signaalverwerking is de gebruiker binnen twee seconden op de hoogte van indringers. De detector heeft zelf een blauw LED licht ter indicatie van het afgaan van het alarm.\u00a0Het plaatsen van de draadloze plafond bewegingsdetector is zeer eenvoudig. De bediening vind volledig plaats in de Hik-Connect applicatie.<\/p>\n<p>Het apparaat functioneert op een meegeleverde CR123A batterij. De batterij heeft een geschatte levensduur van vijf jaar en is eenvoudig te vervangen. Onder het tabblad &#8216;Documentatie&#8217; is een link opgenomen de datasheet en de product pagina van de fabrikant met informatie over het product.<\/p>\n<p>WebStore4 ist offizieller H\u00e4ndler von Hikvision AX PRO. Wir liefern Hikvision AX PRO auf Selbstkonfigurationsbasis. F\u00fcr gr\u00f6\u00dfere Mengen k\u00f6nnen wir auf Anfrage einen wettbewerbsf\u00e4higeren Preis anbieten und auf Anfrage auch die Installation anbieten.<\/p>\n<p><strong>Wichtigste Funktionen<\/strong><\/p>\n<ul>\n<li>Verwaltung mit der Hik-Connect-Anwendung<\/li>\n<li>Onopvallend en compacte plafond bewegingsdetector<\/li>\n<li>Kann in einem Freiraum von 1600 Metern an die AX PRO-Zentraleinheit angeschlossen werden<\/li>\n<li>Inklusive Batterie, Batterie ist von der Garantie ausgeschlossen<\/li>\n<li>Wei\u00df<\/li>\n<\/ul>\n<p><a href=\"https:\/\/webstore4.com\/Copyright\/\" target=\"_blank\" rel=\"noopener\"><span style=\"color: #ff6e03; font-size: 11px;\">\u00a9 Der Text ist urheberrechtlich gesch\u00fctzt<\/span><\/a><\/p>","protected":false},"excerpt":{"rendered":"<p>De Hikvision DS-PDCL12-EG2-WE is onderdeel van het Hikvision AX PRO beveiligingssysteem. Hikvision AX PRO is een draadloos inbraak-, smart home en videoverificatiesysteem van Hikvision geschikt voor zowel woningen als bedrijfsgebouwen. Het AX PRO alarmsysteem bestaat uit een centrale alarm hub met en een brede keuze aan detectoren en andere accessoires, zoals slimme stekkers, repeaters, bedienpanelen,<\/p>\n<div class=\"klb-readmore button\"><a class=\"btn link\" href=\"https:\/\/webstore4.com\/de\/product\/hikvision-ds-pdcl12-eg2-we\/\">Mehr lesen <i class=\"klbth-icon-right-arrow\"><\/i><\/a><\/div>","protected":false},"featured_media":15708,"comment_status":"open","ping_status":"closed","template":"","meta":[],"pwb-brand":[3367],"product_cat":[3466,4224,3483],"product_tag":[],"class_list":{"0":"post-15707","1":"product","2":"type-product","3":"status-publish","4":"has-post-thumbnail","6":"pwb-brand-hikvision","7":"product_cat-alarm","8":"product_cat-alarmsystemen","9":"product_cat-hikvision-ax-pro","10":"product_shipping_class-pakket","11":"pa_kleur-wit","12":"pa_merk-hikvision","13":"pa_product-bewegingsdetectie","15":"first","16":"onbackorder","17":"taxable","18":"shipping-taxable","19":"purchasable","20":"product-type-simple"},"brands":[{"id":3367,"name":"Hikvision","slug":"hikvision"}],"_links":{"self":[{"href":"https:\/\/webstore4.com\/de\/wp-json\/wp\/v2\/product\/15707","targetHints":{"allow":["GET"]}}],"collection":[{"href":"https:\/\/webstore4.com\/de\/wp-json\/wp\/v2\/product"}],"about":[{"href":"https:\/\/webstore4.com\/de\/wp-json\/wp\/v2\/types\/product"}],"replies":[{"embeddable":true,"href":"https:\/\/webstore4.com\/de\/wp-json\/wp\/v2\/comments?post=15707"}],"wp:featuredmedia":[{"embeddable":true,"href":"https:\/\/webstore4.com\/de\/wp-json\/wp\/v2\/media\/15708"}],"wp:attachment":[{"href":"https:\/\/webstore4.com\/de\/wp-json\/wp\/v2\/media?parent=15707"}],"wp:term":[{"taxonomy":"pwb-brand","embeddable":true,"href":"https:\/\/webstore4.com\/de\/wp-json\/wp\/v2\/pwb-brand?post=15707"},{"taxonomy":"product_cat","embeddable":true,"href":"https:\/\/webstore4.com\/de\/wp-json\/wp\/v2\/product_cat?post=15707"},{"taxonomy":"product_tag","embeddable":true,"href":"https:\/\/webstore4.com\/de\/wp-json\/wp\/v2\/product_tag?post=15707"}],"curies":[{"name":"wp","href":"https:\/\/api.w.org\/{rel}","templated":true}]}}