{"id":15697,"date":"2024-02-19T10:17:08","date_gmt":"2024-02-19T09:17:08","guid":{"rendered":"https:\/\/webstore4.com\/?post_type=product&#038;p=15697"},"modified":"2024-04-19T15:22:03","modified_gmt":"2024-04-19T14:22:03","slug":"hikvision-ds-pdsmk-e-we","status":"publish","type":"product","link":"https:\/\/webstore4.com\/de\/product\/hikvision-ds-pdsmk-e-we\/","title":{"rendered":"Hikvision DS-PDSMK-E-WE AX PRO draadloze rookdetector EN14604:2005\/AC:2008"},"content":{"rendered":"<div class=\"video-frame-box\" style=\"width: 100%; max-width: 480px; max-height: 270px; float: right; padding: 0px 10px 10px 10px;\">\n<div class=\"video-frame\"><iframe src=\"\/\/www.youtube.com\/embed\/AEH_-ssPE90?rel=0&amp;modestbranding=1&amp;showinfo=0&amp;autohide=1\" width=\"480\" height=\"270\" frameborder=\"0\"><\/iframe><\/div>\n<\/div>\n<p>De Hikvision DS-PDSMK-E-WE is onderdeel van het Hikvision AX PRO beveiligingssysteem.<br \/>\nHikvision AX PRO is een draadloos inbraak-, smart home en video verificatiesysteem van Hikvision geschikt voor zowel woningen als bedrijfsgebouwen. Het AX PRO alarmsysteem bestaat uit een centrale alarm hub met en een brede keuze aan detectoren en andere accessoires, zoals slimme stekkers, repeaters, bedienpanelen, kaartlezers, sirene en een voedingsmodule.<\/p>\n<p>Das AX PRO-System funktioniert sehr einfach mit der Hik-Connect-App f\u00fcr Endbenutzer, die auch f\u00fcr andere Hikvision-Produkte wie IP-Kameras verwendet wird. Auf diese Weise k\u00f6nnen Sie als Kunde alle Hikvision-Produkte in einer Anwendung verwalten.<\/p>\n<p><strong>M\u00f6glichkeiten<\/strong><\/p>\n<p>De Hikvision DS-PDSMK-E-WE is een draadloze rookdetector met ingebouwde sirene voor gebruik in het Hikvision AxPro alarmsysteem. Het contact is voor gebruik in het Hikvision AxPro alarmsysteem en werkt samen met de centrale van het Hikvision AX PRO alarmsysteem op een maximale afstand van 1600 meter in open ruimte. De rookdetector is onderscheidend doordat het beschikt over een hoge kwaliteit rookkamer met foto-elektrische sensor.<\/p>\n<p>Der Rauchmelder verf\u00fcgt \u00fcber einen eingebauten Summeralarm mit einer Summerlautst\u00e4rke von ca. 85 Dezibel, gemessen innerhalb von drei Metern. Der Sensor ist f\u00fcr den Innenbereich bestimmt und zeigt ein rotes LED-Licht an, wenn der Melder Rauch erkennt. Der Melder entspricht der Norm EN14604:2005\/AC:2008. Das EN-Zertifikat ist auf Anfrage bei uns erh\u00e4ltlich.<\/p>\n<p>Het apparaat functioneert op een meegeleverde CR123Abatterij en twee onvervangbare L91 batterijen. De CR123A batterij heeft een geschatte levensduur van tien jaar en is te vervangen. Onder het tabblad &#8216;Documentatie&#8217; is een link opgenomen de datasheet, quick start handleiding en de product pagina van de fabrikant met informatie over het product waaronder de uitgebreide handleiding.<\/p>\n<p>WebStore4 ist offizieller H\u00e4ndler von Hikvision AX PRO. Wir liefern Hikvision AX PRO auf Selbstkonfigurationsbasis. F\u00fcr gr\u00f6\u00dfere Mengen k\u00f6nnen wir auf Anfrage einen wettbewerbsf\u00e4higeren Preis anbieten und auf Anfrage auch die Installation anbieten.<\/p>\n<p><strong>Wichtigste Funktionen<\/strong><\/p>\n<ul>\n<li>Verwaltung mit der Hik-Connect-Anwendung<\/li>\n<li>Kann in einem Freiraum von 1600 Metern an die AX PRO-Zentraleinheit angeschlossen werden<\/li>\n<li>Norm EN14604:2005\/AC:2008<\/li>\n<li>Summer 85 dB<\/li>\n<li>Inklusive Batterie mit gesch\u00e4tzter Lebensdauer von 10 Jahren<\/li>\n<li>Wei\u00df<\/li>\n<\/ul>\n<p><a href=\"https:\/\/webstore4.com\/Copyright\/\" target=\"_blank\" rel=\"noopener\"><span style=\"color: #ff6e03; font-size: 11px;\">\u00a9 Der Text ist urheberrechtlich gesch\u00fctzt<\/span><\/a><\/p>","protected":false},"excerpt":{"rendered":"<p>De Hikvision DS-PDSMK-E-WE is onderdeel van het Hikvision AX PRO beveiligingssysteem. Hikvision AX PRO is een draadloos inbraak-, smart home en video verificatiesysteem van Hikvision geschikt voor zowel woningen als bedrijfsgebouwen. Het AX PRO alarmsysteem bestaat uit een centrale alarm hub met en een brede keuze aan detectoren en andere accessoires, zoals slimme stekkers, repeaters,<\/p>\n<div class=\"klb-readmore button\"><a class=\"btn link\" href=\"https:\/\/webstore4.com\/de\/product\/hikvision-ds-pdsmk-e-we\/\">Mehr lesen <i class=\"klbth-icon-right-arrow\"><\/i><\/a><\/div>","protected":false},"featured_media":15698,"comment_status":"open","ping_status":"closed","template":"","meta":[],"pwb-brand":[3367],"product_cat":[3466,4224,3483],"product_tag":[],"class_list":{"0":"post-15697","1":"product","2":"type-product","3":"status-publish","4":"has-post-thumbnail","6":"pwb-brand-hikvision","7":"product_cat-alarm","8":"product_cat-alarmsystemen","9":"product_cat-hikvision-ax-pro","10":"product_shipping_class-pakket","11":"pa_kleur-wit","12":"pa_merk-hikvision","13":"pa_product-branddetectie","14":"pa_product-rookmelder","16":"first","17":"onbackorder","18":"taxable","19":"shipping-taxable","20":"purchasable","21":"product-type-simple"},"brands":[{"id":3367,"name":"Hikvision","slug":"hikvision"}],"_links":{"self":[{"href":"https:\/\/webstore4.com\/de\/wp-json\/wp\/v2\/product\/15697","targetHints":{"allow":["GET"]}}],"collection":[{"href":"https:\/\/webstore4.com\/de\/wp-json\/wp\/v2\/product"}],"about":[{"href":"https:\/\/webstore4.com\/de\/wp-json\/wp\/v2\/types\/product"}],"replies":[{"embeddable":true,"href":"https:\/\/webstore4.com\/de\/wp-json\/wp\/v2\/comments?post=15697"}],"wp:featuredmedia":[{"embeddable":true,"href":"https:\/\/webstore4.com\/de\/wp-json\/wp\/v2\/media\/15698"}],"wp:attachment":[{"href":"https:\/\/webstore4.com\/de\/wp-json\/wp\/v2\/media?parent=15697"}],"wp:term":[{"taxonomy":"pwb-brand","embeddable":true,"href":"https:\/\/webstore4.com\/de\/wp-json\/wp\/v2\/pwb-brand?post=15697"},{"taxonomy":"product_cat","embeddable":true,"href":"https:\/\/webstore4.com\/de\/wp-json\/wp\/v2\/product_cat?post=15697"},{"taxonomy":"product_tag","embeddable":true,"href":"https:\/\/webstore4.com\/de\/wp-json\/wp\/v2\/product_tag?post=15697"}],"curies":[{"name":"wp","href":"https:\/\/api.w.org\/{rel}","templated":true}]}}